{"id":10123,"date":"2021-12-05T02:29:41","date_gmt":"2021-12-05T01:29:41","guid":{"rendered":"https:\/\/stularplus.com\/etiketten-einzeilig-weis-26x12mm\/"},"modified":"2025-10-17T15:33:32","modified_gmt":"2025-10-17T13:33:32","slug":"etiketten-einzeilig-weis-26x12mm","status":"publish","type":"product","link":"https:\/\/stularplus.com\/de\/etiketten-einzeilig-weis-26x12mm\/","title":{"rendered":"ETIKETTEN, einzeilig wei\u00df 26x12mm"},"content":{"rendered":"<p>Hochwertige <strong>Etiketten<\/strong> werden in Italien hergestellt. <strong>Etiketten<\/strong> f\u00fcr einzeilige <strong>Preisauszeichner CAS1\/8<\/strong>. Etiketten werden h\u00e4ufig f\u00fcr die Preisauszeichnung, Preisreduzierung, Neuauszeichnung, Datumskodierung und Qualit\u00e4tskontrolle verwendet. <\/p>\n<p>Rolle enth\u00e4lt: 1.000 Etiketten<br \/>\nAbmessung: 26&#215;12 mm<br \/>\nFarbe: wei\u00df<\/p>\n<p><strong>Profitieren Sie von Mengenrabatten!<\/strong><\/p>\n","protected":false},"excerpt":{"rendered":"<p><b>Wei\u00dfe Etiketten<\/b> 26x12mm, permanent, f\u00fcr einzeilige Preisauszeichner. Hochwertige Etiketten, hergestellt in Italien. <g id=\"gid_1\">Etiketten<\/g> sind f\u00fcr einzeilige Preisauszeichner. Preis pro Rolle (1.000 Etiketten).  <\/p>\n","protected":false},"featured_media":10124,"template":"","meta":[],"product_cat":[233],"product_tag":[],"_links":{"self":[{"href":"https:\/\/stularplus.com\/de\/wp-json\/wp\/v2\/product\/10123"}],"collection":[{"href":"https:\/\/stularplus.com\/de\/wp-json\/wp\/v2\/product"}],"about":[{"href":"https:\/\/stularplus.com\/de\/wp-json\/wp\/v2\/types\/product"}],"wp:featuredmedia":[{"embeddable":true,"href":"https:\/\/stularplus.com\/de\/wp-json\/wp\/v2\/media\/10124"}],"wp:attachment":[{"href":"https:\/\/stularplus.com\/de\/wp-json\/wp\/v2\/media?parent=10123"}],"wp:term":[{"taxonomy":"product_cat","embeddable":true,"href":"https:\/\/stularplus.com\/de\/wp-json\/wp\/v2\/product_cat?post=10123"},{"taxonomy":"product_tag","embeddable":true,"href":"https:\/\/stularplus.com\/de\/wp-json\/wp\/v2\/product_tag?post=10123"}],"curies":[{"name":"wp","href":"https:\/\/api.w.org\/{rel}","templated":true}]}}