{"id":10126,"date":"2021-12-05T02:29:40","date_gmt":"2021-12-05T01:29:40","guid":{"rendered":"https:\/\/stularplus.com\/etiketten-fur-applikatoren\/"},"modified":"2025-10-17T15:33:05","modified_gmt":"2025-10-17T13:33:05","slug":"etiketten-fur-applikatoren","status":"publish","type":"product","link":"https:\/\/stularplus.com\/de\/etiketten-fur-applikatoren\/","title":{"rendered":"Etiketten f\u00fcr Applikatoren"},"content":{"rendered":"<p>Wir bieten alle Arten von Etiketten f\u00fcr Drucker an.<\/p>\n<p>&#8211; Wir entwerfen, drucken und konfektionieren Etiketten<br \/>\n&#8211; Hergestellt aus verschiedenen Materialien und in unterschiedlichen Abmessungen<br \/>\n&#8211; Gem\u00e4\u00df Ihren W\u00fcnschen und Anforderungen.<\/p>\n<p>Senden Sie uns Ihre Anfrage per E-Mail und wir unterbreiten Ihnen ein Angebot.<\/p>\n<p>Angaben:<br \/>\n&#8211; die gew\u00fcnschte Breite, H\u00f6he und L\u00e4nge des Etiketts<br \/>\n&#8211; gew\u00fcnschter Klebstoff<br \/>\n&#8211; gew\u00fcnschte Rollenaufmachung der Etiketten<\/p>\n","protected":false},"excerpt":{"rendered":"<p id=\"ucc-2\" class=\"oBOnKe\">Selbstklebeetiketten f\u00fcr Etikettenapplikatoren.<\/p>\n","protected":false},"featured_media":10128,"template":"","meta":[],"product_cat":[219],"product_tag":[],"_links":{"self":[{"href":"https:\/\/stularplus.com\/de\/wp-json\/wp\/v2\/product\/10126"}],"collection":[{"href":"https:\/\/stularplus.com\/de\/wp-json\/wp\/v2\/product"}],"about":[{"href":"https:\/\/stularplus.com\/de\/wp-json\/wp\/v2\/types\/product"}],"wp:featuredmedia":[{"embeddable":true,"href":"https:\/\/stularplus.com\/de\/wp-json\/wp\/v2\/media\/10128"}],"wp:attachment":[{"href":"https:\/\/stularplus.com\/de\/wp-json\/wp\/v2\/media?parent=10126"}],"wp:term":[{"taxonomy":"product_cat","embeddable":true,"href":"https:\/\/stularplus.com\/de\/wp-json\/wp\/v2\/product_cat?post=10126"},{"taxonomy":"product_tag","embeddable":true,"href":"https:\/\/stularplus.com\/de\/wp-json\/wp\/v2\/product_tag?post=10126"}],"curies":[{"name":"wp","href":"https:\/\/api.w.org\/{rel}","templated":true}]}}