{"id":10134,"date":"2023-11-24T13:21:57","date_gmt":"2023-11-24T12:21:57","guid":{"rendered":"https:\/\/stularplus.com\/70-mm-feine-befestigungselemente-aus-100-recyclingmaterial\/"},"modified":"2025-10-17T15:31:00","modified_gmt":"2025-10-17T13:31:00","slug":"70-mm-feine-befestigungselemente-aus-100-recyclingmaterial","status":"publish","type":"product","link":"https:\/\/stularplus.com\/de\/70-mm-feine-befestigungselemente-aus-100-recyclingmaterial\/","title":{"rendered":"70 mm feine Befestigungselemente aus 100 % Recyclingmaterial"},"content":{"rendered":"<p><strong>NACHHALTIGE L\u00d6SUNG ZUR ETIKETTIERUNG VON BEKLEIDUNG<\/strong><\/p>\n<p><em>Die Reduzierung von kleinem Plastikm\u00fcll ist genauso wichtig wie die Reduzierung von gro\u00dfem M\u00fcll.<\/em><\/p>\n<p>Unser Partner <strong>Avery Dennison<\/strong> pr\u00e4sentiert <strong>ECOTACH<\/strong>\u2122. <strong>Recycelte Befestigungselemente<\/strong> erf\u00fcllen die Bed\u00fcrfnisse von umweltbewussten Einzelh\u00e4ndlern, Markeninhabern, Herstellern und Verbrauchern, die ihren \u00f6kologischen Fu\u00dfabdruck reduzieren m\u00f6chten.<\/p>\n<p><strong>Die Ecotach<\/strong>\u2122 rPP <strong>recycelten Befestigungselemente<\/strong> sind eine weltweit einzigartige Innovation und tragen dazu bei, die Menge an Einwegplastik, die in die Umwelt gelangt, zu reduzieren.<\/p>\n<p>Diese Befestigungselemente werden aus 100 % Post-Consumer-Abf\u00e4llen aus durchsichtigen Einweg-Kunststoffbeh\u00e4ltern f\u00fcr Speisen zum Mitnehmen hergestellt. Die Mehrheit dieser Befestigungselemente ist nach dem Global Recycled Standard (GRS) zertifiziert. <\/p>\n<p>Mit dem Kauf von rPP-Befestigungselementen von Avery Dennison helfen Sie unserem Planeten auf zweierlei Weise:<\/p>\n<p>1. Entfernen und Wiederverwenden von Kunststoffabf\u00e4llen aus dem Abfallstrom.<\/p>\n<p>2. Den Kreislauf schlie\u00dfen \u2013 Wir entwickeln achtsam Innovationen mit dem Ziel, wirklich nachhaltige L\u00f6sungen zu schaffen. Wir ber\u00fccksichtigen die gesamte Wertsch\u00f6pfungskette<br \/>\nund unterst\u00fctzen die Unternehmen, die die Kunststoffabf\u00e4lle der Welt sammeln, reinigen und erneut zu Pellets verarbeiten. <\/p>\n<p>Unsere Produkte mit 30 % und 100 % rPP sind so konzipiert, dass sie unseren Recyclinganteil maximieren und gleichzeitig die Produktleistung erhalten, die unsere Kunden ben\u00f6tigen. Unsere rPP-Befestigungselemente erf\u00fcllen die gleichen Spezifikationen wie unsere neuen Befestigungselemente in den folgenden wichtigen Punkten: <\/p>\n<p>\u2713 zuverl\u00e4ssige Zugfestigkeit<br \/>\n\u2713 optimale Haltbarkeit<br \/>\n\u2713 niedrige T-Bar-Abflugraten<\/p>\n<p>Wussten Sie, dass jedes Jahr 80 Milliarden Kleidungsst\u00fccke hergestellt werden und 90 % davon ein Einweg-Kunststoffbefestigungselement haben, was zu 72 Milliarden Kunststoffbefestigungselementen f\u00fchrt, die jedes Jahr f\u00fcr die Bekleidungsindustrie hergestellt werden?<\/p>\n<p><strong>Recycelte Befestigungselemente k\u00f6nnen einen Unterschied machen<\/strong><br \/>\nDer Wechsel zu unserer Ecotach\u2122-Recycling-Polypropylen(rPP)-Etikettierl\u00f6sung kann im Vergleich zur Verwendung von neuen Polypropylen(PP)-Befestigungselementen einen gro\u00dfen Einfluss auf Kunststoffabf\u00e4lle haben.<\/p>\n<p><strong>ES IST ZEIT, DIESEN GAME-CHANGER IN DER WELT DER ETIKETTIERUNG ZU UNTERST\u00dcTZEN.<\/strong><\/p>\n<p>W\u00e4hlen Sie die beste nachhaltige Etikettiermethode, indem Sie biologisch abbaubare Befestigungselemente und energiesparende Tagson-Etikettiermaschinen verwenden!<\/p>\n","protected":false},"excerpt":{"rendered":"<p><b>Feine Stoffbefestigungselemente aus 100 % Recyclingmaterial.<\/b> Geringere Umweltbelastung durch die Wahl von <strong>RECYCELTEN Befestigungselementen.<\/strong> Der Preis gilt pro Schachtel mit 10.000 St\u00fcck.<\/p>\n","protected":false},"featured_media":9614,"template":"","meta":[],"product_cat":[255,213],"product_tag":[],"_links":{"self":[{"href":"https:\/\/stularplus.com\/de\/wp-json\/wp\/v2\/product\/10134"}],"collection":[{"href":"https:\/\/stularplus.com\/de\/wp-json\/wp\/v2\/product"}],"about":[{"href":"https:\/\/stularplus.com\/de\/wp-json\/wp\/v2\/types\/product"}],"wp:featuredmedia":[{"embeddable":true,"href":"https:\/\/stularplus.com\/de\/wp-json\/wp\/v2\/media\/9614"}],"wp:attachment":[{"href":"https:\/\/stularplus.com\/de\/wp-json\/wp\/v2\/media?parent=10134"}],"wp:term":[{"taxonomy":"product_cat","embeddable":true,"href":"https:\/\/stularplus.com\/de\/wp-json\/wp\/v2\/product_cat?post=10134"},{"taxonomy":"product_tag","embeddable":true,"href":"https:\/\/stularplus.com\/de\/wp-json\/wp\/v2\/product_tag?post=10134"}],"curies":[{"name":"wp","href":"https:\/\/api.w.org\/{rel}","templated":true}]}}