{"id":10154,"date":"2021-12-05T02:29:51","date_gmt":"2021-12-05T01:29:51","guid":{"rendered":"https:\/\/stularplus.com\/einzeiliger-handetikettierer-8-stellig-premium\/"},"modified":"2025-10-17T15:31:37","modified_gmt":"2025-10-17T13:31:37","slug":"einzeiliger-handetikettierer-8-stellig-premium","status":"publish","type":"product","link":"https:\/\/stularplus.com\/de\/einzeiliger-handetikettierer-8-stellig-premium\/","title":{"rendered":"EINZEILIGER HANDETIKETTIERER \u2013 8-stellig, Premium"},"content":{"rendered":"<p><strong>Handetikettierer Avery Dennison CAS 1\/8<br \/>\n<\/strong><\/p>\n<p><strong>Handetikettierer<\/strong> einzeilig \u2013 8-stellig, mit Zahlen und W\u00e4hrungssymbolen f\u00fcr \u20ac, \u00a3,&#8230;<\/p>\n<p><strong>Die Avery Dennison Preisauszeichnungszange<\/strong> bietet ein ergonomisches, leichtes Design in Kombination mit der Haltbarkeit schlagfester Kunststoffe. Unsere Etikettierer werden h\u00e4ufig f\u00fcr Preisauszeichnung, Preisreduzierung, Umzeichnung, Datumskodierung und Qualit\u00e4tskontrolle eingesetzt. Avery Dennison Handetikettierer werden von Einzelh\u00e4ndlern weltweit f\u00fcr ihre Preisetiketten verwendet.  <\/p>\n<p><strong>Allgemeine Spezifikationen:<\/strong><\/p>\n<p>Bedienungsmethode: <strong>dr\u00fccken<\/strong>, <strong>loslassen<\/strong> und <strong>anbringen<\/strong><\/p>\n<p>Druckrichtung: <strong>Querformat<\/strong> (horizontaler Druck)<\/p>\n<p>Druckanzeige: <strong>1234567890<\/strong><\/p>\n<p>Anzeige von W\u00e4hrungen\/Symbolen: <strong>\u20ac, \u00a3, Fr, Kr,YTL, TL, KC, PY\u0411, K\u043f, \u0414NH, \u041bB, Lei, Z\u0141<\/strong><\/p>\n<p>Druckzeilen: <strong>1<\/strong><\/p>\n<p>Max. B\u00e4nder in der Reihe: <strong>8<\/strong> <\/p>\n<p><strong>Eigenschaften:<\/strong><\/p>\n<p><strong>Einfachheit<\/strong><\/p>\n<p>Der Avery Dennison Handetikettierer LC1\/8 ist sehr einfach zu bedienen. Laden Sie einfach Ihre Etiketten, stellen Sie den Produktpreis ein und beginnen Sie mit dem Etikettieren. <\/p>\n<p><strong>Tragbarkeit<\/strong><\/p>\n<p>Die Preisauszeichnungszange Avery Dennison LC1\/8 ist sehr leicht, da sie voll beladen nur 0,36 kg wiegt. Dank des kompakten Designs kann sie frei in Ihrem Gesch\u00e4ft transportiert und \u00fcberall in Ihrem Gesch\u00e4ft einfach verwendet werden. <\/p>\n<p><strong>Vielseitigkeit<\/strong><\/p>\n<p><span id=\"result_box\" lang=\"en\"><span class=\"hps\">Der Handetikettierer<\/span> <span class=\"hps\">Avery<\/span> <span class=\"hps\">Dennison<\/span> LC1\/8 <span class=\"hps\">ist mehr als nur<\/span> <span class=\"hps\">ein Auszeichner<\/span> von <span class=\"hps\">Preisen<\/span>. <span class=\"hps\">Sie k\u00f6nnen ihn<\/span> <span class=\"hps\">f\u00fcr verschiedene Zwecke<\/span> verwenden, z.B. f\u00fcr schnelle <span class=\"hps\">Aktionen<\/span> <span class=\"hps\">in<\/span> <span class=\"hps\">Einzelhandelsregalen<\/span> <span class=\"hps\">wie<\/span> <span class=\"hps\">Preissenkungen<\/span> oder Sonderangebote.<\/span><\/p>\n<p><strong>Vielfalt<\/strong><\/p>\n<p>Sie k\u00f6nnen <span id=\"result_box\" lang=\"en\"><span class=\"hps\">aus<\/span> <span class=\"hps\">unserer<\/span> <span class=\"hps\">gro\u00dfen Auswahl an<\/span> <span class=\"hps\">Etiketten<\/span> w\u00e4hlen. <span class=\"hps\">Verschiedene Farben<\/span>, <span class=\"hps\">verschiedene Zwecke<\/span>, <span class=\"hps\">abl\u00f6sbare<\/span> oder nicht abl\u00f6sbare Etiketten, <span class=\"hps\">wo<\/span> <span class=\"hps\">Sicherheit wichtig ist<\/span>, zum Beispiel.<\/span><\/p>\n<p><strong>Zuverl\u00e4ssigkeit<\/strong><\/p>\n<p><span id=\"result_box\" lang=\"en\"><span class=\"hps\">Avery<\/span> <span class=\"hps\">Dennison<\/span> <span class=\"hps\">ist eine Marke, die<\/span> <span class=\"hps\">pr\u00e4sent ist<\/span> <span class=\"hps\">auf dem Weltmarkt<\/span> <span class=\"hps\">seit<\/span> <span class=\"hps\">1960<\/span>. <span class=\"hps\">Sie ist ein Synonym f\u00fcr<\/span> <span class=\"hps\">Qualit\u00e4t und<\/span> <span class=\"hps\">in der Branche<\/span> <span class=\"hps\">unverzichtbar<\/span>.<\/span><\/p>\n<p>Gewicht:<br \/>\n0,36 kg\/Stk.<\/p>\n","protected":false},"excerpt":{"rendered":"<p>Avery Dennison Preisauszeichnungszange. Einzeilig, 8-stellig. Perfekt zum Auszeichnen von Produkten mit Preis, Datum, Code usw. PREMIUM QUALIT\u00c4T.   <\/p>\n","protected":false},"featured_media":10159,"template":"","meta":[],"product_cat":[236],"product_tag":[],"_links":{"self":[{"href":"https:\/\/stularplus.com\/de\/wp-json\/wp\/v2\/product\/10154"}],"collection":[{"href":"https:\/\/stularplus.com\/de\/wp-json\/wp\/v2\/product"}],"about":[{"href":"https:\/\/stularplus.com\/de\/wp-json\/wp\/v2\/types\/product"}],"wp:featuredmedia":[{"embeddable":true,"href":"https:\/\/stularplus.com\/de\/wp-json\/wp\/v2\/media\/10159"}],"wp:attachment":[{"href":"https:\/\/stularplus.com\/de\/wp-json\/wp\/v2\/media?parent=10154"}],"wp:term":[{"taxonomy":"product_cat","embeddable":true,"href":"https:\/\/stularplus.com\/de\/wp-json\/wp\/v2\/product_cat?post=10154"},{"taxonomy":"product_tag","embeddable":true,"href":"https:\/\/stularplus.com\/de\/wp-json\/wp\/v2\/product_tag?post=10154"}],"curies":[{"name":"wp","href":"https:\/\/api.w.org\/{rel}","templated":true}]}}