{"id":10167,"date":"2022-03-11T10:05:09","date_gmt":"2022-03-11T09:05:09","guid":{"rendered":"https:\/\/stularplus.com\/buttoneer-nachfullpackung-100-stuck\/"},"modified":"2025-10-17T15:32:44","modified_gmt":"2025-10-17T13:32:44","slug":"buttoneer-nachfullpackung-100-stuck","status":"publish","type":"product","link":"https:\/\/stularplus.com\/de\/buttoneer-nachfullpackung-100-stuck\/","title":{"rendered":"BUTTONEER NACHF\u00dcLLPACKUNG (100 St\u00fcck)"},"content":{"rendered":"","protected":false},"excerpt":{"rendered":"<p><em>Nachf\u00fcllpackung<\/em> f\u00fcr das <em>Buttoneer<\/em> Befestigungssystem; 100er-Packung.<\/p>\n","protected":false},"featured_media":10168,"template":"","meta":[],"product_cat":[253],"product_tag":[],"_links":{"self":[{"href":"https:\/\/stularplus.com\/de\/wp-json\/wp\/v2\/product\/10167"}],"collection":[{"href":"https:\/\/stularplus.com\/de\/wp-json\/wp\/v2\/product"}],"about":[{"href":"https:\/\/stularplus.com\/de\/wp-json\/wp\/v2\/types\/product"}],"wp:featuredmedia":[{"embeddable":true,"href":"https:\/\/stularplus.com\/de\/wp-json\/wp\/v2\/media\/10168"}],"wp:attachment":[{"href":"https:\/\/stularplus.com\/de\/wp-json\/wp\/v2\/media?parent=10167"}],"wp:term":[{"taxonomy":"product_cat","embeddable":true,"href":"https:\/\/stularplus.com\/de\/wp-json\/wp\/v2\/product_cat?post=10167"},{"taxonomy":"product_tag","embeddable":true,"href":"https:\/\/stularplus.com\/de\/wp-json\/wp\/v2\/product_tag?post=10167"}],"curies":[{"name":"wp","href":"https:\/\/api.w.org\/{rel}","templated":true}]}}