{"id":10172,"date":"2022-03-16T12:49:46","date_gmt":"2022-03-16T11:49:46","guid":{"rendered":"https:\/\/stularplus.com\/mkiii-pg-tool-standard-premium\/"},"modified":"2025-10-17T15:31:06","modified_gmt":"2025-10-17T13:31:06","slug":"mkiii-pg-tool-standard-premium","status":"publish","type":"product","link":"https:\/\/stularplus.com\/de\/mkiii-pg-tool-standard-premium\/","title":{"rendered":"MKIII PG TOOL Standard \u2013 Premium"},"content":{"rendered":"<p>Die <strong>Avery Dennison Mark III Pistol Grip Tool<\/strong> Etikettierpistole ist eine der <strong>besten Kimble Etikettierpistolen<\/strong> auf dem Markt. Diese <strong>Kimble Etikettierpistole<\/strong> wird von den meisten Industrieherstellern empfohlen. Einfach den Abzug bet\u00e4tigen, und die Etiketten werden schnell und einfach angebracht.  <\/p>\n<p><strong>Avery Dennison Kimble Etikettierpistolen<\/strong> sind mit den meisten <strong>Kunststoffbefestigungen<\/strong> (Stiften) anderer Hersteller kompatibel.<\/p>\n<p>Avery Dennison bietet Ihnen die <strong>hochwertigsten Kimble Etikettierpistolen<\/strong> auf dem Markt. Sie wurde in den fr\u00fchen 1960er Jahren von Dennison erfunden und ist nach wie vor die bevorzugte Methode der Industrie zum Anbringen von Etiketten. <\/p>\n<p><strong>Befestigungsl\u00f6sung<\/strong>en mit der Avery Dennison <strong>Etikettierpistole<\/strong> bieten Herstellern und Einzelh\u00e4ndlern eine hochwertige und kosteng\u00fcnstige M\u00f6glichkeit, mit ihren Kunden in Kontakt zu treten. Ein einfach zu bedienendes Werkzeug liefert eine <strong>Kunststoffbefestigung<\/strong>, mit der sie Produktvorteile, Preise, detaillierte Anweisungen und sogar die Markenidentit\u00e4t kommunizieren k\u00f6nnen. <\/p>\n<p>Ergonomisch gestaltet f\u00fcr <strong>maximalen Komfort<\/strong>, die Pistole ist leicht, aber dennoch robust. F\u00fcr die Verwendung mit Standard- und mittelschweren Stoffen. <strong>Etikettier<\/strong>heftf\u00e4den und Ersatznadeln sind separat erh\u00e4ltlich. <\/p>\n<p>-Verwendet Standard- und <strong>SWIFTACH PLUS Befestigungen<\/strong>.<br \/>\n-Hergestellt aus hochwertigen Materialien f\u00fcr Haltbarkeit und langen, zuverl\u00e4ssigen Betrieb.<br \/>\n-Lanyard-Clips werden sicher am Griff befestigt, h\u00e4lt den Nadelschutz griffbereit.<br \/>\n-Die modifizierte Pistolengriff-Form hat ein verbessertes Gef\u00fchl, leichteres Zusammendr\u00fccken.<\/p>\n<p><strong>Inhalt:<\/strong><br \/>\n1 Avery Dennison Mark III Pistol Grip Etikettierpistole mit Sicherheitskappe<br \/>\n1 Avery Dennison Ersatznadel<\/p>\n<p>Gewicht:<br \/>\n0,12 kg\/St\u00fcck<\/p>\n<p><strong>Ben\u00f6tigen Sie einen besseren Preis? Bitte kontaktieren Sie uns f\u00fcr Mengenrabatte.<br \/>\n<\/strong><\/p>\n","protected":false},"excerpt":{"rendered":"<p><b>MKIII PG Standard Pistol Grip Tool<\/b> \u2013 das beste <strong>Kimble-<\/strong><b>Etikettierwerkzeug<\/b> f\u00fcr Hemden, Jeans, Socken und alle Arten von anderen Stoffen und Materialien. <strong>PREMIUM Qualit\u00e4t.<\/strong><\/p>\n<p>&nbsp;<\/p>\n","protected":false},"featured_media":10173,"template":"","meta":[],"product_cat":[234],"product_tag":[],"_links":{"self":[{"href":"https:\/\/stularplus.com\/de\/wp-json\/wp\/v2\/product\/10172"}],"collection":[{"href":"https:\/\/stularplus.com\/de\/wp-json\/wp\/v2\/product"}],"about":[{"href":"https:\/\/stularplus.com\/de\/wp-json\/wp\/v2\/types\/product"}],"wp:featuredmedia":[{"embeddable":true,"href":"https:\/\/stularplus.com\/de\/wp-json\/wp\/v2\/media\/10173"}],"wp:attachment":[{"href":"https:\/\/stularplus.com\/de\/wp-json\/wp\/v2\/media?parent=10172"}],"wp:term":[{"taxonomy":"product_cat","embeddable":true,"href":"https:\/\/stularplus.com\/de\/wp-json\/wp\/v2\/product_cat?post=10172"},{"taxonomy":"product_tag","embeddable":true,"href":"https:\/\/stularplus.com\/de\/wp-json\/wp\/v2\/product_tag?post=10172"}],"curies":[{"name":"wp","href":"https:\/\/api.w.org\/{rel}","templated":true}]}}