{"id":10182,"date":"2022-03-10T12:42:20","date_gmt":"2022-03-10T11:42:20","guid":{"rendered":"https:\/\/stularplus.com\/krepppapier-in-allen-grosen-erhaltlich\/"},"modified":"2025-10-21T21:29:22","modified_gmt":"2025-10-21T19:29:22","slug":"krepppapier-in-allen-grosen-erhaltlich","status":"publish","type":"product","link":"https:\/\/stularplus.com\/de\/krepppapier-in-allen-grosen-erhaltlich\/","title":{"rendered":"Krepppapier \u2013 in allen Gr\u00f6\u00dfen erh\u00e4ltlich"},"content":{"rendered":"<p><span dir=\"ltr\" role=\"presentation\">F\u00fcr bandgen\u00e4hte Verschl\u00fcsse hat Fischbein<\/span> <span dir=\"ltr\" role=\"presentation\">ein hochwertiges Krepppapier entwickelt f\u00fcr<\/span> <span dir=\"ltr\" role=\"presentation\">tragbare und Hochleistungsmaschinen. Die hohe <\/span><br role=\"presentation\"><span dir=\"ltr\" role=\"presentation\">Leistungsf\u00e4higkeit des Papiers bietet sehr gute<\/span> <span dir=\"ltr\" role=\"presentation\">Dehnungs- und Zugeigenschaften, um eine hohe<\/span> <span dir=\"ltr\" role=\"presentation\">Effizienz auf jeder Maschine zu gew\u00e4hrleisten.<\/span><\/p>\n<p><span dir=\"ltr\" role=\"presentation\">\u2022<\/span> <span dir=\"ltr\" role=\"presentation\">Erh\u00e4ltliche Farben: Wei\u00df, Naturbeige,<\/span> <span dir=\"ltr\" role=\"presentation\">Schwarz, Gr\u00fcn, Rot, Blau und Gelb<\/span><br role=\"presentation\"><span dir=\"ltr\" role=\"presentation\">\u2022<\/span> <span dir=\"ltr\" role=\"presentation\">Au\u00dfenverpackung: Kartonagen oder<\/span> <span dir=\"ltr\" role=\"presentation\">Rollen<\/span><br role=\"presentation\"><span dir=\"ltr\" role=\"presentation\">\u2022<\/span> <span dir=\"ltr\" role=\"presentation\">M\u00f6glichkeit zur Lieferung von bedrucktem Krepppapier<\/span> <span dir=\"ltr\" role=\"presentation\">zur eindeutigen Identifizierung Ihrer Chargen<\/span><\/p>\n<p>F\u00fcr ein Angebot kontaktieren Sie uns bitte, und wir erstellen Ihnen ein wettbewerbsf\u00e4higes Angebot.<\/p>\n","protected":false},"excerpt":{"rendered":"<p>PREMIUM Crepe paper f<span dir=\"ltr\" role=\"presentation\">or the tape sewn closures<\/span>. In our offer we have all kind of sizes, colors, etc. Need competitive price? Contact us.<\/p>\n","protected":false},"featured_media":10183,"template":"","meta":[],"product_cat":[226],"product_tag":[],"_links":{"self":[{"href":"https:\/\/stularplus.com\/de\/wp-json\/wp\/v2\/product\/10182"}],"collection":[{"href":"https:\/\/stularplus.com\/de\/wp-json\/wp\/v2\/product"}],"about":[{"href":"https:\/\/stularplus.com\/de\/wp-json\/wp\/v2\/types\/product"}],"wp:featuredmedia":[{"embeddable":true,"href":"https:\/\/stularplus.com\/de\/wp-json\/wp\/v2\/media\/10183"}],"wp:attachment":[{"href":"https:\/\/stularplus.com\/de\/wp-json\/wp\/v2\/media?parent=10182"}],"wp:term":[{"taxonomy":"product_cat","embeddable":true,"href":"https:\/\/stularplus.com\/de\/wp-json\/wp\/v2\/product_cat?post=10182"},{"taxonomy":"product_tag","embeddable":true,"href":"https:\/\/stularplus.com\/de\/wp-json\/wp\/v2\/product_tag?post=10182"}],"curies":[{"name":"wp","href":"https:\/\/api.w.org\/{rel}","templated":true}]}}