{"id":10204,"date":"2022-03-08T11:21:15","date_gmt":"2022-03-08T10:21:15","guid":{"rendered":"https:\/\/stularplus.com\/halbautomatische-indes-verpackungsmaschine\/"},"modified":"2025-10-19T09:43:26","modified_gmt":"2025-10-19T07:43:26","slug":"halbautomatische-indes-verpackungsmaschine","status":"publish","type":"product","link":"https:\/\/stularplus.com\/de\/halbautomatische-indes-verpackungsmaschine\/","title":{"rendered":"Halbautomatische IndES-Verpackungsmaschine"},"content":{"rendered":"<p class=\"blue bold\"><strong>\u00d6ko-Verpackungsmaschine<\/strong><\/p>\n<p>Die halbautomatische pneumatische Verpackungsmaschine PS-2\/SAM mit<strong> IndES\u00ae Elastic Staple\u2122 Befestigungssystem<\/strong> mit Ein- oder Zweinadelbetrieb kann als Verpackungs- oder Etikettierungsmethode f\u00fcr alle Arten von Produkten verwendet werden. Das System ist einfach zu bedienen, zuverl\u00e4ssig und eine vielseitige Verpackungsl\u00f6sung, die Herstellern hilft, verpackungsbezogene Kosten zu senken und die Produktivit\u00e4t zu verbessern. <\/p>\n<p>Elastikheftsysteme sind so konzipiert, dass sie Produkte sicher auf einer Tr\u00e4gerkarte oder in einer Verpackung halten. Mit <g id=\"gid_0\">Heftl\u00e4ngen von 15 mm bis 200 mm<\/g> und Zugfestigkeitsstufen von Standard bis Heavy Duty passen sich diese biegsamen Klammern einer Vielzahl von Produktformen und -gr\u00f6\u00dfen an. Produkte, die mit Elastikheften verpackt sind, erh\u00f6hen die Attraktivit\u00e4t f\u00fcr den Verbraucher und <g id=\"gid_1\">reduzieren Plastikm\u00fcll<\/g> im Vergleich zu herk\u00f6mmlichen Befestigungssystemen. Sie k\u00f6nnen einem Markeninhaber helfen, die Verpackungsoptionen f\u00fcr einen schnellen ROI zu maximieren.   <\/p>\n<blockquote><p><strong>KEINE Blisterverpackungen \u2013 KEINE Clamshell-Verpackungen \u2013 KEINE Kabelbinder \u2013 KEINE Drehverschl\u00fcsse<\/strong><\/p><\/blockquote>\n<h4><img fetchpriority=\"high\" decoding=\"async\" class=\"alignnone wp-image-1151 size-full\" src=\"http:\/\/tagson.eu\/wp-content\/uploads\/2019\/10\/tagson-reduce-plastic-waste-by-99.jpg\" sizes=\"(max-width: 800px) 100vw, 800px\" srcset=\"https:\/\/tagson.eu\/wp-content\/uploads\/2019\/10\/tagson-reduce-plastic-waste-by-99.jpg 800w, https:\/\/tagson.eu\/wp-content\/uploads\/2019\/10\/tagson-reduce-plastic-waste-by-99-480x311.jpg 480w, https:\/\/tagson.eu\/wp-content\/uploads\/2019\/10\/tagson-reduce-plastic-waste-by-99-768x497.jpg 768w\" alt=\"\" width=\"800\" height=\"518\" title=\"\"><\/h4>\n<h4>Plastikverpackungen um 99 % reduzieren<\/h4>\n<p>\u2022 Energieverbrauch um bis zu das 4-fache senken (im Vergleich zu Blisterverpackungen)<br \/>\n\u2022 Ausfallzeiten durch Reduzierung von Zeit und Schritten in der Verpackungsproduktion verringern<br \/>\n\u2022 Arbeitsbelastung des Bedienpersonals reduzieren<br \/>\n\u2022 Materialkosten senken<\/p>\n<h4>Kundenerlebnis verbessern<\/h4>\n<p>\u2022 Weniger Verpackung verbessert die Optik des Produkts am Point-of-Sale<br \/>\n\u2022 Schnellere, einfachere und sicherere Entnahme des Produkts aus der Verpackung<br \/>\n\u2022 Verbraucher bevorzugen den Kauf von umweltfreundlich verpackten Produkten<\/p>\n","protected":false},"excerpt":{"rendered":"<p>Halbautomatische pneumatische Verpackungsmaschine mit eingebautem IndES\u00ae Elastic Staple\u2122 Befestigungssystem <strong>(Heftklammerl\u00e4ngen von 15 mm bis 200 mm)<\/strong> mit entweder Ein- oder Zweinadelbetrieb kann als Verpackungs- oder Etikettiermethode f\u00fcr alle Arten von Produkten verwendet werden.<\/p>\n","protected":false},"featured_media":10205,"template":"","meta":[],"product_cat":[215],"product_tag":[],"_links":{"self":[{"href":"https:\/\/stularplus.com\/de\/wp-json\/wp\/v2\/product\/10204"}],"collection":[{"href":"https:\/\/stularplus.com\/de\/wp-json\/wp\/v2\/product"}],"about":[{"href":"https:\/\/stularplus.com\/de\/wp-json\/wp\/v2\/types\/product"}],"wp:featuredmedia":[{"embeddable":true,"href":"https:\/\/stularplus.com\/de\/wp-json\/wp\/v2\/media\/10205"}],"wp:attachment":[{"href":"https:\/\/stularplus.com\/de\/wp-json\/wp\/v2\/media?parent=10204"}],"wp:term":[{"taxonomy":"product_cat","embeddable":true,"href":"https:\/\/stularplus.com\/de\/wp-json\/wp\/v2\/product_cat?post=10204"},{"taxonomy":"product_tag","embeddable":true,"href":"https:\/\/stularplus.com\/de\/wp-json\/wp\/v2\/product_tag?post=10204"}],"curies":[{"name":"wp","href":"https:\/\/api.w.org\/{rel}","templated":true}]}}