{"id":10236,"date":"2022-02-28T12:19:46","date_gmt":"2022-02-28T11:19:46","guid":{"rendered":"https:\/\/stularplus.com\/mkiii-p-g-fleischetikettierer-werkzeug-zur-fleischetikettierung\/"},"modified":"2025-10-17T15:31:00","modified_gmt":"2025-10-17T13:31:00","slug":"mkiii-p-g-fleischetikettierer-werkzeug-zur-fleischetikettierung","status":"publish","type":"product","link":"https:\/\/stularplus.com\/de\/mkiii-p-g-fleischetikettierer-werkzeug-zur-fleischetikettierung\/","title":{"rendered":"MKIII P.G. FLEISCHETIKETTIERER &#8211; Werkzeug zur Fleischetikettierung"},"content":{"rendered":"<p>Die beste L\u00f6sung f\u00fcr die <strong>Fleischetikettierung<\/strong>.<br \/>\nAvery Dennison hat ein <strong>Fleischetikettiersystem<\/strong> entwickelt &#8211; eine spezielle <strong>Fleischetikettierpistole<\/strong> und <strong>doppelte Paddel-Fleischbefestiger<\/strong>.<\/p>\n<p>Entwickelt f\u00fcr die <strong>Lebensmittelindustrie<\/strong>, hat es eine verst\u00e4rkte Nadelverriegelung und ist <strong>aus korrosionsbest\u00e4ndigen Materialien gefertigt<\/strong>, einschlie\u00dflich eines Gummi-Fangriemens. Es verf\u00fcgt auch \u00fcber mehrere Ablaufl\u00f6cher, so dass Ablagerungen schnell und einfach ausgesp\u00fclt werden k\u00f6nnen. Verwendung mit der speziellen <strong>Edelstahlnadel<\/strong>.  <\/p>\n<p>Das Etikettieren von frischem Fleisch ist kein Problem. <strong>Tag Fast<\/strong> wurde speziell entwickelt, um sicherzustellen, dass die R\u00fcckverfolgbarkeitsetiketten w\u00e4hrend des Prozesses nicht verloren gehen. Sie sind aus lebensmittelechtem Nylon gefertigt und verf\u00fcgen \u00fcber einen Doppelpaddelkopf, so dass sie leicht entfernt werden k\u00f6nnen, ohne R\u00fcckst\u00e4nde im Lebensmittel zu hinterlassen. Entwickelt f\u00fcr den robusten Einsatz, wie z. B. Fleischetikettierungsanwendungen.  <\/p>\n<p><strong>Edelstahlnadeln sind korrosionsbest\u00e4ndig.<\/strong><br \/>\n<strong>Extra starke Doppelpaddelbefestigungen<\/strong> sorgen f\u00fcr einen festen Halt f\u00fcr eine einfache und vollst\u00e4ndige Entfernung.<\/p>\n<p><strong>FDA-gepr\u00fcft<\/strong> und hergestellt aus lebensmittelzertifizierten Materialien.<\/p>\n<p>Gewicht: 0,12 kg\/St\u00fcck<\/p>\n","protected":false},"excerpt":{"rendered":"<p>Pistolengriffwerkzeug zur <b>Fleischetikettierung<\/b>. FDA-gepr\u00fcft und hergestellt aus lebensmittelzertifizierten Materialien. <\/p>\n","protected":false},"featured_media":10237,"template":"","meta":[],"product_cat":[217],"product_tag":[],"_links":{"self":[{"href":"https:\/\/stularplus.com\/de\/wp-json\/wp\/v2\/product\/10236"}],"collection":[{"href":"https:\/\/stularplus.com\/de\/wp-json\/wp\/v2\/product"}],"about":[{"href":"https:\/\/stularplus.com\/de\/wp-json\/wp\/v2\/types\/product"}],"wp:featuredmedia":[{"embeddable":true,"href":"https:\/\/stularplus.com\/de\/wp-json\/wp\/v2\/media\/10237"}],"wp:attachment":[{"href":"https:\/\/stularplus.com\/de\/wp-json\/wp\/v2\/media?parent=10236"}],"wp:term":[{"taxonomy":"product_cat","embeddable":true,"href":"https:\/\/stularplus.com\/de\/wp-json\/wp\/v2\/product_cat?post=10236"},{"taxonomy":"product_tag","embeddable":true,"href":"https:\/\/stularplus.com\/de\/wp-json\/wp\/v2\/product_tag?post=10236"}],"curies":[{"name":"wp","href":"https:\/\/api.w.org\/{rel}","templated":true}]}}