{"id":10257,"date":"2021-12-05T02:29:51","date_gmt":"2021-12-05T01:29:51","guid":{"rendered":"https:\/\/stularplus.com\/ecotach-std-40mm-biologisch-abbaubare-befestigungselemente\/"},"modified":"2025-10-17T15:36:12","modified_gmt":"2025-10-17T13:36:12","slug":"ecotach-std-40mm-biologisch-abbaubare-befestigungselemente","status":"publish","type":"product","link":"https:\/\/stularplus.com\/de\/ecotach-std-40mm-biologisch-abbaubare-befestigungselemente\/","title":{"rendered":"EcoTach STD 40MM biologisch abbaubare Befestigungselemente"},"content":{"rendered":"<p><strong>NACHHALTIGE L\u00d6SUNG ZUR ETIKETTIERUNG VON BEKLEIDUNG<\/strong><\/p>\n<p><em>Die Reduzierung von kleinem Plastikm\u00fcll ist genauso wichtig wie die Reduzierung von gro\u00dfem M\u00fcll.<\/em><\/p>\n<p>Unser Partner <strong>Avery Dennison<\/strong> pr\u00e4sentiert <strong>ECOTACH<\/strong>\u2122. <strong>Biologisch abbaubare (Bio-PP-)Befestigungselemente<\/strong> erf\u00fcllen die Bed\u00fcrfnisse umweltbewusster Einzelh\u00e4ndler, Markeninhaber, Hersteller und Verbraucher, die ihren \u00f6kologischen Fu\u00dfabdruck reduzieren m\u00f6chten.<\/p>\n<p><strong>Die Ecotach<\/strong>\u2122 Bio-PP-Befestigungselemente sind eine weltweit einzigartige Innovation und tragen dazu bei, die Menge an Einwegplastik zu reduzieren, die in die Umwelt gelangt. Das neue Bio-PP-Befestigungselement besteht aus einer propriet\u00e4ren Mischung aus Polypropylenmaterial, das speziell daf\u00fcr entwickelt wurde, innerhalb eines Jahres im Boden biologisch abgebaut zu werden, ohne sch\u00e4dliche Substanzen zu hinterlassen. <\/p>\n<p>Die verwendete Technologie f\u00fchrt zu <strong>keinem Mikroplastik<\/strong>, sodass nach dem Abbau eines Befestigungselements lediglich Kohlendioxid, Wasser und Mikroben (Biomasse) \u00fcbrig bleiben.<\/p>\n<p><strong>GEMUSTERT &amp; KONZERTISIERT<\/strong><\/p>\n<p><strong>Ecotach Biologisch abbaubare<\/strong> (Bio-PP-)Befestigungselemente verf\u00fcgen \u00fcber ein Zertifikat, das zu 100 % biologisch abbaubar ist und die Norm ISO 14021:2016 erf\u00fcllt. <\/p>\n<p><em><strong>Neue Technologie, die es Befestigungselementen erm\u00f6glicht, sich nach 1 Jahr Bodeneinwirkung abzubauen.<\/strong><\/em><\/p>\n<p><strong>ECOTACH\u2122 BIO-PP-BEFESTIGUNGSELEMENTE<\/strong><\/p>\n<p>\u2022 Wird von nat\u00fcrlich vorkommenden Bakterien abgebaut.<\/p>\n<p>\u2022 Die Natur kann sich \u00fcber die vier Zersetzungsmittel der Natur \u2013 Licht, Luft, Feuchtigkeit und Mikroben \u2013 wieder mit dem Produkt in der Umwelt verbinden.<\/p>\n<p>\u2022 Die verwendete Technologie f\u00fchrt zu keinem Mikroplastik. Es bleiben lediglich Kohlendioxid, Wasser und Mikroben (Biomasse) \u00fcbrig. <\/p>\n<p>\u2022 Durch diese Technologie k\u00f6nnen wir innerhalb eines Jahres unter Bodenbedingungen eine vollst\u00e4ndige biologische Abbaubarkeit f\u00fcr Polypropylen-Befestigungselemente nachweisen<\/p>\n<p>Wussten Sie, dass jedes Jahr 80 Milliarden Kleidungsst\u00fccke hergestellt werden und 90 % davon ein Einweg-Kunststoffbefestigungselement haben, was zu 72 Milliarden Kunststoffbefestigungselementen f\u00fchrt, die jedes Jahr f\u00fcr die Bekleidungsindustrie hergestellt werden?<\/p>\n<p><strong>ES IST ZEIT, DIESEN GAME-CHANGER IN DER WELT DER ETIKETTIERUNG ZU UNTERST\u00dcTZEN.<\/strong><\/p>\n<p>W\u00e4hlen Sie die beste nachhaltige Etikettiermethode, indem Sie biologisch abbaubare Befestigungselemente und energiesparende Tagson-Etikettiermaschinen verwenden!<\/p>\n","protected":false},"excerpt":{"rendered":"<p><b>Die weltweit ersten 100 % biologisch abbaubaren STANDARD-Textilbefestiger<\/b>. Geringere Umweltbelastung durch die Wahl biologisch abbaubarer Befestigungselemente. Der Preis gilt pro Karton mit 5.000 St\u00fcck.  <\/p>\n","protected":false},"featured_media":10258,"template":"","meta":[],"product_cat":[213],"product_tag":[],"_links":{"self":[{"href":"https:\/\/stularplus.com\/de\/wp-json\/wp\/v2\/product\/10257"}],"collection":[{"href":"https:\/\/stularplus.com\/de\/wp-json\/wp\/v2\/product"}],"about":[{"href":"https:\/\/stularplus.com\/de\/wp-json\/wp\/v2\/types\/product"}],"wp:featuredmedia":[{"embeddable":true,"href":"https:\/\/stularplus.com\/de\/wp-json\/wp\/v2\/media\/10258"}],"wp:attachment":[{"href":"https:\/\/stularplus.com\/de\/wp-json\/wp\/v2\/media?parent=10257"}],"wp:term":[{"taxonomy":"product_cat","embeddable":true,"href":"https:\/\/stularplus.com\/de\/wp-json\/wp\/v2\/product_cat?post=10257"},{"taxonomy":"product_tag","embeddable":true,"href":"https:\/\/stularplus.com\/de\/wp-json\/wp\/v2\/product_tag?post=10257"}],"curies":[{"name":"wp","href":"https:\/\/api.w.org\/{rel}","templated":true}]}}