{"id":10270,"date":"2021-12-05T02:29:51","date_gmt":"2021-12-05T01:29:51","guid":{"rendered":"https:\/\/stularplus.com\/100-abbaubare-papierschnur-180-mm-100-stk\/"},"modified":"2025-10-17T15:31:42","modified_gmt":"2025-10-17T13:31:42","slug":"100-abbaubare-papierschnur-180-mm-100-stk","status":"publish","type":"product","link":"https:\/\/stularplus.com\/de\/100-abbaubare-papierschnur-180-mm-100-stk\/","title":{"rendered":"100 % abbaubare Papierschnur 180 mm (100 Stk.)"},"content":{"rendered":"<p><strong>FEINE PAPIERSCHNUR<\/strong><\/p>\n<p>100 % abbaubare und umweltfreundliche Schnur. Die Kordel ist aus Papier gefertigt und extrem d\u00fcnn. Eine hervorragende L\u00f6sung zur Etikettierung von Boutique-Produkten, einzigartiger Kleidung und anderem Kunsthandwerk. Sorgen Sie daf\u00fcr, dass Ihre Produkte elegant etikettiert sind und tragen Sie gleichzeitig zu einer saubereren Umwelt bei.   <\/p>\n<p>L\u00e4nge: 180 mm<\/p>\n<p>Farbe: Natur<\/p>\n<p>Verpackt: 100 Stk.<\/p>\n","protected":false},"excerpt":{"rendered":"<p>100 % abbaubare und umweltfreundliche Schnur aus Papier. Die Kordel ist extrem d\u00fcnn und fein. <\/p>\n<p>Der Preis gilt f\u00fcr 100 St\u00fcck.<\/p>\n","protected":false},"featured_media":10271,"template":"","meta":[],"product_cat":[212,213],"product_tag":[],"_links":{"self":[{"href":"https:\/\/stularplus.com\/de\/wp-json\/wp\/v2\/product\/10270"}],"collection":[{"href":"https:\/\/stularplus.com\/de\/wp-json\/wp\/v2\/product"}],"about":[{"href":"https:\/\/stularplus.com\/de\/wp-json\/wp\/v2\/types\/product"}],"wp:featuredmedia":[{"embeddable":true,"href":"https:\/\/stularplus.com\/de\/wp-json\/wp\/v2\/media\/10271"}],"wp:attachment":[{"href":"https:\/\/stularplus.com\/de\/wp-json\/wp\/v2\/media?parent=10270"}],"wp:term":[{"taxonomy":"product_cat","embeddable":true,"href":"https:\/\/stularplus.com\/de\/wp-json\/wp\/v2\/product_cat?post=10270"},{"taxonomy":"product_tag","embeddable":true,"href":"https:\/\/stularplus.com\/de\/wp-json\/wp\/v2\/product_tag?post=10270"}],"curies":[{"name":"wp","href":"https:\/\/api.w.org\/{rel}","templated":true}]}}