{"id":10286,"date":"2021-12-05T02:29:51","date_gmt":"2021-12-05T01:29:51","guid":{"rendered":"https:\/\/stularplus.com\/kassette-fuer-sato-applikator\/"},"modified":"2025-10-17T15:31:53","modified_gmt":"2025-10-17T13:31:53","slug":"kassette-fuer-sato-applikator","status":"publish","type":"product","link":"https:\/\/stularplus.com\/de\/kassette-fuer-sato-applikator\/","title":{"rendered":"Kassette f\u00fcr SATO-Applikator"},"content":{"rendered":"<p>Beim Kauf eines SATO-Applikators empfehlen wir, Kassetten f\u00fcr jeden Rabatt separat zu erwerben. So erfolgt der Austausch der Rabattetiketten in wenigen Sekunden, was die Produktivit\u00e4t erh\u00f6ht. Um das Rabattetikett schnell zu wechseln, besorgen Sie sich zus\u00e4tzliche Kassetten f\u00fcr den<strong> SATO promo Touch 33 Applikator<\/strong>.  <\/p>\n","protected":false},"excerpt":{"rendered":"<p>Zus\u00e4tzliche Etikettenkassette. Um das Rabattetikett schnell zu wechseln, besorgen Sie sich zus\u00e4tzliche Kassetten f\u00fcr den <strong>SATO promo Touch 33 Applikator<\/strong>. <\/p>\n","protected":false},"featured_media":10287,"template":"","meta":[],"product_cat":[219],"product_tag":[],"_links":{"self":[{"href":"https:\/\/stularplus.com\/de\/wp-json\/wp\/v2\/product\/10286"}],"collection":[{"href":"https:\/\/stularplus.com\/de\/wp-json\/wp\/v2\/product"}],"about":[{"href":"https:\/\/stularplus.com\/de\/wp-json\/wp\/v2\/types\/product"}],"wp:featuredmedia":[{"embeddable":true,"href":"https:\/\/stularplus.com\/de\/wp-json\/wp\/v2\/media\/10287"}],"wp:attachment":[{"href":"https:\/\/stularplus.com\/de\/wp-json\/wp\/v2\/media?parent=10286"}],"wp:term":[{"taxonomy":"product_cat","embeddable":true,"href":"https:\/\/stularplus.com\/de\/wp-json\/wp\/v2\/product_cat?post=10286"},{"taxonomy":"product_tag","embeddable":true,"href":"https:\/\/stularplus.com\/de\/wp-json\/wp\/v2\/product_tag?post=10286"}],"curies":[{"name":"wp","href":"https:\/\/api.w.org\/{rel}","templated":true}]}}