{"id":10289,"date":"2021-12-05T02:29:50","date_gmt":"2021-12-05T01:29:50","guid":{"rendered":"https:\/\/stularplus.com\/stringtach-schwarze-schnur-120mm-1-000-stk\/"},"modified":"2025-10-17T15:37:09","modified_gmt":"2025-10-17T13:37:09","slug":"stringtach-schwarze-schnur-120mm-1-000-stk","status":"publish","type":"product","link":"https:\/\/stularplus.com\/de\/stringtach-schwarze-schnur-120mm-1-000-stk\/","title":{"rendered":"StringTach schwarze Schnur 120mm (1.000 Stk.)"},"content":{"rendered":"<p>StringTach-Schn\u00fcre aus Textil. Sie verbinden die \u00e4sthetische Anmutung einer Kordel mit der Schnelligkeit und Sicherheit einer herk\u00f6mmlichen Schlaufe. <\/p>\n<p>Eine spezielle Pfeilspitze erleichtert das Einf\u00fchren durch Rei\u00dfverschl\u00fcsse oder \u00d6sen.<\/p>\n<p>StringTach-Schn\u00fcre eignen sich perfekt zum Etikettieren von eleganter Kleidung und Produkten mit h\u00f6herem Wert. Die Kordeln verleihen den Produkten ein noch eleganteres Aussehen. <\/p>\n<p>L\u00e4nge: 120mm<\/p>\n<p>Farbe: schwarz<\/p>\n<p>Verpackung: 1.000 Stk.<\/p>\n","protected":false},"excerpt":{"rendered":"<p><strong>StringTach<\/strong> Textilkordel. Einfache Kennzeichnung von edlen Textilien sowie Schmuck, Taschen, Uhren usw. <\/p>\n<p>Der Preis gilt f\u00fcr 1.000 St\u00fcck.<\/p>\n","protected":false},"featured_media":10291,"template":"","meta":[],"product_cat":[212,213],"product_tag":[],"_links":{"self":[{"href":"https:\/\/stularplus.com\/de\/wp-json\/wp\/v2\/product\/10289"}],"collection":[{"href":"https:\/\/stularplus.com\/de\/wp-json\/wp\/v2\/product"}],"about":[{"href":"https:\/\/stularplus.com\/de\/wp-json\/wp\/v2\/types\/product"}],"wp:featuredmedia":[{"embeddable":true,"href":"https:\/\/stularplus.com\/de\/wp-json\/wp\/v2\/media\/10291"}],"wp:attachment":[{"href":"https:\/\/stularplus.com\/de\/wp-json\/wp\/v2\/media?parent=10289"}],"wp:term":[{"taxonomy":"product_cat","embeddable":true,"href":"https:\/\/stularplus.com\/de\/wp-json\/wp\/v2\/product_cat?post=10289"},{"taxonomy":"product_tag","embeddable":true,"href":"https:\/\/stularplus.com\/de\/wp-json\/wp\/v2\/product_tag?post=10289"}],"curies":[{"name":"wp","href":"https:\/\/api.w.org\/{rel}","templated":true}]}}