{"id":10320,"date":"2021-12-05T02:29:49","date_gmt":"2021-12-05T01:29:49","guid":{"rendered":"https:\/\/stularplus.com\/tagson-ps-1-lf-lange-feine-nadel\/"},"modified":"2025-10-18T23:54:33","modified_gmt":"2025-10-18T21:54:33","slug":"tagson-ps-1-lf-lange-feine-nadel","status":"publish","type":"product","link":"https:\/\/stularplus.com\/de\/tagson-ps-1-lf-lange-feine-nadel\/","title":{"rendered":"TAGSON PS-1\/LF (Lange, feine Nadel)"},"content":{"rendered":"<p class=\"blue bold\"><strong>Etikettiermaschine mit LANGER FEINER NADEL<\/strong><\/p>\n<p>Zuverl\u00e4ssigkeit, Produktivit\u00e4t und Geschwindigkeit sind zusammen mit hervorragender Ergonomie und Genauigkeit die Hauptmerkmale der neuen pneumatischen, automatisierten, tragbaren Etikettiermaschine. Mit der langen, feinen Nadel ist die PS-1\/LF unersetzlich zum Etikettieren oder Verpacken feinster Materialien wie Socken oder Handschuhe, Mikrofasergewebe, Handt\u00fccher und Teppiche. <\/p>\n<p><em>Die sehr d\u00fcnne Nadel hinterl\u00e4sst keine L\u00f6cher im Material. Die L\u00e4nge der Nadel (28 mm) bietet die M\u00f6glichkeit, Produkte mit einer Dicke von 7 mm bis 25 mm zu verpacken. <\/em><\/p>\n<p>Dank ihrer kompakten Bauweise und der schnellen Aktivierung l\u00e4sst sich die tragbare, automatische Etikettiermaschine PS-1\/LF problemlos in alle Arten von Verpackungslinien integrieren. Geeignet f\u00fcr alle Socken-, Handschuh- und Teppichhersteller, die ihren Arbeitsablauf vereinfachen, die Produktivit\u00e4t steigern und die Verpackungskosten senken wollen. <\/p>\n<p>Jede Maschine wird mit h\u00f6chster Pr\u00e4zision gefertigt und auf die Anforderungen der Endverbraucher zugeschnitten. Das Herzst\u00fcck der Maschine wird <strong>von einem<\/strong> <strong>Avery Dennison SPU-Modul<\/strong> angetrieben, das den h\u00f6chsten Standard an Industriequalit\u00e4t und Zuverl\u00e4ssigkeit gew\u00e4hrleistet. Das Hauptmodul kann gegen jedes andere Avery Dennison-Modul ausgetauscht werden, was maximale Effizienz gew\u00e4hrleistet. Die Basis der Maschine ist sorgf\u00e4ltig mit den besten Ventilen, Schaltern, handgefertigten Achsen, Aluminiumgestell, St\u00e4nder und PTFE-Haltern ausgestattet.   <\/p>\n<div class=\"row product_specification_container product-padding\">\n<table class=\"specification-table\" width=\"572\">\n<tbody>\n<tr>\n<td>Etikettieranwendung:<\/td>\n<td>Ja<\/td>\n<\/tr>\n<tr>\n<td>Modul:<\/td>\n<td>Avery Dennison Swiftach SPU2M02<\/td>\n<\/tr>\n<tr>\n<td>Betriebsdruck:<\/td>\n<td>Luftzufuhr, 80 psi (6 bar)<\/td>\n<\/tr>\n<tr>\n<td>Gesamte Nadell\u00e4nge:<\/td>\n<td>40 mm<\/td>\n<\/tr>\n<tr>\n<td>Effektive L\u00e4nge:<\/td>\n<td>28 mm<\/td>\n<\/tr>\n<tr>\n<td>Etikettier-Dickenbereich:<\/td>\n<td>7 mm \u2013 25 mm<\/td>\n<\/tr>\n<tr>\n<td>Art der Stifte\/Befestigungselemente:<\/td>\n<td>Feine Stoff-Nylonbefestigungen<\/td>\n<\/tr>\n<tr>\n<td>Max. Geschwindigkeit:<\/td>\n<td>2 Sekunden\/Zyklus<\/td>\n<\/tr>\n<tr>\n<td>H\u00f6henverstellungen:<\/td>\n<td>Ja<\/td>\n<\/tr>\n<tr>\n<td>Lasermarkierer:<\/td>\n<td>Optional<\/td>\n<\/tr>\n<tr>\n<td>Fu\u00dfpedal:<\/td>\n<td>Optional<\/td>\n<\/tr>\n<tr>\n<td>J-Haken-Anwendung:<\/td>\n<td>Optional<\/td>\n<\/tr>\n<tr>\n<td>Nadelplattenkompression:<\/td>\n<td>Optional<\/td>\n<\/tr>\n<tr>\n<td>Maschinenabmessungen:<\/td>\n<td>500 x 420 x 720 mm<\/td>\n<\/tr>\n<tr>\n<td>Gesamtverpackungspaket:<\/td>\n<td>600 x 600 x 700 mm<\/td>\n<\/tr>\n<tr>\n<td>Gewicht:<\/td>\n<td>21 kg<\/td>\n<\/tr>\n<\/tbody>\n<\/table>\n<p><strong>Kostenlose Tests<\/strong><\/p>\n<\/div>\n<div class=\"row product_banners_container product-padding\">\n<div class=\"templatera_shortcode\">\n<section class=\"vc_section\">\n<div class=\"vc_row wpb_row vc_row-fluid two_column_banners vc_column-gap-35\">\n<div class=\"wpb_column vc_column_container vc_col-sm-6 vc_col-has-fill\">\n<div class=\"vc_column-inner vc_custom_1568291041704\">\n<div class=\"wpb_wrapper\">\n<div class=\"wpb_text_column wpb_content_element vc_custom_1575308221273 white\">\n<div class=\"wpb_wrapper\">\n<p>Wenn Sie ein kostenloses Muster Ihres mit unseren Maschinen verpackten Produkts erhalten m\u00f6chten, kontaktieren Sie uns und wir erstellen Ihnen eine kostenlose Pr\u00e4sentation. Lassen Sie sich von unseren Ingenieuren durch den Prozess der kostenlosen Tests f\u00fchren. <\/p>\n<\/div>\n<\/div>\n<\/div>\n<\/div>\n<\/div>\n<\/div>\n<\/section>\n<\/div>\n<\/div>\n<p>F\u00fcr weitere technische Informationen besuchen Sie bitte die offizielle TAGSON-Website: https:\/\/tagson.eu\/products\/ps-1-lf\/<\/p>\n","protected":false},"excerpt":{"rendered":"<p>Pneumatische, automatische, tragbare Etikettiermaschine, angetrieben von einem Avery Dennison SPU-Modul. Verpacken Sie Produkte mit einer Dicke <g id=\"gid_0\">von 7 mm bis 25 mm<\/g>. Ideal zum Etikettieren von Socken, Handschuhen, Handt\u00fcchern und anderen Textilien.   <strong>Entwickelt und hergestellt in der EU.<\/strong><\/p>\n","protected":false},"featured_media":10321,"template":"","meta":[],"product_cat":[215],"product_tag":[],"_links":{"self":[{"href":"https:\/\/stularplus.com\/de\/wp-json\/wp\/v2\/product\/10320"}],"collection":[{"href":"https:\/\/stularplus.com\/de\/wp-json\/wp\/v2\/product"}],"about":[{"href":"https:\/\/stularplus.com\/de\/wp-json\/wp\/v2\/types\/product"}],"wp:featuredmedia":[{"embeddable":true,"href":"https:\/\/stularplus.com\/de\/wp-json\/wp\/v2\/media\/10321"}],"wp:attachment":[{"href":"https:\/\/stularplus.com\/de\/wp-json\/wp\/v2\/media?parent=10320"}],"wp:term":[{"taxonomy":"product_cat","embeddable":true,"href":"https:\/\/stularplus.com\/de\/wp-json\/wp\/v2\/product_cat?post=10320"},{"taxonomy":"product_tag","embeddable":true,"href":"https:\/\/stularplus.com\/de\/wp-json\/wp\/v2\/product_tag?post=10320"}],"curies":[{"name":"wp","href":"https:\/\/api.w.org\/{rel}","templated":true}]}}