{"id":10336,"date":"2021-12-05T02:29:50","date_gmt":"2021-12-05T01:29:50","guid":{"rendered":"https:\/\/stularplus.com\/banok-503xl-extra-lange-feine-nadel\/"},"modified":"2025-10-17T15:36:47","modified_gmt":"2025-10-17T13:36:47","slug":"banok-503xl-extra-lange-feine-nadel","status":"publish","type":"product","link":"https:\/\/stularplus.com\/de\/banok-503xl-extra-lange-feine-nadel\/","title":{"rendered":"BANOK 503XL \u2013 extra lange feine Nadel"},"content":{"rendered":"<p><strong>BANOK 503XL<\/strong> \u2013 die beste <strong>Etikettierpistole<\/strong> f\u00fcr das <strong>Verpacken und Etikettieren von Socken<\/strong>.<\/p>\n<p><span id=\"result_box\" lang=\"en\"><span class=\"hps\">Banok,<\/span> <span class=\"hps\">die<\/span> <span class=\"hps\">renommierte<\/span> <span class=\"hps\">japanische Marke,<\/span> <span class=\"hps\">die<\/span> <span class=\"hps\">mit ihrem<\/span> <span class=\"hps\">innovativen<\/span> <span class=\"hps\">Design und<\/span> <span class=\"hps\">\u00fcberlegener<\/span> <span class=\"hps\">Qualit\u00e4t<\/span> <span class=\"hps\">beweist, dass<\/span> <span class=\"hps\">sie<\/span> <span class=\"hps\">im Segment der<\/span> <span class=\"hps\">Etikettierung<\/span> <span class=\"hps\">oder<\/span> <span class=\"hps\">Verpackung<\/span> <span class=\"hps\">mehrerer<\/span> <span class=\"hps\">Paar<\/span> <span class=\"hps\">Socken<\/span>, derzeit <span class=\"hps\">keinen<\/span> <span class=\"hps\">Ersatz hat.<\/span> <span class=\"hps\">Sie wird haupts\u00e4chlich<\/span> <span class=\"hps\">dort eingesetzt<\/span>, wo h <span class=\"hps\">ohe Produktivit\u00e4t und Qualit\u00e4t der wichtigste Standard sind.<\/span><\/span><\/p>\n<p><span lang=\"en\"><span class=\"hps\"><span id=\"result_box\" lang=\"en\"><strong>Banok Typ 503 XL<\/strong> verwendet einen ausgekl\u00fcgelten Mechanismus-Ausl\u00f6ser und kennt trotz schwieriger Aufgaben kein Versagen, Verklemmen usw. Form und Handhabung der <strong>Etikettierpistole Banok 503 XL<\/strong>, das Etikettieren und Verpacken von Socken ist ergonomisch und einfach. <\/span><\/span><\/span><\/p>\n<p><strong><span lang=\"en\"><span class=\"hps\">EXTRA LANGE FEINE NADEL hinterl\u00e4sst keine Sch\u00e4den an den Socken<\/span><\/span><\/strong><\/p>\n<p><span id=\"result_box\" lang=\"en\"><span class=\"hps\">Neben der<\/span> <span class=\"hps\">Spitzenqualit\u00e4t<\/span> <span class=\"hps\">des Produkts<\/span> <strong>ist die Banok 503 XL<\/strong> <span class=\"hps\">mit der notwendigen<\/span> <span class=\"hps\">langen<\/span>, <span class=\"hps\">d\u00fcnnen<\/span> <span class=\"hps\">und feinen<\/span> <span class=\"hps\">Nadel ausgestattet<\/span>, <span class=\"hps\">die mit<\/span> <span class=\"hps\">Schweizer<\/span> <span class=\"hps\">Pr\u00e4zision<\/span> <span class=\"hps\">und<\/span> <span class=\"hps\">Perfektion<\/span> gefertigt wird. Deshalb ist diese Etikettierpistole ein Muss f\u00fcr jeden Hersteller. Sie erm\u00f6glicht das Etikettieren ohne Stress, ohne Stoffsch\u00e4den und ist nat\u00fcrlich f\u00fcr mehrlagige empfindliche Stoffe konzipiert.   Diese Leistung <span class=\"hps\">verleiht<\/span> der <span class=\"hps\">Etikettierpistole<\/span> <strong><span class=\"hps\">Banok<\/span><\/strong> einen gro\u00dfen <span class=\"hps\">Vorteil.<\/span> <\/span><\/p>\n<p><span id=\"result_box\" lang=\"en\">Normalerweise kann sie in allen Einzelhandelsgesch\u00e4ften, Bekleidungsgesch\u00e4ften und in der Textilproduktion eingesetzt werden, aber die beste Leistung zeigt sie in der <strong>Sockenproduktion<\/strong>, wo hohe Produktivit\u00e4t und Qualit\u00e4t ein Muss sind. Unersetzlich. <span class=\"hps\">Problemlos<\/span> <span class=\"hps\">k\u00f6nnen<\/span> <span class=\"hps\">verpackt und<\/span> <span class=\"hps\">etikettiert<\/span> <span class=\"hps\">mehrere<\/span> <span class=\"hps\">Paare Socken<\/span> <span class=\"hps atn\">(<\/span>XL) werden. <\/span><\/p>\n","protected":false},"excerpt":{"rendered":"<p>Form und Handhabung der Etikettierpistole <em>Banok 503 XL<\/em>, das Etikettieren und Verpacken von Socken ist ergonomisch und einfach. <strong>DIE EXTRA LANGE FEINE NADEL<\/strong> hinterl\u00e4sst keine Sch\u00e4den an den Socken.<\/p>\n","protected":false},"featured_media":10335,"template":"","meta":[],"product_cat":[220],"product_tag":[],"_links":{"self":[{"href":"https:\/\/stularplus.com\/de\/wp-json\/wp\/v2\/product\/10336"}],"collection":[{"href":"https:\/\/stularplus.com\/de\/wp-json\/wp\/v2\/product"}],"about":[{"href":"https:\/\/stularplus.com\/de\/wp-json\/wp\/v2\/types\/product"}],"wp:featuredmedia":[{"embeddable":true,"href":"https:\/\/stularplus.com\/de\/wp-json\/wp\/v2\/media\/10335"}],"wp:attachment":[{"href":"https:\/\/stularplus.com\/de\/wp-json\/wp\/v2\/media?parent=10336"}],"wp:term":[{"taxonomy":"product_cat","embeddable":true,"href":"https:\/\/stularplus.com\/de\/wp-json\/wp\/v2\/product_cat?post=10336"},{"taxonomy":"product_tag","embeddable":true,"href":"https:\/\/stularplus.com\/de\/wp-json\/wp\/v2\/product_tag?post=10336"}],"curies":[{"name":"wp","href":"https:\/\/api.w.org\/{rel}","templated":true}]}}