{"id":10365,"date":"2021-12-05T02:29:41","date_gmt":"2021-12-05T01:29:41","guid":{"rendered":"https:\/\/stularplus.com\/430-x-48-mm-kabelbinder-100\/"},"modified":"2025-10-17T15:38:21","modified_gmt":"2025-10-17T13:38:21","slug":"430-x-48-mm-kabelbinder-100","status":"publish","type":"product","link":"https:\/\/stularplus.com\/de\/430-x-48-mm-kabelbinder-100\/","title":{"rendered":"430 x 4,8 mm Kabelbinder (100)"},"content":{"rendered":"<p><strong>Avery Dennison Kabelbinder<\/strong> 430 x 4,8 mm. Ein Beutel enth\u00e4lt 100 <g id=\"gid_1\">Kabelbinder<\/g>. (1 Packung = 100 St\u00fcck)  <\/p>\n<p><strong>Kabelbinder<\/strong> werden in einer Vielzahl von Anwendungen in vielen Branchen eingesetzt \u2013 Elektrik, Elektronik, Telekommunikation, Transport, CATV (Kabelfernsehen), HVAC (Heizung, L\u00fcftung und Klimaanlage), Verpackung, Einzelhandel, Feuerl\u00f6scher, Getr\u00e4nke und viele andere.<\/p>\n<p>Der Preis gilt pro Beutel mit 100 St\u00fcck.<\/p>\n<p>L\u00e4nge: 430 mm<br \/>\nBreite: 4,8 mm<\/p>\n","protected":false},"excerpt":{"rendered":"<p><b>Kabelbinder 430 x 4,8 mm<\/b>. Hochwertige Kabelbinder von Avery Dennison. <\/p>\n<p>Der Preis gilt pro Beutel mit 100 St\u00fcck.<\/p>\n","protected":false},"featured_media":10367,"template":"","meta":[],"product_cat":[222],"product_tag":[],"_links":{"self":[{"href":"https:\/\/stularplus.com\/de\/wp-json\/wp\/v2\/product\/10365"}],"collection":[{"href":"https:\/\/stularplus.com\/de\/wp-json\/wp\/v2\/product"}],"about":[{"href":"https:\/\/stularplus.com\/de\/wp-json\/wp\/v2\/types\/product"}],"wp:featuredmedia":[{"embeddable":true,"href":"https:\/\/stularplus.com\/de\/wp-json\/wp\/v2\/media\/10367"}],"wp:attachment":[{"href":"https:\/\/stularplus.com\/de\/wp-json\/wp\/v2\/media?parent=10365"}],"wp:term":[{"taxonomy":"product_cat","embeddable":true,"href":"https:\/\/stularplus.com\/de\/wp-json\/wp\/v2\/product_cat?post=10365"},{"taxonomy":"product_tag","embeddable":true,"href":"https:\/\/stularplus.com\/de\/wp-json\/wp\/v2\/product_tag?post=10365"}],"curies":[{"name":"wp","href":"https:\/\/api.w.org\/{rel}","templated":true}]}}