{"id":10369,"date":"2021-12-05T02:29:41","date_gmt":"2021-12-05T01:29:41","guid":{"rendered":"https:\/\/stularplus.com\/370-x-76-mm-kabelbinder-100-stueck\/"},"modified":"2025-10-17T15:38:23","modified_gmt":"2025-10-17T13:38:23","slug":"370-x-76-mm-kabelbinder-100-stueck","status":"publish","type":"product","link":"https:\/\/stularplus.com\/de\/370-x-76-mm-kabelbinder-100-stueck\/","title":{"rendered":"370 x 7,6 mm Kabelbinder (100 St\u00fcck)"},"content":{"rendered":"<div class=\"elementor-element elementor-element-219ff3a elementor-widget elementor-widget-woocommerce-product-content\" data-id=\"219ff3a\" data-element_type=\"widget\" data-widget_type=\"woocommerce-product-content.default\">\n<div class=\"elementor-widget-container\">\n<div class=\"elementor-element elementor-element-219ff3a elementor-widget elementor-widget-woocommerce-product-content\" data-id=\"219ff3a\" data-element_type=\"widget\" data-widget_type=\"woocommerce-product-content.default\">\n<div class=\"elementor-widget-container\">\n<p><strong>Avery Dennison Kabelbinder<\/strong> 370 x 7,6 mm. Ein Beutel enth\u00e4lt <g id=\"gid_1\">100 Kabelbinder<\/g>. (1 VE = 100 Stk.)  <\/p>\n<p><strong>Kabelbinder<\/strong> werden in einer Vielzahl von <strong>Anwendungen in vielen Branchen<\/strong> eingesetzt \u2013 <strong>Elektro<\/strong>, Elektronik, Telekommunikation, Transport, CATV (Kabelfernsehen), HLK (Heizung, L\u00fcftung und Klimatechnik), Verpackung, Einzelhandel, Feuerl\u00f6scher, <strong>Getr\u00e4nkeindustrie<\/strong> und vielen anderen Bereichen.<\/p>\n<p>Der Preis gilt pro Beutel mit 100 St\u00fcck.<\/p>\n<p>L\u00e4nge: 370 mm<br \/>\nBreite: 7,6 mm<\/p>\n<\/div>\n<\/div>\n<\/div>\n<\/div>\n<p>&nbsp;<\/p>\n","protected":false},"excerpt":{"rendered":"<p><b>Kabelbinder 370 x 7,6 mm<\/b>. Hochwertige Kabelbinder hergestellt von Avery Dennison. <\/p>\n<p>Der Preis gilt pro Beutel mit 100 St\u00fcck.<\/p>\n","protected":false},"featured_media":10370,"template":"","meta":[],"product_cat":[222],"product_tag":[],"_links":{"self":[{"href":"https:\/\/stularplus.com\/de\/wp-json\/wp\/v2\/product\/10369"}],"collection":[{"href":"https:\/\/stularplus.com\/de\/wp-json\/wp\/v2\/product"}],"about":[{"href":"https:\/\/stularplus.com\/de\/wp-json\/wp\/v2\/types\/product"}],"wp:featuredmedia":[{"embeddable":true,"href":"https:\/\/stularplus.com\/de\/wp-json\/wp\/v2\/media\/10370"}],"wp:attachment":[{"href":"https:\/\/stularplus.com\/de\/wp-json\/wp\/v2\/media?parent=10369"}],"wp:term":[{"taxonomy":"product_cat","embeddable":true,"href":"https:\/\/stularplus.com\/de\/wp-json\/wp\/v2\/product_cat?post=10369"},{"taxonomy":"product_tag","embeddable":true,"href":"https:\/\/stularplus.com\/de\/wp-json\/wp\/v2\/product_tag?post=10369"}],"curies":[{"name":"wp","href":"https:\/\/api.w.org\/{rel}","templated":true}]}}