{"id":10386,"date":"2021-12-05T02:29:41","date_gmt":"2021-12-05T01:29:41","guid":{"rendered":"https:\/\/stularplus.com\/zwei-zeilen-handauszeichner-108-stellige-premium-ausfuehrung\/"},"modified":"2025-10-17T15:31:23","modified_gmt":"2025-10-17T13:31:23","slug":"zwei-zeilen-handauszeichner-108-stellige-premium-ausfuehrung","status":"publish","type":"product","link":"https:\/\/stularplus.com\/de\/zwei-zeilen-handauszeichner-108-stellige-premium-ausfuehrung\/","title":{"rendered":"ZWEI-ZEILEN-HANDAUSZEICHNER &#8211; 10+8-stellige Premium-Ausf\u00fchrung"},"content":{"rendered":"<p><strong>Avery Dennison Handauszeichner HL2\/18<\/strong><\/p>\n<p>Die <strong>Preisauszeichnerpistole<\/strong> CAS2\/18 bietet ein ergonomisches, leichtes Design kombiniert mit der Haltbarkeit von schlagfesten Kunststoffen. Unsere <strong>Hand<\/strong>&#8211;<strong>auszeichner<\/strong> werden h\u00e4ufig f\u00fcr <strong>Preisauszeichnung<\/strong>, Reduzierung, Umzeichnung, <strong>Datumsangabe<\/strong> und Qualit\u00e4tskontrolle verwendet. <\/p>\n<p>Obere Zeile: Zahlen<br \/>\nUntere Zeile: Zahlen<\/p>\n<p>* 2-zeilige Preis-, Datums- und Codierpistole<br \/>\n* 10 Ziffern in der oberen Zeile<br \/>\n* 8 Ziffern in der unteren Zeile<br \/>\n* Beliebte Anwendungen sind Datum, Codierung und Preisangabe auf separaten Zeilen<br \/>\n* Die obere Zeile mit 10 B\u00e4ndern bedeutet, dass diese Pistole Preise von 1 bis zu 999999,99 \u20ac auszeichnen kann.<br \/>\n* Die untere Zeile mit 8 B\u00e4ndern bedeutet, dass diese Pistole Preise von 1 bis zu 9999,99 \u20ac auszeichnen kann.<br \/>\n* Neben einer Reihe von Zahlen bietet der <strong>Handauszeichner<\/strong> folgende Symbole: \u20ac, \u00a3, Kr, %, St, kg, g, Art.<br \/>\n* Verwendet rechteckige Preisetiketten 26mm x 16mm<br \/>\n* 1 Rolle mit 1.000 Blanko-Etiketten enthalten<\/p>\n<p><strong>Eigenschaften:<\/strong><\/p>\n<p><strong>Einfachheit<\/strong><\/p>\n<p>Der Avery Dennison Handauszeichner CAS2\/18 ist sehr einfach zu bedienen. Legen Sie einfach Ihre Etiketten ein, stellen Sie den Produktpreis ein und beginnen Sie mit dem Klicken und Aufkleben. <\/p>\n<p><strong>Tragbarkeit<\/strong><\/p>\n<p>Die Preisauszeichnerpistole Avery Dennison CAS2\/18 ist sehr leicht, da sie voll beladen nur 0,36 kg wiegt. Dank des kompakten Designs kann sie frei in Ihrem Gesch\u00e4ft transportiert und \u00fcberall problemlos eingesetzt werden. <\/p>\n<p><strong>Vielseitigkeit<\/strong><\/p>\n<p><span id=\"result_box\" lang=\"en\">Der <span class=\"hps\">Handauszeichner<\/span> <span class=\"hps\">Avery<\/span> <span class=\"hps\">Dennison<\/span> CAS2\/18 <span class=\"hps\">ist mehr als nur<\/span> <span class=\"hps\">ein Markierer<\/span> von <span class=\"hps\">Preisen<\/span>. <span class=\"hps\">Sie k\u00f6nnen ihn<\/span> <span class=\"hps\">f\u00fcr verschiedene Zwecke verwenden<\/span>, schnelle <span class=\"hps\">Aktion<\/span> <span class=\"hps\">in<\/span> <span class=\"hps\">Einzelhandels<\/span>&#8211;<span class=\"hps\">regalen<\/span> <span class=\"hps\">als<\/span> <span class=\"hps\">niedrigere Preise<\/span>, Aktionspreise, zum Beispiel.<\/span><\/p>\n<p><strong>Vielfalt<\/strong><\/p>\n<p>Sie k\u00f6nnen <span id=\"result_box\" lang=\"en\"><span class=\"hps\">aus<\/span> <span class=\"hps\">unserer<\/span> <span class=\"hps\">gro\u00dfen Auswahl an<\/span> <span class=\"hps\">Etiketten<\/span> w\u00e4hlen. <span class=\"hps\">Verschiedene Farben<\/span>, <span class=\"hps\">verschiedene Zwecke<\/span>, <span class=\"hps\">abl\u00f6sbare<\/span> oder nicht abl\u00f6sbare Etiketten, <span class=\"hps\">wo<\/span> <span class=\"hps\">Sicherheit wichtig ist<\/span>, zum Beispiel.<\/span><\/p>\n<p><strong>Zuverl\u00e4ssigkeit<\/strong><\/p>\n<p><span id=\"result_box\" lang=\"en\"><span class=\"hps\">Avery<\/span> <span class=\"hps\">Dennison<\/span> <span class=\"hps\">ist eine Marke, die<\/span> <span class=\"hps\">pr\u00e4sent ist<\/span> <span class=\"hps\">auf dem Weltmarkt<\/span> <span class=\"hps\">seit<\/span> <span class=\"hps\">1960<\/span>. <span class=\"hps\">Sie ist ein Synonym f\u00fcr<\/span> <span class=\"hps\">Qualit\u00e4t und<\/span> <span class=\"hps\">in der Branche<\/span> <span class=\"hps\">unverzichtbar<\/span>.<\/span><\/p>\n<p>Gewicht:<br \/>\n0,51 kg\/St\u00fcck<\/p>\n","protected":false},"excerpt":{"rendered":"<p>Avery Dennison <b>Zwei-Zeilen-Handauszeichner<\/b> &#8211; 10+8-stellig, beide Zeilen Zahlen. Diese <g id=\"gid_1\">Preisauszeichner<\/g> werden h\u00e4ufig f\u00fcr Preisauszeichnung, Reduzierung, Umzeichnung, Datumsangabe und Qualit\u00e4tskontrolle verwendet. Premium-Qualit\u00e4t.  <\/p>\n","protected":false},"featured_media":10388,"template":"","meta":[],"product_cat":[224],"product_tag":[],"_links":{"self":[{"href":"https:\/\/stularplus.com\/de\/wp-json\/wp\/v2\/product\/10386"}],"collection":[{"href":"https:\/\/stularplus.com\/de\/wp-json\/wp\/v2\/product"}],"about":[{"href":"https:\/\/stularplus.com\/de\/wp-json\/wp\/v2\/types\/product"}],"wp:featuredmedia":[{"embeddable":true,"href":"https:\/\/stularplus.com\/de\/wp-json\/wp\/v2\/media\/10388"}],"wp:attachment":[{"href":"https:\/\/stularplus.com\/de\/wp-json\/wp\/v2\/media?parent=10386"}],"wp:term":[{"taxonomy":"product_cat","embeddable":true,"href":"https:\/\/stularplus.com\/de\/wp-json\/wp\/v2\/product_cat?post=10386"},{"taxonomy":"product_tag","embeddable":true,"href":"https:\/\/stularplus.com\/de\/wp-json\/wp\/v2\/product_tag?post=10386"}],"curies":[{"name":"wp","href":"https:\/\/api.w.org\/{rel}","templated":true}]}}