{"id":10393,"date":"2021-12-05T02:29:40","date_gmt":"2021-12-05T01:29:40","guid":{"rendered":"https:\/\/stularplus.com\/200-x-25-mm-kabelbinder-schwarz-100\/"},"modified":"2025-10-17T15:33:07","modified_gmt":"2025-10-17T13:33:07","slug":"200-x-25-mm-kabelbinder-schwarz-100","status":"publish","type":"product","link":"https:\/\/stularplus.com\/de\/200-x-25-mm-kabelbinder-schwarz-100\/","title":{"rendered":"200 x 2,5 mm Kabelbinder schwarz (100)"},"content":{"rendered":"<p><strong>Avery Dennison<\/strong> <strong>Kabelbinder<\/strong> 200 x 2,5 mm SCHWARZ. Eine T\u00fcte enth\u00e4lt 100 <strong>Kabelbinder<\/strong> (1 St\u00fcck = 100 St\u00fcck). <\/p>\n<p><strong>Kabelbinder<\/strong> werden in einer Vielzahl von Anwendungen in vielen Branchen eingesetzt \u2013 Elektrik, Elektronik, Telekommunikation, Transport, CATV (Kabelfernsehen), HVAC (Heizung, L\u00fcftung und Klimaanlage), Verpackung, Einzelhandel, Feuerl\u00f6scher, Getr\u00e4nke und viele andere.<\/p>\n<p>Der Preis gilt pro Beutel mit 100 St\u00fcck.<\/p>\n<p>L\u00e4nge: 200 mm<br \/>\nBreite: 2,5 mm<\/p>\n","protected":false},"excerpt":{"rendered":"<p><b>Kabelbinder 200 x 2,5 mm SCHWARZ<\/b>. Hochwertige Kabelbinder von Avery Dennison. <\/p>\n<p>Der Preis gilt pro Beutel mit 100 St\u00fcck.<\/p>\n","protected":false},"featured_media":10394,"template":"","meta":[],"product_cat":[222],"product_tag":[],"_links":{"self":[{"href":"https:\/\/stularplus.com\/de\/wp-json\/wp\/v2\/product\/10393"}],"collection":[{"href":"https:\/\/stularplus.com\/de\/wp-json\/wp\/v2\/product"}],"about":[{"href":"https:\/\/stularplus.com\/de\/wp-json\/wp\/v2\/types\/product"}],"wp:featuredmedia":[{"embeddable":true,"href":"https:\/\/stularplus.com\/de\/wp-json\/wp\/v2\/media\/10394"}],"wp:attachment":[{"href":"https:\/\/stularplus.com\/de\/wp-json\/wp\/v2\/media?parent=10393"}],"wp:term":[{"taxonomy":"product_cat","embeddable":true,"href":"https:\/\/stularplus.com\/de\/wp-json\/wp\/v2\/product_cat?post=10393"},{"taxonomy":"product_tag","embeddable":true,"href":"https:\/\/stularplus.com\/de\/wp-json\/wp\/v2\/product_tag?post=10393"}],"curies":[{"name":"wp","href":"https:\/\/api.w.org\/{rel}","templated":true}]}}