{"id":10401,"date":"2021-12-05T02:29:37","date_gmt":"2021-12-05T01:29:37","guid":{"rendered":"https:\/\/stularplus.com\/flexi-einkaufswagen-rot\/"},"modified":"2025-10-21T21:25:00","modified_gmt":"2025-10-21T19:25:00","slug":"flexi-einkaufswagen-rot","status":"publish","type":"product","link":"https:\/\/stularplus.com\/de\/flexi-einkaufswagen-rot\/","title":{"rendered":"Flexi Einkaufswagen Rot"},"content":{"rendered":"<p>Flexi <strong>shopping carts<\/strong> are made of <strong>hard durable plastic<\/strong> and are resistant to shock. The latest and modern design <strong>shopping carts<\/strong> on the market. Due to its<strong> high capacity (64 liters)<\/strong> can increase sales by 40%, and the user does not give a sense of large purchases. Large swivel wheels make the<strong> shopping cart<\/strong> manageable and user-friendly. Movement: pull or push.<\/p>\n<p>Vorteile des <strong>Einkaufswagens <\/strong>Flexi:<\/p>\n<p>&#8211; Au\u00dfergew\u00f6hnlich leichte Mobilit\u00e4t<br \/>\n&#8211; Fassungsverm\u00f6gen 64 Liter<br \/>\n&#8211; Bis zu 40 % h\u00f6here Verk\u00e4ufe<br \/>\n&#8211; Integriertes EAS-Sicherheitssystem<br \/>\n&#8211; Platz f\u00fcr Werbung<br \/>\n&#8211; Verst\u00e4rkter Griff aus einem St\u00fcck<br \/>\n&#8211; Strapazierf\u00e4higer Kunststoff<br \/>\n&#8211; Leicht zu reinigen<br \/>\n&#8211; Garantie: 1 Jahr<\/p>\n<p><strong>Technische Daten:<\/strong><br \/>\n&#8211; Volumen: 64 Liter<br \/>\n&#8211; Gewicht: 2.100 g<br \/>\n&#8211; Abmessungen (mm): 480 x 455 x 860<\/p>\n<p><strong>RECYCLING<\/strong><br \/>\nDer <strong>Wagen<\/strong> wurde entwickelt, um den Recyclingprozess zu vereinfachen. Dies ist einer der wenigen <strong>Flexi Cart PP<\/strong> <strong>Einkaufswagen<\/strong> mit R\u00e4dern, der einfach und kosteng\u00fcnstiger zu recyceln ist.<br \/>\nDies bedeutet eine weitere Garantie f\u00fcr Qualit\u00e4t und Umwelt. <\/p>\n<p><strong>Hergestellt in der EU.<\/strong><\/p>\n<p>&nbsp;<\/p>\n","protected":false},"excerpt":{"rendered":"<p><b>Flexi Einkaufswagen, rot. <\/b>Fassungsverm\u00f6gen 64 Liter. Hervorragende Alternative zu Metallwagen. Der Flexi-Wagen ist einfach zu bedienen, leicht und sehr wendig.  <\/p>\n","protected":false},"featured_media":10402,"template":"","meta":[],"product_cat":[225],"product_tag":[],"_links":{"self":[{"href":"https:\/\/stularplus.com\/de\/wp-json\/wp\/v2\/product\/10401"}],"collection":[{"href":"https:\/\/stularplus.com\/de\/wp-json\/wp\/v2\/product"}],"about":[{"href":"https:\/\/stularplus.com\/de\/wp-json\/wp\/v2\/types\/product"}],"wp:featuredmedia":[{"embeddable":true,"href":"https:\/\/stularplus.com\/de\/wp-json\/wp\/v2\/media\/10402"}],"wp:attachment":[{"href":"https:\/\/stularplus.com\/de\/wp-json\/wp\/v2\/media?parent=10401"}],"wp:term":[{"taxonomy":"product_cat","embeddable":true,"href":"https:\/\/stularplus.com\/de\/wp-json\/wp\/v2\/product_cat?post=10401"},{"taxonomy":"product_tag","embeddable":true,"href":"https:\/\/stularplus.com\/de\/wp-json\/wp\/v2\/product_tag?post=10401"}],"curies":[{"name":"wp","href":"https:\/\/api.w.org\/{rel}","templated":true}]}}