{"id":10423,"date":"2021-12-05T02:29:37","date_gmt":"2021-12-05T01:29:37","guid":{"rendered":"https:\/\/stularplus.com\/flexi-einkaufswagen-gelb\/"},"modified":"2025-10-17T15:38:17","modified_gmt":"2025-10-17T13:38:17","slug":"flexi-einkaufswagen-gelb","status":"publish","type":"product","link":"https:\/\/stularplus.com\/de\/flexi-einkaufswagen-gelb\/","title":{"rendered":"Flexi Einkaufswagen gelb"},"content":{"rendered":"<p>Flexi <strong>Einkaufswagen<\/strong> sind <strong>aus hartem, strapazierf\u00e4higem Kunststoff gefertigt<\/strong> und sto\u00dffest. Die neuesten und modernsten <g id=\"gid_2\">Einkaufswagen<\/g> auf dem Markt. Dank seines <g id=\"gid_3\">hohen Fassungsverm\u00f6gens (64 Liter)<\/g> k\u00f6nnen die Verk\u00e4ufe um 40 % gesteigert werden, ohne dem Benutzer das Gef\u00fchl gro\u00dfer Eink\u00e4ufe zu vermitteln. Gro\u00dfe Schwenkr\u00e4der machen den Einkaufswagen handlich und benutzerfreundlich. Bewegung: Ziehen oder Schieben.    <\/p>\n<p>Vorteile des <strong>Einkaufswagens<\/strong> Flexi:<\/p>\n<p>&#8211; Au\u00dfergew\u00f6hnlich leichte Mobilit\u00e4t<br \/>\n&#8211; Fassungsverm\u00f6gen 64 Liter<br \/>\n&#8211; Bis zu 40 % h\u00f6here Verk\u00e4ufe<br \/>\n&#8211; Integriertes EAS-Sicherheitssystem<br \/>\n&#8211; Platz f\u00fcr Werbung<br \/>\n&#8211; Verst\u00e4rkter Griff aus einem St\u00fcck<br \/>\n&#8211; Strapazierf\u00e4higer Kunststoff<br \/>\n&#8211; Leicht zu reinigen<br \/>\n&#8211; Garantie: 1 Jahr<\/p>\n<p><strong>Technische Daten:<\/strong><br \/>\n&#8211; Volumen: 64 Liter<br \/>\n&#8211; Gewicht: 2.100 g<br \/>\n&#8211; Abmessungen (mm): 480 x 455 x 860<\/p>\n<p><strong>RECYCLING<\/strong><br \/>\nDer Wagen wurde entwickelt, um den Recyclingprozess zu vereinfachen. Er ist einer der wenigen Flexi Cart PP Einkaufswagen mit R\u00e4dern, der einfach und kosteng\u00fcnstiger zu recyceln ist.<br \/>\nDies bedeutet eine weitere Garantie f\u00fcr Qualit\u00e4t und Umwelt. <\/p>\n<p><strong>Hergestellt in der EU.<\/strong><\/p>\n","protected":false},"excerpt":{"rendered":"<p><b>Flexi Einkaufswagen, gelb.<\/b> Fassungsverm\u00f6gen 64 Liter. Hervorragende Alternative zu Metallwagen. Der Flexi-Wagen ist einfach zu bedienen, leicht und sehr wendig.  <\/p>\n","protected":false},"featured_media":10424,"template":"","meta":[],"product_cat":[225],"product_tag":[],"_links":{"self":[{"href":"https:\/\/stularplus.com\/de\/wp-json\/wp\/v2\/product\/10423"}],"collection":[{"href":"https:\/\/stularplus.com\/de\/wp-json\/wp\/v2\/product"}],"about":[{"href":"https:\/\/stularplus.com\/de\/wp-json\/wp\/v2\/types\/product"}],"wp:featuredmedia":[{"embeddable":true,"href":"https:\/\/stularplus.com\/de\/wp-json\/wp\/v2\/media\/10424"}],"wp:attachment":[{"href":"https:\/\/stularplus.com\/de\/wp-json\/wp\/v2\/media?parent=10423"}],"wp:term":[{"taxonomy":"product_cat","embeddable":true,"href":"https:\/\/stularplus.com\/de\/wp-json\/wp\/v2\/product_cat?post=10423"},{"taxonomy":"product_tag","embeddable":true,"href":"https:\/\/stularplus.com\/de\/wp-json\/wp\/v2\/product_tag?post=10423"}],"curies":[{"name":"wp","href":"https:\/\/api.w.org\/{rel}","templated":true}]}}