{"id":10431,"date":"2021-12-05T02:29:37","date_gmt":"2021-12-05T01:29:37","guid":{"rendered":"https:\/\/stularplus.com\/st9500-plus-kunststoffklammergeraet-neu\/"},"modified":"2025-10-19T00:06:35","modified_gmt":"2025-10-18T22:06:35","slug":"st9500-plus-kunststoffklammergeraet-neu","status":"publish","type":"product","link":"https:\/\/stularplus.com\/de\/st9500-plus-kunststoffklammergeraet-neu\/","title":{"rendered":"ST9500 PLUS: Kunststoffklammerger\u00e4t (neu)"},"content":{"rendered":"<div class=\"text parbase\">\n<div class=\"rte-text-p rte-text-p-e5fc357e-ce4f-4d3f-9c78-9b3a52c53a68\">\n<p>Als Industriestandard wurde das Avery Dennison Kunststoffklammer-Befestigungssystem vor vielen Jahren als Modell f\u00fcr Innovation und Qualit\u00e4t eingef\u00fchrt. Nach Jahren, die der weiteren Perfektionierung der Technologie gewidmet waren, heben wir unsere Innovation nun mit dem <strong>Kunststoffklammer-Befestigungssystem ST9500<\/strong> auf die n\u00e4chste Stufe. <\/p>\n<p>Geschwindigkeit und Anwendungsflexibilit\u00e4t, zusammen mit erheblichen Kosteneffizienzen, machen dieses System zu einem Muss f\u00fcr Hersteller, die auf die Bed\u00fcrfnisse von Einzelh\u00e4ndlern und Kunden eingehen m\u00f6chten. Dieses Befestigungswerkzeug ist einfach zu beladen und l\u00e4sst sich leicht an eine Vielzahl von Anwendungen und Stoffen anpassen. <\/p>\n<p><strong>Das ST9500 ist wartungsarm konzipiert<\/strong> und bietet gleichzeitig eine schnelle, konsistente Etikettierung mit weniger Arbeitsverz\u00f6gerungen. Dieses System ist viel einfacher zu bedienen als Nadel-Faden-Systeme und f\u00fchrt Befestigungselemente automatisch durch zwei Nadeln, von einer durchgehenden Rolle mit Tausenden von Befestigungselementen. Das ST9500 verf\u00fcgt \u00fcber einen hochwertigen Motor und langlebige Nadeln, wodurch der Wartungsaufwand minimal ist. Diese Maschine bietet:  <\/p>\n<ul>\n<li>Zyklusprogrammierbarkeit (1,2,3\u202610 oder kontinuierlich)<\/li>\n<li>Intelligente Maschinentechnologie<\/li>\n<li>Stromwandler erm\u00f6glicht den Betrieb mit 120 V oder 220 V<\/li>\n<li>Einstellbare Bet\u00e4tigungsgeschwindigkeit<\/li>\n<li>Variabler Nadelabstand (Bereich 6,5 mm \u2013 12,5 mm)<\/li>\n<li>Ohne Kupplung oder Magnetventil<\/li>\n<li>Wartungsfreies Zuf\u00fchrsystem<\/li>\n<\/ul>\n<p>Extrastarke Befestigungselemente und variable Nadelabstandsfunktionen machen das ST9500 perfekt zum Etikettieren dichter Materialien und zur Durchf\u00fchrung g\u00e4ngiger Anwendungen wie Denim-Whiskering. Selbst Hundeleinen sind kein Problem. Zudem k\u00f6nnen die Befestigungselemente in jeder Farbe geformt werden, passend zu jeder Anwendung.  <\/p>\n<\/div>\n<\/div>\n","protected":false},"excerpt":{"rendered":"<p><b>NEUES Kunststoffklammerger\u00e4t ST9500<\/b> PLUS \u2013 ideal zum Etikettieren, Paaren und Whiskering. Kunststoffklammern waren schon immer eine ideale L\u00f6sung zum <b>Etikettieren von Hosen<\/b>, Jacken und Dessous; zum Erzeugen von Wascheffekten, wie Whiskers, bei Jeans; und zum Paaren von Socken bis zu 1,5 cm. Jetzt als NEUES Modell mit zus\u00e4tzlichen Funktionen erh\u00e4ltlich.  <\/p>\n","protected":false},"featured_media":10432,"template":"","meta":[],"product_cat":[215],"product_tag":[],"_links":{"self":[{"href":"https:\/\/stularplus.com\/de\/wp-json\/wp\/v2\/product\/10431"}],"collection":[{"href":"https:\/\/stularplus.com\/de\/wp-json\/wp\/v2\/product"}],"about":[{"href":"https:\/\/stularplus.com\/de\/wp-json\/wp\/v2\/types\/product"}],"wp:featuredmedia":[{"embeddable":true,"href":"https:\/\/stularplus.com\/de\/wp-json\/wp\/v2\/media\/10432"}],"wp:attachment":[{"href":"https:\/\/stularplus.com\/de\/wp-json\/wp\/v2\/media?parent=10431"}],"wp:term":[{"taxonomy":"product_cat","embeddable":true,"href":"https:\/\/stularplus.com\/de\/wp-json\/wp\/v2\/product_cat?post=10431"},{"taxonomy":"product_tag","embeddable":true,"href":"https:\/\/stularplus.com\/de\/wp-json\/wp\/v2\/product_tag?post=10431"}],"curies":[{"name":"wp","href":"https:\/\/api.w.org\/{rel}","templated":true}]}}