{"id":10439,"date":"2021-12-05T02:29:33","date_gmt":"2021-12-05T01:29:33","guid":{"rendered":"https:\/\/stularplus.com\/13-mm-kunststoffklammer-transparent-25-000-stk\/"},"modified":"2025-10-17T15:32:00","modified_gmt":"2025-10-17T13:32:00","slug":"13-mm-kunststoffklammer-transparent-25-000-stk","status":"publish","type":"product","link":"https:\/\/stularplus.com\/de\/13-mm-kunststoffklammer-transparent-25-000-stk\/","title":{"rendered":"13-mm-Kunststoffklammer, transparent (25.000 Stk.)"},"content":{"rendered":"<p><strong>13-mm-Kunststoffklammern<\/strong> als elastische, d\u00fcnne Kunststoff-<strong>T-End-Klammern.<\/strong><br \/>\nKunststoffklammern, die mit dem Ger\u00e4t ST9500 angebracht werden, sind ideal f\u00fcr:<\/p>\n<p>&#8211; <strong>Whiskering<\/strong> auf Jeans (Denim-Produktion)<br \/>\n&#8211; Socken-<strong>Verpackung<\/strong> (bis zu 1,5 cm Dicke)<br \/>\n&#8211; Verpackung von Plastikt\u00fcten<br \/>\n&#8211; <strong>Etikettierung<\/strong> von Produkten<\/p>\n<p><strong>Wascheffekt auf Jeans \u2013 Whiskering<\/strong><br \/>\nMit dem Ger\u00e4t ST9500 k\u00f6nnen Kunststoffklammern einen Wascheffekt auf Jeans erzielen. Unverzichtbar f\u00fcr die Herstellung und das Waschen von Denim. <\/p>\n<p><strong>Sockenverpackung<\/strong> (bis zu 1,5 cm dick)<br \/>\nDas Ger\u00e4t kann auch d\u00fcnne Sockenpaare verpacken. Die Nadeln sind sehr d\u00fcnn und k\u00f6nnen Socken nicht besch\u00e4digen. Verpacken Sie die Socken mit einer Einzel- oder Doppelnadel. <g id=\"gid_2\">Elastische Klammern<\/g> sind eine ausgezeichnete Alternative zum Zusammenn\u00e4hen von Socken mit einer N\u00e4hmaschine. Mit Elastic Staples kann der Kunde die Socken leicht auspacken und nicht besch\u00e4digen.   <\/p>\n<p><strong>Alternative zu Metallclips<\/strong><br \/>\nKunststoffklammern sind eine ausgezeichnete Alternative zu Metallbefestigungen. Mit dem <g id=\"gid_2\">ST9500-Ger\u00e4t<\/g> k\u00f6nnen Sie das Produkt in kleinen Plastikt\u00fcten verpacken und mit Pappe und Klammern verschlie\u00dfen. Sichere, einfache und schnelle Verpackung.  <\/p>\n<p>Es gibt zwei verschiedene Arten von Nadeln:<br \/>\nfeine Nadeln, die oft verwendet werden, um die Hosen und die Erzeugung der Waschleistung anzuzeigen, und ultrafeine Nadeln, die f\u00fcr empfindliche Stoffe geeignet sind (Leinen, Wollprodukte usw.).<\/p>\n<p><strong>F\u00fcr kostenlose Muster und Pr\u00e4sentationen kontaktieren Sie uns bitte.<\/strong><\/p>\n<p>Auf der Spule befinden sich 25.000 Klammern.<br \/>\nGewicht: 0,02 kg \/ Tausend<\/p>\n","protected":false},"excerpt":{"rendered":"<p><strong>Original Avery Dennison Kunststoffklammer 13 mm TRANSPARENT<\/strong> \u2013 f\u00fcr ST9500 (25.000 Klammern pro Spule). Perfekt zum Etikettieren, Paaren von Socken oder kleinen Plastikt\u00fcten und f\u00fcr Whiskering-Jeans. <strong> Der Preis gilt pro Spule mit 25.000 Stk. (1 Tausend von 2,66 &#8211; 3,80 EUR) <\/strong><\/p>\n","protected":false},"featured_media":10440,"template":"","meta":[],"product_cat":[227],"product_tag":[],"_links":{"self":[{"href":"https:\/\/stularplus.com\/de\/wp-json\/wp\/v2\/product\/10439"}],"collection":[{"href":"https:\/\/stularplus.com\/de\/wp-json\/wp\/v2\/product"}],"about":[{"href":"https:\/\/stularplus.com\/de\/wp-json\/wp\/v2\/types\/product"}],"wp:featuredmedia":[{"embeddable":true,"href":"https:\/\/stularplus.com\/de\/wp-json\/wp\/v2\/media\/10440"}],"wp:attachment":[{"href":"https:\/\/stularplus.com\/de\/wp-json\/wp\/v2\/media?parent=10439"}],"wp:term":[{"taxonomy":"product_cat","embeddable":true,"href":"https:\/\/stularplus.com\/de\/wp-json\/wp\/v2\/product_cat?post=10439"},{"taxonomy":"product_tag","embeddable":true,"href":"https:\/\/stularplus.com\/de\/wp-json\/wp\/v2\/product_tag?post=10439"}],"curies":[{"name":"wp","href":"https:\/\/api.w.org\/{rel}","templated":true}]}}