{"id":10451,"date":"2021-12-05T02:29:36","date_gmt":"2021-12-05T01:29:36","guid":{"rendered":"https:\/\/stularplus.com\/system-1000-industrielles-pistolengriffmodul\/"},"modified":"2025-10-19T00:05:33","modified_gmt":"2025-10-18T22:05:33","slug":"system-1000-industrielles-pistolengriffmodul","status":"publish","type":"product","link":"https:\/\/stularplus.com\/de\/system-1000-industrielles-pistolengriffmodul\/","title":{"rendered":"System 1000 Industrielles Pistolengriffmodul"},"content":{"rendered":"<p class=\"blue bold\"><strong>System 1000 industrielles pneumatisches Werkzeug<\/strong><\/p>\n<div>\n<p>F\u00fcgen Sie Verpackungen mit dem pneumatischen Werkzeug System 1000\u00ae auf einfache Weise Informationen, Markenidentifikation und Wert hinzu. Es ist aus strapazierf\u00e4higem, leichtem Aluminium gefertigt und das leichteste und fortschrittlichste verf\u00fcgbare Etikettierwerkzeug. <\/p>\n<p><em>Pneumatisches Werkzeug SPU5P System 1000 Industriemodul mit Griff. Die Verwendung einer pneumatischen Swiftach Power Unit anstelle eines Handwerkzeugs beim Etikettieren oder Verpacken steigert die Produktivit\u00e4t erheblich. <\/em><\/p>\n<\/div>\n<div>\n<p>Wir haben alle wichtigen Funktionen integriert, die Sie ben\u00f6tigen, um Ihre Etikettierungsvorg\u00e4nge mit hohem Volumen zu beschleunigen, effizienter und zuverl\u00e4ssiger zu gestalten. Dieses Modul verarbeitet Rollen mit 1000 Paddle-Verschl\u00fcssen, ohne dass Sie anhalten und neu laden m\u00fcssen. Dieses Modul ist ideal f\u00fcr Kleidungsst\u00fccke oder Artikel mit einer Kompressionsdicke von bis zu 1,5\u2033. Eine <g id=\"gid_0\">Avery Dennison\u00ae Swiftach\u00ae Power Unit (SPU)<\/g> kann Ihren Informationsbefestigungs-, Markenidentifikations- und Verpackungsvorgang schneller und einfacher machen. Avery Dennison SPUs k\u00f6nnen die Produktivit\u00e4t steigern, insbesondere wenn es schneller geht, die Artikel oder Kleidungsst\u00fccke zum Werkzeug zu bringen.    <\/p>\n<\/div>\n<div>\n<p>Mit diesem Werkzeug k\u00f6nnen drei Arten von Nadeln verwendet werden:<\/p>\n<\/div>\n<div>\n<p>10074<br \/>\n<strong>Hochleistungs-Ganzstahlnadel<br \/>\n<\/strong>Gesamtl\u00e4nge: 34 mm, effektive L\u00e4nge: 13 mm<\/p>\n<p>10641<br \/>\n<strong>Lange Hochleistungsnadel \u2013 Ganzstahl\/konisch<br \/>\n<\/strong>Gesamtl\u00e4nge: 47 mm, effektive L\u00e4nge: 25 mm<\/p>\n<\/div>\n<div>\n<p>10642<br \/>\n<strong>Extra Heavy Duty \u2013 Ganzstahl\/konisch<br \/>\n<\/strong>Gesamtl\u00e4nge: 59 mm, effektive L\u00e4nge: 25 mm<\/p>\n<table class=\"specification-table\" width=\"572\">\n<tbody>\n<tr>\n<td>Etikettieranwendung:<\/td>\n<td>Ja<\/td>\n<\/tr>\n<tr>\n<td>Modul:<\/td>\n<td>Avery Dennison Swiftach SPU5M<\/td>\n<\/tr>\n<tr>\n<td>Betriebsdruck:<\/td>\n<td>Luftzufuhr, 80 psi (6 bar)<\/td>\n<\/tr>\n<tr>\n<td>Gesamte Nadell\u00e4nge:<\/td>\n<td>34 mm \/ 47 mm \/ 59 mm<\/td>\n<\/tr>\n<tr>\n<td>Effektive L\u00e4nge:<\/td>\n<td>13 mm \/ 25 mm \/ 25 mm<\/td>\n<\/tr>\n<tr>\n<td>Etikettier-Dickenbereich:<\/td>\n<td>7 mm \u2013 25 mm<\/td>\n<\/tr>\n<tr>\n<td>Art der Stifte\/Befestigungselemente:<\/td>\n<td>System 1000 Befestigungselemente<\/td>\n<\/tr>\n<tr>\n<td>Max. Geschwindigkeit:<\/td>\n<td>2 Sekunden\/Zyklus<\/td>\n<\/tr>\n<\/tbody>\n<\/table>\n<\/div>\n","protected":false},"excerpt":{"rendered":"<p><strong>Das System Industrial 1000 Modul<\/strong> steigert die Produktivit\u00e4t erheblich, da es 1000 Befestigungselemente auf einer Rolle hat \u2013 10-mal mehr als die Standard-Cliprolle mit 10 St\u00fcck.<\/p>\n","protected":false},"featured_media":10452,"template":"","meta":[],"product_cat":[216],"product_tag":[],"_links":{"self":[{"href":"https:\/\/stularplus.com\/de\/wp-json\/wp\/v2\/product\/10451"}],"collection":[{"href":"https:\/\/stularplus.com\/de\/wp-json\/wp\/v2\/product"}],"about":[{"href":"https:\/\/stularplus.com\/de\/wp-json\/wp\/v2\/types\/product"}],"wp:featuredmedia":[{"embeddable":true,"href":"https:\/\/stularplus.com\/de\/wp-json\/wp\/v2\/media\/10452"}],"wp:attachment":[{"href":"https:\/\/stularplus.com\/de\/wp-json\/wp\/v2\/media?parent=10451"}],"wp:term":[{"taxonomy":"product_cat","embeddable":true,"href":"https:\/\/stularplus.com\/de\/wp-json\/wp\/v2\/product_cat?post=10451"},{"taxonomy":"product_tag","embeddable":true,"href":"https:\/\/stularplus.com\/de\/wp-json\/wp\/v2\/product_tag?post=10451"}],"curies":[{"name":"wp","href":"https:\/\/api.w.org\/{rel}","templated":true}]}}