{"id":10456,"date":"2021-12-05T02:29:36","date_gmt":"2021-12-05T01:29:36","guid":{"rendered":"https:\/\/stularplus.com\/industrielles-langnadelmodul-fuer-feingewebe\/"},"modified":"2025-10-18T23:51:23","modified_gmt":"2025-10-18T21:51:23","slug":"industrielles-langnadelmodul-fuer-feingewebe","status":"publish","type":"product","link":"https:\/\/stularplus.com\/de\/industrielles-langnadelmodul-fuer-feingewebe\/","title":{"rendered":"Industrielles Langnadelmodul f\u00fcr Feingewebe"},"content":{"rendered":"<div class=\"elementor-element elementor-element-219ff3a elementor-widget elementor-widget-woocommerce-product-content\" data-id=\"219ff3a\" data-element_type=\"widget\" data-widget_type=\"woocommerce-product-content.default\">\n<div class=\"elementor-widget-container\">\n<p class=\"blue bold\"><strong>Industrielles 40 mm Langnadelmodul f\u00fcr Feingewebe<\/strong><\/p>\n<p>Das <strong>SPU-Module<\/strong> sind von hoher Qualit\u00e4t, um dem harten industriellen Einsatz standzuhalten. Jedes Modul ist so konzipiert, dass es den Abmessungen einer bestimmten Befestigungsgruppe und der <em>Nadell\u00e4nge<\/em> entspricht.<\/p>\n<p><em>Pneumatikwerkzeug SPU Industrial FINE Long E-Rod f\u00fcr lange Nadeln. Die Verwendung einer pneumatischen Swiftach Power Unit anstelle eines Handwerkzeugs beim Etikettieren oder Verpacken erh\u00f6ht die Produktivit\u00e4t erheblich. Premium-Qualit\u00e4t aus den USA sorgt daf\u00fcr, dass Ihre Produktion mit hoher Geschwindigkeit l\u00e4uft. Dieses Modul kann auf TAGSON PS-1 oder anderen Tr\u00e4gereinheiten installiert werden. <\/em><\/p>\n<p>Die Verwendung einer pneumatischen <strong>Swiftach Power Unit<\/strong> anstelle eines Handwerkzeugs (Etikettierpistole) beim <strong>Etikettieren<\/strong> oder <strong>Verpacken<\/strong> erh\u00f6ht die Produktivit\u00e4t erheblich. Bei Standardkonfigurationen kann der Bediener beide H\u00e4nde verwenden, um das Produkt und die Etiketten zu handhaben und das Befestigungselement durch Dr\u00fccken einer Taste oder eines Fu\u00dfschalters anzubringen. F\u00fcr eine weitere Produktivit\u00e4tssteigerung k\u00f6nnen die Maschinen helfen, die Materialien zusammenzudr\u00fccken, und sogar in automatisierte Systeme integriert werden.<\/p>\n<h4><strong>Langes Nadelmodul f\u00fcr die Feinindustrie<\/strong><\/h4>\n<p>Dieses Modul f\u00fchrt jedes <strong>Feingewebe-Befestigungselement<\/strong> mit einer Filamentl\u00e4nge von 9 mm oder mehr zu und verwendet nur die Nadel 05018. Dieses Werkzeug wird f\u00fcr feine Materialien verwendet. F\u00fchrt <strong>FEINE Befestigungselemente<\/strong> mit einer Filamentl\u00e4nge von 7 mm bis zu 50 mm zu.<\/p>\n<\/div>\n<\/div>\n<table class=\"specification-table\" width=\"572\">\n<tbody>\n<tr>\n<td>Etikettieranwendung:<\/td>\n<td>Ja<\/td>\n<\/tr>\n<tr>\n<td>Modul:<\/td>\n<td>Avery Dennison Swiftach SPU2M02<\/td>\n<\/tr>\n<tr>\n<td>Betriebsdruck:<\/td>\n<td>Luftzufuhr, 80 psi (6 bar)<\/td>\n<\/tr>\n<tr>\n<td>Gesamtnadell\u00e4nge:<\/td>\n<td>48,8 mm<\/td>\n<\/tr>\n<tr>\n<td>Effektive L\u00e4nge:<\/td>\n<td>38 mm<\/td>\n<\/tr>\n<tr>\n<td>Auszeichnungsdickenbereich:<\/td>\n<td>7 mm \u2013 40 mm<\/td>\n<\/tr>\n<tr>\n<td>Art der Stifte\/Befestigungselemente:<\/td>\n<td>Feine Stoff-Nylonbefestigungen<\/td>\n<\/tr>\n<tr>\n<td>Max. Geschwindigkeit:<\/td>\n<td>2 Sekunden\/Zyklus<\/td>\n<\/tr>\n<\/tbody>\n<\/table>\n<div class=\"wpb_text_column wpb_content_element vc_custom_1574181509010 blue\">\n<div class=\"wpb_wrapper\">\n<p><strong>Kostenlose Tests<\/strong><\/p>\n<\/div>\n<\/div>\n<div class=\"wpb_text_column wpb_content_element vc_custom_1575308221273 white\">\n<div class=\"wpb_wrapper\">\n<p>Wenn Sie ein kostenloses Muster Ihres mit unseren Maschinen verpackten Produkts erhalten m\u00f6chten, kontaktieren Sie uns und wir erstellen Ihnen eine kostenlose Pr\u00e4sentation. Lassen Sie sich von unseren Ingenieuren durch den Prozess der kostenlosen Tests f\u00fchren.<\/p>\n<\/div>\n<\/div>\n","protected":false},"excerpt":{"rendered":"<p class=\"blue bold\"><strong>Industrielles 40 mm Langnadelmodul f\u00fcr Feingewebe.<\/strong> Pneumatisches automatisiertes Etikettiermodul. Verpacken Sie Produkte mit einer Dicke von <strong>7 mm bis 25 mm<\/strong>. Ideal zum Etikettieren von Socken, Handschuhen, Handt\u00fcchern und anderen Textilien.<\/p>\n","protected":false},"featured_media":10457,"template":"","meta":[],"product_cat":[216],"product_tag":[],"_links":{"self":[{"href":"https:\/\/stularplus.com\/de\/wp-json\/wp\/v2\/product\/10456"}],"collection":[{"href":"https:\/\/stularplus.com\/de\/wp-json\/wp\/v2\/product"}],"about":[{"href":"https:\/\/stularplus.com\/de\/wp-json\/wp\/v2\/types\/product"}],"wp:featuredmedia":[{"embeddable":true,"href":"https:\/\/stularplus.com\/de\/wp-json\/wp\/v2\/media\/10457"}],"wp:attachment":[{"href":"https:\/\/stularplus.com\/de\/wp-json\/wp\/v2\/media?parent=10456"}],"wp:term":[{"taxonomy":"product_cat","embeddable":true,"href":"https:\/\/stularplus.com\/de\/wp-json\/wp\/v2\/product_cat?post=10456"},{"taxonomy":"product_tag","embeddable":true,"href":"https:\/\/stularplus.com\/de\/wp-json\/wp\/v2\/product_tag?post=10456"}],"curies":[{"name":"wp","href":"https:\/\/api.w.org\/{rel}","templated":true}]}}