{"id":10467,"date":"2021-12-05T02:29:36","date_gmt":"2021-12-05T01:29:36","guid":{"rendered":"https:\/\/stularplus.com\/industrielles-standard-langnadelmodul\/"},"modified":"2025-10-18T23:51:11","modified_gmt":"2025-10-18T21:51:11","slug":"industrielles-standard-langnadelmodul","status":"publish","type":"product","link":"https:\/\/stularplus.com\/de\/industrielles-standard-langnadelmodul\/","title":{"rendered":"Industrielles Standard-Langnadelmodul"},"content":{"rendered":"<p class=\"blue bold\"><strong>Standard-Industrie-Modul mit LANGER Nadel<\/strong><\/p>\n<p>Das <strong>SPU-Module <\/strong>sind von hoher Qualit\u00e4t, um einer harten industriellen Nutzung standzuhalten. Jedes Modul ist so konzipiert, dass es mit den Abmessungen einer bestimmten Befestigungsgruppe und Nadell\u00e4nge \u00fcbereinstimmt.<\/p>\n<p><em>Pneumatikwerkzeug SPU Mark II Industrieller Standard Long E-Rod f\u00fcr lange Nadeln. Die Verwendung einer pneumatischen Swiftach Power Unit anstelle eines Handwerkzeugs beim Etikettieren oder Verpacken steigert die Produktivit\u00e4t erheblich. Premium-Qualit\u00e4t aus den USA sorgt daf\u00fcr, dass Ihre Produktion mit hoher Geschwindigkeit l\u00e4uft. Dieses Modul kann auf TAGSON PS-1 oder anderen Aufnahmeeinheiten installiert werden. <\/em><\/p>\n<p>Die Verwendung einer pneumatischen <strong>Swiftach Power Unit<\/strong> anstelle eines Handwerkzeugs (Etikettierpistole) beim <strong>Etikettieren<\/strong> oder <strong>Verpacken<\/strong> steigert die Produktivit\u00e4t erheblich. Bei Standardkonfigurationen kann der Bediener beide H\u00e4nde verwenden, um das Produkt und die Etiketten zu handhaben und das Befestigungselement durch Dr\u00fccken einer Taste oder eines Fu\u00dfschalters anzubringen. F\u00fcr eine weitere Produktivit\u00e4tssteigerung k\u00f6nnen die Maschinen helfen, die Materialien zusammenzudr\u00fccken, und sogar in automatisierte Systeme integriert werden.<\/p>\n<h4><strong>Industrielles Standard-Langnadelmodul<\/strong><\/h4>\n<p>Dieses Modul f\u00fchrt jedes <strong>Standard-Gewebebefestigungselement<\/strong> mit einer Filamentl\u00e4nge von 9 mm oder mehr und unter Verwendung einer Standard-Langnadel zu. Dieses Werkzeug wird f\u00fcr Standardmaterialien verwendet. F\u00fchrt <strong>STANDARD-Befestigungselemente<\/strong> mit einer Filamentl\u00e4nge von 7 mm bis zu 65 mm zu<\/p>\n<table class=\"specification-table\" width=\"572\">\n<tbody>\n<tr>\n<td>Etikettieranwendung:<\/td>\n<td>Ja<\/td>\n<\/tr>\n<tr>\n<td>Modul:<\/td>\n<td>Avery Dennison SPU1M01<\/td>\n<\/tr>\n<tr>\n<td>Betriebsdruck:<\/td>\n<td>Luftzufuhr, 80 psi (6 bar)<\/td>\n<\/tr>\n<tr>\n<td>Gesamte Nadell\u00e4nge:<\/td>\n<td>\n<table border=\"0\" cellspacing=\"0\" cellpadding=\"0\">\n<tbody>\n<tr>\n<td><\/td>\n<td>1,75&#8243; (44 mm)<\/td>\n<\/tr>\n<\/tbody>\n<\/table>\n<\/td>\n<\/tr>\n<tr>\n<td>Effektive L\u00e4nge:<\/td>\n<td>0,83&#8243; (21 mm)<\/td>\n<\/tr>\n<tr>\n<td>Etikettier-Dickenbereich:<\/td>\n<td>15 mm \u2013 40 mm<\/td>\n<\/tr>\n<tr>\n<td>Art der Stifte\/Befestigungselemente:<\/td>\n<td>Standard- und Super-Heavy-Duty-Befestigungselemente<\/td>\n<\/tr>\n<tr>\n<td>Max. Geschwindigkeit:<\/td>\n<td>2 Sekunden\/Zyklus<\/td>\n<\/tr>\n<\/tbody>\n<\/table>\n","protected":false},"excerpt":{"rendered":"<p class=\"blue bold\">Standard Industrial<strong> 63 mm LANGES Nadelmodul.<\/strong> Die <strong>SPU-Module<\/strong> sind von hoher Qualit\u00e4t, um dem harten industriellen Einsatz standzuhalten. Jedes Modul ist so konzipiert, dass es den Abmessungen einer bestimmten Gruppe von Befestigungselementen und der Nadell\u00e4nge entspricht.<\/p>\n","protected":false},"featured_media":10211,"template":"","meta":[],"product_cat":[216],"product_tag":[],"_links":{"self":[{"href":"https:\/\/stularplus.com\/de\/wp-json\/wp\/v2\/product\/10467"}],"collection":[{"href":"https:\/\/stularplus.com\/de\/wp-json\/wp\/v2\/product"}],"about":[{"href":"https:\/\/stularplus.com\/de\/wp-json\/wp\/v2\/types\/product"}],"wp:featuredmedia":[{"embeddable":true,"href":"https:\/\/stularplus.com\/de\/wp-json\/wp\/v2\/media\/10211"}],"wp:attachment":[{"href":"https:\/\/stularplus.com\/de\/wp-json\/wp\/v2\/media?parent=10467"}],"wp:term":[{"taxonomy":"product_cat","embeddable":true,"href":"https:\/\/stularplus.com\/de\/wp-json\/wp\/v2\/product_cat?post=10467"},{"taxonomy":"product_tag","embeddable":true,"href":"https:\/\/stularplus.com\/de\/wp-json\/wp\/v2\/product_tag?post=10467"}],"curies":[{"name":"wp","href":"https:\/\/api.w.org\/{rel}","templated":true}]}}