{"id":10468,"date":"2021-12-05T02:29:36","date_gmt":"2021-12-05T01:29:36","guid":{"rendered":"https:\/\/stularplus.com\/tagson-ps-2-es-oeko-verpackungsmaschine\/"},"modified":"2025-10-18T23:57:47","modified_gmt":"2025-10-18T21:57:47","slug":"tagson-ps-2-es-oeko-verpackungsmaschine","status":"publish","type":"product","link":"https:\/\/stularplus.com\/de\/tagson-ps-2-es-oeko-verpackungsmaschine\/","title":{"rendered":"Tagson PS-2\/ES \u00d6ko-Verpackungsmaschine"},"content":{"rendered":"<p class=\"blue bold\"><strong>\u00d6ko-Verpackungsmaschine<\/strong><\/p>\n<p>Die automatisierte pneumatische Verpackungsmaschine PS-2\/ES mit  <strong>eingebautem IndES\u00ae Elastic Staple\u2122 Befestigungssystem<\/strong> mit Ein- oder Zweinadelbetrieb kann als Verpackungs- oder Etikettierungsmethode f\u00fcr alle Arten von Produkten verwendet werden. Das System ist einfach zu bedienen, zuverl\u00e4ssig und eine vielseitige Verpackungsl\u00f6sung, die Herstellern hilft, verpackungsbezogene Kosten zu senken und die Produktivit\u00e4t zu verbessern. <\/p>\n<p>Elastikheftsysteme sind so konzipiert, dass sie Produkte sicher auf einer Tr\u00e4gerkarte oder in einer Verpackung halten. Mit <g id=\"gid_0\">Heftl\u00e4ngen von 15 mm bis 200 mm<\/g> und Zugfestigkeitsstufen von Standard bis Heavy Duty passen sich diese biegsamen Klammern einer Vielzahl von Produktformen und -gr\u00f6\u00dfen an. Produkte, die mit Elastikheften verpackt sind, erh\u00f6hen die Attraktivit\u00e4t f\u00fcr den Verbraucher und <g id=\"gid_1\">reduzieren Plastikm\u00fcll<\/g> im Vergleich zu herk\u00f6mmlichen Befestigungssystemen. Sie k\u00f6nnen einem Markeninhaber helfen, die Verpackungsoptionen f\u00fcr einen schnellen ROI zu maximieren.   <\/p>\n<p><strong>KEINE Blisterverpackungen \u2013 KEINE Clamshell-Verpackungen \u2013 KEINE Kabelbinder \u2013 KEINE Drehverschl\u00fcsse<\/strong><\/p>\n<h4><img fetchpriority=\"high\" decoding=\"async\" class=\"alignnone wp-image-1151 size-full\" src=\"http:\/\/tagson.eu\/wp-content\/uploads\/2019\/10\/tagson-reduce-plastic-waste-by-99.jpg\" sizes=\"(max-width: 800px) 100vw, 800px\" srcset=\"https:\/\/tagson.eu\/wp-content\/uploads\/2019\/10\/tagson-reduce-plastic-waste-by-99.jpg 800w, https:\/\/tagson.eu\/wp-content\/uploads\/2019\/10\/tagson-reduce-plastic-waste-by-99-480x311.jpg 480w, https:\/\/tagson.eu\/wp-content\/uploads\/2019\/10\/tagson-reduce-plastic-waste-by-99-768x497.jpg 768w\" alt=\"\" width=\"800\" height=\"518\" title=\"\"><\/h4>\n<h4>Plastikverpackungen um 99 % reduzieren<\/h4>\n<p>\u2022 Energieverbrauch um bis zu das 4-fache senken (im Vergleich zu Blisterverpackungen)<br \/>\n\u2022 Ausfallzeiten durch Reduzierung von Zeit und Schritten in der Verpackungsproduktion verringern<br \/>\n\u2022 Arbeitsbelastung des Bedienpersonals reduzieren<br \/>\n\u2022 Materialkosten senken<\/p>\n<h4>Kundenerlebnis verbessern<\/h4>\n<p>\u2022 Weniger Verpackung verbessert die Optik des Produkts am Point-of-Sale<br \/>\n\u2022 Schnellere, einfachere und sicherere Entnahme des Produkts aus der Verpackung<br \/>\n\u2022 Verbraucher bevorzugen den Kauf von umweltfreundlich verpackten Produkten<\/p>\n<table class=\"specification-table\" width=\"572\">\n<tbody>\n<tr>\n<td>Maschinenspezifikationen:<\/td>\n<td><\/td>\n<\/tr>\n<tr>\n<td>Etikettieranwendung:<\/td>\n<td>Ja<\/td>\n<\/tr>\n<tr>\n<td>Verpackungsanwendung:<\/td>\n<td>Ja<\/td>\n<\/tr>\n<tr>\n<td>Verpackungsbreitenbereich:<\/td>\n<td>15 mm \u2013 160 mm<\/td>\n<\/tr>\n<tr>\n<td>Modul:<\/td>\n<td>Avery Dennison IndES<\/td>\n<\/tr>\n<tr>\n<td>Betriebsdruck:<\/td>\n<td>40 psi (2,75 bar) \u2013 80 psi (5,5 bar)<\/td>\n<\/tr>\n<tr>\n<td>Art der Stifte\/Befestigungselemente:<\/td>\n<td>IndES\u00ae Elastic Staples<\/td>\n<\/tr>\n<tr>\n<td>Max. Geschwindigkeit:<\/td>\n<td>1,5 Sekunden\/Zyklus<\/td>\n<\/tr>\n<tr>\n<td>H\u00f6henverstellungen:<\/td>\n<td>Nein<\/td>\n<\/tr>\n<tr>\n<td>Nadelbreitenverstellung:<\/td>\n<td>Ja, 15 mm \u2013 160 mm<\/td>\n<\/tr>\n<tr>\n<td>Lasermarkierer:<\/td>\n<td>Ja<\/td>\n<\/tr>\n<tr>\n<td>Fu\u00dfpedal:<\/td>\n<td>Optional<\/td>\n<\/tr>\n<tr>\n<td>Maschinenabmessungen:<\/td>\n<td>550 x 500 x 1300 mm<\/td>\n<\/tr>\n<tr>\n<td>Gesamtverpackungspaket:<\/td>\n<td>600 x 600 x 700 mm<\/td>\n<\/tr>\n<tr>\n<td>Gewicht:<\/td>\n<td>30 kg<\/td>\n<\/tr>\n<tr>\n<td>.<\/td>\n<td><\/td>\n<\/tr>\n<tr>\n<td>Heftklammer-Spezifikationen:<\/td>\n<td><\/td>\n<\/tr>\n<tr>\n<td>Standard-Heftklammer:<\/td>\n<td>min. Zugfestigkeit 5 lbsf (2,27 kg)<\/td>\n<\/tr>\n<tr>\n<td>Hochleistungs-Heftklammer:<\/td>\n<td>min. Zugfestigkeit 6 lbsf (2,72 kg)<\/td>\n<\/tr>\n<tr>\n<td>Material:<\/td>\n<td>Polyurethan<\/td>\n<\/tr>\n<tr>\n<td>Gewicht:<\/td>\n<td>0,026 g \u2013 0,077 g<\/td>\n<\/tr>\n<tr>\n<td>Verpackung:<\/td>\n<td>10.000 Heftklammern pro ReelStaple<\/td>\n<\/tr>\n<tr>\n<td>Betriebstemperatur:<\/td>\n<td>-26\u00b0C (-15\u00b0F) bis 60\u00b0C (140\u00b0F)<\/td>\n<\/tr>\n<tr>\n<td>Standard-Heftklammer-Anwendung:<\/td>\n<td>11600 IndES\u00ae Modul (Alle Heftklammergr\u00f6\u00dfen)<\/td>\n<\/tr>\n<\/tbody>\n<\/table>\n<div class=\"row product_specification_container product-padding\">\n<p><strong>Kostenlose Tests<\/strong><\/p>\n<\/div>\n<div class=\"row product_banners_container product-padding\">\n<div class=\"templatera_shortcode\">\n<section class=\"vc_section\">\n<div class=\"vc_row wpb_row vc_row-fluid two_column_banners vc_column-gap-35\">\n<div class=\"wpb_column vc_column_container vc_col-sm-6 vc_col-has-fill\">\n<div class=\"vc_column-inner vc_custom_1568291041704\">\n<div class=\"wpb_wrapper\">\n<div class=\"wpb_text_column wpb_content_element vc_custom_1575308221273 white\">\n<div class=\"wpb_wrapper\">\n<p>Wenn Sie ein kostenloses Muster Ihres mit unseren Maschinen verpackten Produkts erhalten m\u00f6chten, kontaktieren Sie uns und wir erstellen Ihnen eine kostenlose Pr\u00e4sentation. Lassen Sie sich von unseren Ingenieuren durch den Prozess der kostenlosen Tests f\u00fchren. <\/p>\n<\/div>\n<\/div>\n<\/div>\n<\/div>\n<\/div>\n<\/div>\n<\/section>\n<\/div>\n<\/div>\n","protected":false},"excerpt":{"rendered":"<p>Automatisierte pneumatische Verpackungsmaschine mit eingebautem <strong>IndES\u00ae Elastic Staple\u2122 Befestigungssystem<\/strong> (Heftl\u00e4ngen von 15 mm bis 200 mm) mit Ein- oder Zweinadelbetrieb kann als Verpackungs- oder Etikettierungsmethode f\u00fcr alle Arten von Produkten verwendet werden. <strong>Reduzieren Sie Plastikverpackungsabf\u00e4lle um 99 %. <\/strong> <\/p>\n","protected":false},"featured_media":10469,"template":"","meta":[],"product_cat":[215],"product_tag":[],"_links":{"self":[{"href":"https:\/\/stularplus.com\/de\/wp-json\/wp\/v2\/product\/10468"}],"collection":[{"href":"https:\/\/stularplus.com\/de\/wp-json\/wp\/v2\/product"}],"about":[{"href":"https:\/\/stularplus.com\/de\/wp-json\/wp\/v2\/types\/product"}],"wp:featuredmedia":[{"embeddable":true,"href":"https:\/\/stularplus.com\/de\/wp-json\/wp\/v2\/media\/10469"}],"wp:attachment":[{"href":"https:\/\/stularplus.com\/de\/wp-json\/wp\/v2\/media?parent=10468"}],"wp:term":[{"taxonomy":"product_cat","embeddable":true,"href":"https:\/\/stularplus.com\/de\/wp-json\/wp\/v2\/product_cat?post=10468"},{"taxonomy":"product_tag","embeddable":true,"href":"https:\/\/stularplus.com\/de\/wp-json\/wp\/v2\/product_tag?post=10468"}],"curies":[{"name":"wp","href":"https:\/\/api.w.org\/{rel}","templated":true}]}}