{"id":10482,"date":"2021-12-05T02:29:36","date_gmt":"2021-12-05T01:29:36","guid":{"rendered":"https:\/\/stularplus.com\/tagson-s-a-m\/"},"modified":"2025-10-18T23:45:27","modified_gmt":"2025-10-18T21:45:27","slug":"tagson-s-a-m","status":"publish","type":"product","link":"https:\/\/stularplus.com\/de\/tagson-s-a-m\/","title":{"rendered":"TAGSON S.A.M."},"content":{"rendered":"<p>Die perfekte L\u00f6sung zum Etikettieren von Kleidung, d\u00fcnnen Socken oder anderen Stoffen. Mit dem eingebauten Fine Fabric Avery Dennison Modul werden die Stoffe nicht besch\u00e4digt. Modulhalter und Nadelposition k\u00f6nnen nach Bedarf des Bedieners eingestellt werden, um beste Arbeitsbedingungen zu gew\u00e4hrleisten. PS-1\/SAM kann Produkte mit einer Dicke von 15 mm bis 40 mm verpacken.<\/p>\n<p><em>Die leichte, hochgradig portable Tischmaschine PS-1\/SAM nimmt Ihnen die H\u00e4lfte der Arbeit ab. Durch das Anbringen von Stoffen auf der Nadel von Hand bet\u00e4tigt der Bediener gleichzeitig den Fingerschalter, der den Befestiger durch die Nadel auswirft. <\/em><\/p>\n<p>Jede Maschine wird mit h\u00f6chster Pr\u00e4zision gefertigt und auf die Anforderungen der Endverbraucher zugeschnitten. Das Herzst\u00fcck der Maschine wird <strong>von einem<\/strong> <strong>Avery Dennison SPU-Modul angetrieben<\/strong>, was den h\u00f6chsten Industriestandard an Qualit\u00e4t und Zuverl\u00e4ssigkeit gew\u00e4hrleistet. Das Hauptmodul kann in jedes andere Avery Dennison Modul ausgetauscht werden, um maximale Effizienz zu gew\u00e4hrleisten. Die Basis der Maschine ist sorgf\u00e4ltig mit den besten Materialien f\u00fcr Ventile, Schalter, handgefertigte Achsen, Aluminiumgestell, St\u00e4nder und PTFE-Halterungen konstruiert.<\/p>\n<table class=\"specification-table\" width=\"572\">\n<tbody>\n<tr>\n<td>Etikettieranwendung:<\/td>\n<td>Ja<\/td>\n<\/tr>\n<tr>\n<td>Modul:<\/td>\n<td>Avery Dennison Swiftach SPU2M02<\/td>\n<\/tr>\n<tr>\n<td>Betriebsdruck:<\/td>\n<td>Luftzufuhr, 80 psi (6 bar)<\/td>\n<\/tr>\n<tr>\n<td>Gesamte Nadell\u00e4nge:<\/td>\n<td>48,6 mm<\/td>\n<\/tr>\n<tr>\n<td>Effektive L\u00e4nge:<\/td>\n<td>38 mm<\/td>\n<\/tr>\n<tr>\n<td>Auszeichnungsdickenbereich:<\/td>\n<td>7 mm \u2013 40 mm<\/td>\n<\/tr>\n<tr>\n<td>Art der Stifte\/Befestigungselemente:<\/td>\n<td>Feine Nylonbefestiger f\u00fcr Stoffe<\/td>\n<\/tr>\n<tr>\n<td>Max. Geschwindigkeit:<\/td>\n<td>1,5 Sekunden\/Zyklus<\/td>\n<\/tr>\n<tr>\n<td>H\u00f6henverstellungen:<\/td>\n<td>Nein<\/td>\n<\/tr>\n<tr>\n<td>Lasermarkierer:<\/td>\n<td>Optional<\/td>\n<\/tr>\n<tr>\n<td>Zwei Sicherheitsfingerschalter:<\/td>\n<td>Optional<\/td>\n<\/tr>\n<tr>\n<td>J HOOK Anwendung:<\/td>\n<td>Nein<\/td>\n<\/tr>\n<tr>\n<td>Nadelplattenkompression:<\/td>\n<td>Nein<\/td>\n<\/tr>\n<tr>\n<td>Maschinenabmessungen:<\/td>\n<td>400 x 160 x 320 mm<\/td>\n<\/tr>\n<tr>\n<td>Gesamtverpackungspaket:<\/td>\n<td>\/<\/td>\n<\/tr>\n<tr>\n<td>Gewicht:<\/td>\n<td>1 kg<\/td>\n<\/tr>\n<\/tbody>\n<\/table>\n<div class=\"wpb_text_column wpb_content_element vc_custom_1574181509010 blue\">\n<div class=\"wpb_wrapper\">\n<p><strong>Kostenlose Tests<\/strong><\/p>\n<\/div>\n<\/div>\n<div class=\"wpb_text_column wpb_content_element vc_custom_1575308221273 white\">\n<div class=\"wpb_wrapper\">\n<p>Wenn Sie ein kostenloses Muster Ihres mit unseren Maschinen verpackten Produkts erhalten m\u00f6chten, kontaktieren Sie uns und wir erstellen Ihnen eine kostenlose Pr\u00e4sentation. Lassen Sie sich von unseren Ingenieuren durch den Prozess der kostenlosen Tests f\u00fchren.<\/p>\n<\/div>\n<\/div>\n<p>F\u00fcr weitere Informationen besuchen Sie bitte unsere offizielle TAGSON-Website: https:\/\/tagson.eu\/products\/ps-1-sam\/<\/p>\n","protected":false},"excerpt":{"rendered":"<p>Die leichte, hochgradig portable, halbautomatische Tisch-Etikettiermaschine PS-1\/SAM nimmt Ihnen die H\u00e4lfte der Arbeit ab. Verpacken Sie Produkte mit einer Dicke von 15 mm bis 40 mm. Ideal zum Etikettieren von Kleidungsst\u00fccken, Socken, Handschuhen, Handt\u00fcchern und anderen Textilien.<\/p>\n","protected":false},"featured_media":10484,"template":"","meta":[],"product_cat":[215],"product_tag":[],"_links":{"self":[{"href":"https:\/\/stularplus.com\/de\/wp-json\/wp\/v2\/product\/10482"}],"collection":[{"href":"https:\/\/stularplus.com\/de\/wp-json\/wp\/v2\/product"}],"about":[{"href":"https:\/\/stularplus.com\/de\/wp-json\/wp\/v2\/types\/product"}],"wp:featuredmedia":[{"embeddable":true,"href":"https:\/\/stularplus.com\/de\/wp-json\/wp\/v2\/media\/10484"}],"wp:attachment":[{"href":"https:\/\/stularplus.com\/de\/wp-json\/wp\/v2\/media?parent=10482"}],"wp:term":[{"taxonomy":"product_cat","embeddable":true,"href":"https:\/\/stularplus.com\/de\/wp-json\/wp\/v2\/product_cat?post=10482"},{"taxonomy":"product_tag","embeddable":true,"href":"https:\/\/stularplus.com\/de\/wp-json\/wp\/v2\/product_tag?post=10482"}],"curies":[{"name":"wp","href":"https:\/\/api.w.org\/{rel}","templated":true}]}}