{"id":10483,"date":"2021-12-05T02:29:36","date_gmt":"2021-12-05T01:29:36","guid":{"rendered":"https:\/\/stularplus.com\/225mm-tag-easy-barrel-s-tach\/"},"modified":"2025-10-21T21:29:20","modified_gmt":"2025-10-21T19:29:20","slug":"225mm-tag-easy-barrel-s-tach","status":"publish","type":"product","link":"https:\/\/stularplus.com\/de\/225mm-tag-easy-barrel-s-tach\/","title":{"rendered":"225mm Tag Easy Barrel S-Tach"},"content":{"rendered":"<div class=\"elementor-element elementor-element-219ff3a elementor-widget elementor-widget-woocommerce-product-content\" data-id=\"219ff3a\" data-element_type=\"widget\" data-widget_type=\"woocommerce-product-content.default\">\n<div class=\"elementor-widget-container\">\n<p>Eine <strong>wirtschaftliche L\u00f6sung<\/strong> f\u00fcr die <strong>Auszeichnung von Hartwaren<\/strong> oder schnelles und sicheres B\u00fcndeln. <strong>Keine Nadeln erforderlich.<\/strong><\/p>\n<p>Perfect for tagging shoes, glasses, belts, bikes, etc.. Fast, economical and secure, the operator simply inserts the tail of the fastener into the head for a secure lock, tagging without tools or needles. One bag contains 5.000 fasteners.<\/p>\n<p><strong>Secur-a-tach Befestigungselemente<\/strong> sind schnell, wirtschaftlich und sicher, was sie zur <strong>perfekten L\u00f6sung zum Etikettieren<\/strong> von Hartwaren macht. Die propriet\u00e4re Dehnungstechnologie von Avery Dennison produziert st\u00e4rkere, flexiblere Befestigungselemente mit einer durchschnittlichen Zugfestigkeit von 8 lbs. <\/p>\n<p>Der Preis gilt pro Schachtel mit 5.000 St\u00fcck.<\/p>\n<\/div>\n<\/div>\n","protected":false},"excerpt":{"rendered":"<p>225 mm <b>TAG EASY BARREL S-TACH<\/b>. Perfekt zum Etikettieren von Schuhen, Hartwaren, Kunststoff, Metall, Leder, Handtaschen, Brillen, G\u00fcrteln, Fahrr\u00e4dern usw. Mit S-Tach besch\u00e4digen Sie die Produkte nicht.  <\/p>\n<p>Der Preis gilt pro Schachtel mit 5.000 St\u00fcck.<\/p>\n","protected":false},"featured_media":10485,"template":"","meta":[],"product_cat":[228],"product_tag":[],"_links":{"self":[{"href":"https:\/\/stularplus.com\/de\/wp-json\/wp\/v2\/product\/10483"}],"collection":[{"href":"https:\/\/stularplus.com\/de\/wp-json\/wp\/v2\/product"}],"about":[{"href":"https:\/\/stularplus.com\/de\/wp-json\/wp\/v2\/types\/product"}],"wp:featuredmedia":[{"embeddable":true,"href":"https:\/\/stularplus.com\/de\/wp-json\/wp\/v2\/media\/10485"}],"wp:attachment":[{"href":"https:\/\/stularplus.com\/de\/wp-json\/wp\/v2\/media?parent=10483"}],"wp:term":[{"taxonomy":"product_cat","embeddable":true,"href":"https:\/\/stularplus.com\/de\/wp-json\/wp\/v2\/product_cat?post=10483"},{"taxonomy":"product_tag","embeddable":true,"href":"https:\/\/stularplus.com\/de\/wp-json\/wp\/v2\/product_tag?post=10483"}],"curies":[{"name":"wp","href":"https:\/\/api.w.org\/{rel}","templated":true}]}}