{"id":10520,"date":"2021-12-05T02:29:37","date_gmt":"2021-12-05T01:29:37","guid":{"rendered":"https:\/\/stularplus.com\/flexi-korb-21-liter-blau\/"},"modified":"2025-10-17T15:38:10","modified_gmt":"2025-10-17T13:38:10","slug":"flexi-korb-21-liter-blau","status":"publish","type":"product","link":"https:\/\/stularplus.com\/de\/flexi-korb-21-liter-blau\/","title":{"rendered":"Flexi-Korb 21 Liter blau"},"content":{"rendered":"<p>Flexi- <strong>Einkaufsk\u00f6rbe<\/strong> sind aus <strong>strapazierf\u00e4higem Hartplastik<\/strong> und schlagfest gefertigt.<br \/>\nDas neueste und modernste Design von <strong>Einkaufsk\u00f6rben<\/strong> auf dem Markt.<\/p>\n<p>Die Hauptmerkmale des <strong>Flexi-Einkaufskorbs:<\/strong><\/p>\n<p>&#8211; Fassungsverm\u00f6gen 21 Liter<br \/>\n&#8211; Ergonomisch, da er die nat\u00fcrliche Form des Korbes nachahmt<br \/>\n&#8211; Leicht zu reinigen und zu lagern; einfache Sammlung mit Plattformwagen<br \/>\n&#8211; Platz f\u00fcr Werbung<br \/>\n&#8211; Strapazierf\u00e4higer Kunststoff<br \/>\n&#8211; Da er aus einem einzigen Material besteht, ist er zu 100 % recycelbar<br \/>\n&#8211; Leicht zu reinigen<br \/>\n&#8211; Garantie: 1 Jahr<\/p>\n<p><strong>Technische Daten:<\/strong><br \/>\n&#8211; Volumen: 21 Liter<br \/>\n&#8211; Gewicht: 710 g<br \/>\n&#8211; Abmessungen (mm): 510 x 350 x 206<\/p>\n<p><strong>RECYCLING<\/strong><br \/>\nRecycelte Komponenten unserer Beh\u00e4lter (von 10 % bis 60 %) stammen aus unseren alten <strong>K\u00f6rben<\/strong>.<br \/>\nDies bedeutet eine weitere Garantie f\u00fcr Qualit\u00e4t und Umwelt.<\/p>\n<p><strong>Hergestellt in der EU.<\/strong><\/p>\n","protected":false},"excerpt":{"rendered":"<p><b>Flexi-Einkaufskorb<\/b> BLAU. Fassungsverm\u00f6gen 21 Liter. Neuestes Design f\u00fcr Einkaufsk\u00f6rbe auf dem Markt.  <\/p>\n","protected":false},"featured_media":10521,"template":"","meta":[],"product_cat":[229],"product_tag":[],"_links":{"self":[{"href":"https:\/\/stularplus.com\/de\/wp-json\/wp\/v2\/product\/10520"}],"collection":[{"href":"https:\/\/stularplus.com\/de\/wp-json\/wp\/v2\/product"}],"about":[{"href":"https:\/\/stularplus.com\/de\/wp-json\/wp\/v2\/types\/product"}],"wp:featuredmedia":[{"embeddable":true,"href":"https:\/\/stularplus.com\/de\/wp-json\/wp\/v2\/media\/10521"}],"wp:attachment":[{"href":"https:\/\/stularplus.com\/de\/wp-json\/wp\/v2\/media?parent=10520"}],"wp:term":[{"taxonomy":"product_cat","embeddable":true,"href":"https:\/\/stularplus.com\/de\/wp-json\/wp\/v2\/product_cat?post=10520"},{"taxonomy":"product_tag","embeddable":true,"href":"https:\/\/stularplus.com\/de\/wp-json\/wp\/v2\/product_tag?post=10520"}],"curies":[{"name":"wp","href":"https:\/\/api.w.org\/{rel}","templated":true}]}}