{"id":10534,"date":"2021-12-05T02:29:29","date_gmt":"2021-12-05T01:29:29","guid":{"rendered":"https:\/\/stularplus.com\/70-mm-hochbelastbare-t-end\/"},"modified":"2025-10-17T15:32:16","modified_gmt":"2025-10-17T13:32:16","slug":"70-mm-hochbelastbare-t-end","status":"publish","type":"product","link":"https:\/\/stularplus.com\/de\/70-mm-hochbelastbare-t-end\/","title":{"rendered":"70 mm hochbelastbare T-END"},"content":{"rendered":"<div class=\"elementor-element elementor-element-219ff3a elementor-widget elementor-widget-woocommerce-product-content\" data-id=\"219ff3a\" data-element_type=\"widget\" data-widget_type=\"woocommerce-product-content.default\">\n<div class=\"elementor-widget-container\">\n<div class=\"elementor-element elementor-element-93a7a1e elementor-widget elementor-widget-woocommerce-product-content\" data-id=\"93a7a1e\" data-element_type=\"widget\" data-widget_type=\"woocommerce-product-content.default\">\n<div class=\"elementor-widget-container\">\n<div class=\"elementor-element elementor-element-219ff3a elementor-widget elementor-widget-woocommerce-product-content\" data-id=\"219ff3a\" data-element_type=\"widget\" data-widget_type=\"woocommerce-product-content.default\">\n<div class=\"elementor-widget-container\">\n<div class=\"elementor-element elementor-element-93a7a1e elementor-widget elementor-widget-woocommerce-product-content\" data-id=\"93a7a1e\" data-element_type=\"widget\" data-widget_type=\"woocommerce-product-content.default\">\n<div class=\"elementor-widget-container\">\n<div class=\"elementor-element elementor-element-93a7a1e elementor-widget elementor-widget-woocommerce-product-content\" data-id=\"93a7a1e\" data-element_type=\"widget\" data-widget_type=\"woocommerce-product-content.default\">\n<div class=\"elementor-widget-container\">\n<div class=\"elementor-element elementor-element-219ff3a elementor-widget elementor-widget-woocommerce-product-content\" data-id=\"219ff3a\" data-element_type=\"widget\" data-widget_type=\"woocommerce-product-content.default\">\n<div class=\"elementor-widget-container\">\n<div class=\"elementor-element elementor-element-93a7a1e elementor-widget elementor-widget-woocommerce-product-content\" data-id=\"93a7a1e\" data-element_type=\"widget\" data-widget_type=\"woocommerce-product-content.default\">\n<div class=\"elementor-widget-container\">\n<p>Das <strong>extra robuste T-End-System<\/strong> wurde entwickelt, um das Schuhzurichten im laufenden Prozess und die Verpackung zu vereinfachen.<\/p>\n<p><strong>Avery Dennison<\/strong> bietet eine gro\u00dfe Auswahl an hochfesten Befestigungselementen zur Verwendung mit gro\u00dfen oder kleinen \u00d6sen. Diese Befestigungselemente sind auch eine schnelle, trockene und geruchsneutrale Alternative zu Klebstoffen \u2013 <strong>sparen Sie Zeit<\/strong> und <strong>Geld<\/strong> mit dem <strong>Matratzenbefestigungssystem<\/strong>. <\/p>\n<p>Es eliminiert unordentliche Sprays, Hei\u00dfschmelzklebstoffe und wasserbasierte Klebstoffe mit einem schnellen Klick.<\/p>\n<p>Gewicht: 0,72 kg\/St\u00fcck<\/p>\n<\/div>\n<\/div>\n<\/div>\n<\/div>\n<\/div>\n<\/div>\n<\/div>\n<\/div>\n<\/div>\n<\/div>\n<\/div>\n<\/div>\n<\/div>\n<\/div>\n<p>&nbsp;<\/p>\n","protected":false},"excerpt":{"rendered":"<p>Original Avery Dennison <b>Hochbelastbare T-End-Befestiger<\/b> 70 mm NY (Nylon). Die Box enth\u00e4lt 3.000 Befestiger. Perfekte Alternative zu unordentlichen Sprays, Hei\u00dfschmelzklebstoffen und wasserbasierten Klebstoffen. DIE BOX ENTH\u00c4LT 3.0000 ST\u00dcCK.   <\/p>\n","protected":false},"featured_media":10536,"template":"","meta":[],"product_cat":[230],"product_tag":[],"_links":{"self":[{"href":"https:\/\/stularplus.com\/de\/wp-json\/wp\/v2\/product\/10534"}],"collection":[{"href":"https:\/\/stularplus.com\/de\/wp-json\/wp\/v2\/product"}],"about":[{"href":"https:\/\/stularplus.com\/de\/wp-json\/wp\/v2\/types\/product"}],"wp:featuredmedia":[{"embeddable":true,"href":"https:\/\/stularplus.com\/de\/wp-json\/wp\/v2\/media\/10536"}],"wp:attachment":[{"href":"https:\/\/stularplus.com\/de\/wp-json\/wp\/v2\/media?parent=10534"}],"wp:term":[{"taxonomy":"product_cat","embeddable":true,"href":"https:\/\/stularplus.com\/de\/wp-json\/wp\/v2\/product_cat?post=10534"},{"taxonomy":"product_tag","embeddable":true,"href":"https:\/\/stularplus.com\/de\/wp-json\/wp\/v2\/product_tag?post=10534"}],"curies":[{"name":"wp","href":"https:\/\/api.w.org\/{rel}","templated":true}]}}