{"id":10547,"date":"2021-12-05T02:29:28","date_gmt":"2021-12-05T01:29:28","guid":{"rendered":"https:\/\/stularplus.com\/11mm-swiftach-system-1000-ny\/"},"modified":"2025-10-19T10:22:23","modified_gmt":"2025-10-19T08:22:23","slug":"11mm-swiftach-system-1000-ny","status":"publish","type":"product","link":"https:\/\/stularplus.com\/de\/11mm-swiftach-system-1000-ny\/","title":{"rendered":"11mm Swiftach System 1000 NY"},"content":{"rendered":"<div class=\"elementor-element elementor-element-93a7a1e elementor-widget elementor-widget-woocommerce-product-content\" data-id=\"93a7a1e\" data-element_type=\"widget\" data-widget_type=\"woocommerce-product-content.default\">\n<div class=\"elementor-widget-container\">\n<p>Die Verwendung von Avery Dennison <strong>S1000-Auszeichner<\/strong> und <strong>-Nadeln<\/strong> ist fast zwanzigmal schneller als bei gew\u00f6hnlichen Befestigungswerkzeugen.<\/p>\n<p>Jeder Arbeitsgang, bei dem die Produktivit\u00e4t gemessen wird, profitiert von den Vorteilen des <strong>Swiftach Systems 1000<\/strong>. Gro\u00dfe <strong>Befestigungselemente<\/strong> im Paddelstil verhindern das Austauschen von Etiketten und es entsteht kein Abfallstreifen, der entsorgt werden muss, wenn der Bediener fertig ist. Steigern Sie Ihre Produktivit\u00e4t mit <strong>System 1000<\/strong> und der Verwendung von 1000 <strong>Nadeln<\/strong> an einem Clip.  <\/p>\n<p>Material: Nylon<\/p>\n<p>Eine Rolle enth\u00e4lt 1.000 <strong>Nadeln.<br \/>\n<\/strong><\/p>\n<p>Eine Schachtel enth\u00e4lt 5 Rollen mit je 1000 Nadeln.<\/p>\n<p>Gewicht: 0,05 kg\/Tsd.<\/p>\n<\/div>\n<\/div>\n","protected":false},"excerpt":{"rendered":"<p><b>11mm Nylonstifte<\/b> f\u00fcr Etikettierpistole S1000. Etikettieren Sie 1000 Kleidungsst\u00fccke ohne Nachladen. Der Preis gilt pro Karton mit 5.000 St\u00fcck.  <\/p>\n","protected":false},"featured_media":10548,"template":"","meta":[],"product_cat":[231],"product_tag":[],"_links":{"self":[{"href":"https:\/\/stularplus.com\/de\/wp-json\/wp\/v2\/product\/10547"}],"collection":[{"href":"https:\/\/stularplus.com\/de\/wp-json\/wp\/v2\/product"}],"about":[{"href":"https:\/\/stularplus.com\/de\/wp-json\/wp\/v2\/types\/product"}],"wp:featuredmedia":[{"embeddable":true,"href":"https:\/\/stularplus.com\/de\/wp-json\/wp\/v2\/media\/10548"}],"wp:attachment":[{"href":"https:\/\/stularplus.com\/de\/wp-json\/wp\/v2\/media?parent=10547"}],"wp:term":[{"taxonomy":"product_cat","embeddable":true,"href":"https:\/\/stularplus.com\/de\/wp-json\/wp\/v2\/product_cat?post=10547"},{"taxonomy":"product_tag","embeddable":true,"href":"https:\/\/stularplus.com\/de\/wp-json\/wp\/v2\/product_tag?post=10547"}],"curies":[{"name":"wp","href":"https:\/\/api.w.org\/{rel}","templated":true}]}}