{"id":10552,"date":"2021-12-05T02:29:33","date_gmt":"2021-12-05T01:29:33","guid":{"rendered":"https:\/\/stularplus.com\/15mm-fleischbefestiger-gruen\/"},"modified":"2025-10-17T15:32:06","modified_gmt":"2025-10-17T13:32:06","slug":"15mm-fleischbefestiger-gruen","status":"publish","type":"product","link":"https:\/\/stularplus.com\/de\/15mm-fleischbefestiger-gruen\/","title":{"rendered":"15mm Fleischbefestiger Gr\u00fcn"},"content":{"rendered":"<p>Entwickelt f\u00fcr den robusten Einsatz, wie z.B. bei <strong>Anwendungen zur Fleischkennzeichnung<\/strong>. Extrastarke <strong>Doppelpaddel-Befestiger<\/strong> bieten einen festen Halt f\u00fcr eine einfache und vollst\u00e4ndige Entfernung. <strong>FDA-zugelassen<\/strong> und aus lebensmittelechten Materialien hergestellt. <\/p>\n<p>Diese einzigartigen <strong>Fleischbefestiger<\/strong> wurden neu entwickelt, um sie besser als je zuvor zu machen.<\/p>\n<p>Hauptmerkmale und Vorteile:<\/p>\n<p>&#8211; Doppelpaddel erleichtert das Greifen f\u00fcr die Entfernung des einteiligen Befestigers<br \/>\n&#8211; Verdoppelung der Befestiger pro Clip auf 50 erm\u00f6glicht h\u00f6here Produktivit\u00e4t<br \/>\n&#8211; Nylon 6\/6 Material enth\u00e4lt kein Caprolactam (ein toxisches Reizmittel).<br \/>\n&#8211; Befestiger haben 25 % mehr Zugfestigkeit.<\/p>\n<p>Zum Anbringen von <strong>TagFast Befestigern<\/strong> verwenden Sie ausschlie\u00dflich das Avery Dennison <strong>Fleischkennzeichnungsger\u00e4t<\/strong>.<\/p>\n<p><strong>F\u00fcr weitere Informationen und kostenlose Muster kontaktieren Sie uns bitte.<\/strong><\/p>\n<p>Gewicht: 0,24 kg\/Tsd.<\/p>\n","protected":false},"excerpt":{"rendered":"<p>15mm gr\u00fcne Fleischbefestiger f\u00fcr die <b>Fleischkennzeichnung<\/b>. AVERY DENNISON ORIGINAL. FDA-zugelassen und aus lebensmittelechten Materialien hergestellt.   <strong>Der Preis gilt pro Beutel mit 1.000 Befestigern.<\/strong><\/p>\n","protected":false},"featured_media":10553,"template":"","meta":[],"product_cat":[232],"product_tag":[],"_links":{"self":[{"href":"https:\/\/stularplus.com\/de\/wp-json\/wp\/v2\/product\/10552"}],"collection":[{"href":"https:\/\/stularplus.com\/de\/wp-json\/wp\/v2\/product"}],"about":[{"href":"https:\/\/stularplus.com\/de\/wp-json\/wp\/v2\/types\/product"}],"wp:featuredmedia":[{"embeddable":true,"href":"https:\/\/stularplus.com\/de\/wp-json\/wp\/v2\/media\/10553"}],"wp:attachment":[{"href":"https:\/\/stularplus.com\/de\/wp-json\/wp\/v2\/media?parent=10552"}],"wp:term":[{"taxonomy":"product_cat","embeddable":true,"href":"https:\/\/stularplus.com\/de\/wp-json\/wp\/v2\/product_cat?post=10552"},{"taxonomy":"product_tag","embeddable":true,"href":"https:\/\/stularplus.com\/de\/wp-json\/wp\/v2\/product_tag?post=10552"}],"curies":[{"name":"wp","href":"https:\/\/api.w.org\/{rel}","templated":true}]}}