{"id":10561,"date":"2021-12-05T02:29:33","date_gmt":"2021-12-05T01:29:33","guid":{"rendered":"https:\/\/stularplus.com\/13mm-kunststoffheftklammer-grau\/"},"modified":"2025-10-17T16:42:34","modified_gmt":"2025-10-17T14:42:34","slug":"13mm-kunststoffheftklammer-grau","status":"publish","type":"product","link":"https:\/\/stularplus.com\/de\/13mm-kunststoffheftklammer-grau\/","title":{"rendered":"13mm Kunststoffheftklammer Grau"},"content":{"rendered":"<div class=\"elementor-element elementor-element-219ff3a elementor-widget elementor-widget-woocommerce-product-content\" data-id=\"219ff3a\" data-element_type=\"widget\" data-widget_type=\"woocommerce-product-content.default\">\n<div class=\"elementor-widget-container\">\n<div class=\"elementor-element elementor-element-93a7a1e elementor-widget elementor-widget-woocommerce-product-content\" data-id=\"93a7a1e\" data-element_type=\"widget\" data-widget_type=\"woocommerce-product-content.default\">\n<div class=\"elementor-widget-container\">\n<p><strong>13-mm-Kunststoffklammern<\/strong> als elastische, d\u00fcnne Kunststoff-<strong>T-End-Klammern.<\/strong><br \/>\nKunststoffklammern, die mit dem Ger\u00e4t ST9500 angebracht werden, sind ideal f\u00fcr:<\/p>\n<p>\u2013 <strong>Whiskering<\/strong> bei Jeans (Denim-Produktion)<br \/>\n\u2013 <strong>Verpackung<\/strong> von Socken (bis zu 1,5 cm Dicke)<br \/>\n\u2013 Verpacken von Plastikt\u00fcten<br \/>\n\u2013 Produkte <strong>auszeichnen<\/strong><\/p>\n<p><strong>Wascheffekt bei Jeans \u2013 Whiskering<\/strong><br \/>\nMit dem Ger\u00e4t ST9500 k\u00f6nnen Kunststoffheftklammern einen Wascheffekt bei Jeans erzielen. Unverzichtbar f\u00fcr die Produktion und W\u00e4schen von Denim. <\/p>\n<p><strong>Sockenverpackung<\/strong> (bis zu 1,5 cm dick)<br \/>\nDas Ger\u00e4t kann auch d\u00fcnne Sockenpaare verpacken. Die Nadeln sind sehr d\u00fcnn und k\u00f6nnen Socken nicht besch\u00e4digen. Verpacken Sie die Socken mit einer Einzel- oder Doppelnadel. <g id=\"gid_2\">Elastische Klammern<\/g> sind eine ausgezeichnete Alternative zum Zusammenn\u00e4hen von Socken mit einer N\u00e4hmaschine. Mit Elastic Staples kann der Kunde die Socken leicht auspacken und nicht besch\u00e4digen.   <\/p>\n<p><strong>Alternative zu Metallclips<\/strong><br \/>\nKunststoffklammern sind eine ausgezeichnete Alternative zu Metallbefestigungen. Mit dem <strong>ST9500-Ger\u00e4t<\/strong> k\u00f6nnen Sie das Produkt in kleinen Plastikt\u00fcten verpacken und mit Pappe und Klammern verschlie\u00dfen. Sichere, einfache und schnelle Verpackung.  <\/p>\n<p>Es gibt zwei verschiedene Arten von Nadeln:<br \/>\nfeine Nadeln, die oft verwendet werden, um die Hosen und die Erzeugung der Waschleistung anzuzeigen, und ultrafeine Nadeln, die f\u00fcr empfindliche Stoffe geeignet sind (Leinen, Wollprodukte usw.).<\/p>\n<p><strong>F\u00fcr kostenlose Muster und Pr\u00e4sentationen kontaktieren Sie uns bitte.<\/strong><\/p>\n<p>Auf der Spule befinden sich 25.000 Klammern.<br \/>\nGewicht: 0,02 kg \/ Tausend<\/p>\n<\/div>\n<\/div>\n<\/div>\n<\/div>\n","protected":false},"excerpt":{"rendered":"<div class=\"elementor-element elementor-element-a63d67f elementor-widget elementor-widget-theme-post-excerpt\" data-id=\"a63d67f\" data-element_type=\"widget\" data-widget_type=\"theme-post-excerpt.default\">\n<div class=\"elementor-widget-container\"><strong>Original Avery Dennison Kunststoffheftklammer 13 mm GRAU <\/strong>&#8211; f\u00fcr ST9500 (25.000 Klammern pro Rolle). Perfekt zum Auszeichnen, Paaren von Socken oder kleinen Plastikt\u00fcten und f\u00fcr Whiskering bei Jeans. <strong> Der Preis gilt pro Spule mit 25.000 Stk. (1 Tausend von 2,66 &#8211; 3,80 EUR) <\/strong><\/div>\n<\/div>\n","protected":false},"featured_media":10562,"template":"","meta":[],"product_cat":[227],"product_tag":[],"_links":{"self":[{"href":"https:\/\/stularplus.com\/de\/wp-json\/wp\/v2\/product\/10561"}],"collection":[{"href":"https:\/\/stularplus.com\/de\/wp-json\/wp\/v2\/product"}],"about":[{"href":"https:\/\/stularplus.com\/de\/wp-json\/wp\/v2\/types\/product"}],"wp:featuredmedia":[{"embeddable":true,"href":"https:\/\/stularplus.com\/de\/wp-json\/wp\/v2\/media\/10562"}],"wp:attachment":[{"href":"https:\/\/stularplus.com\/de\/wp-json\/wp\/v2\/media?parent=10561"}],"wp:term":[{"taxonomy":"product_cat","embeddable":true,"href":"https:\/\/stularplus.com\/de\/wp-json\/wp\/v2\/product_cat?post=10561"},{"taxonomy":"product_tag","embeddable":true,"href":"https:\/\/stularplus.com\/de\/wp-json\/wp\/v2\/product_tag?post=10561"}],"curies":[{"name":"wp","href":"https:\/\/api.w.org\/{rel}","templated":true}]}}