{"id":10564,"date":"2021-12-05T02:29:27","date_gmt":"2021-12-05T01:29:27","guid":{"rendered":"https:\/\/stularplus.com\/53-mm-swiftach-system-1000-pp\/"},"modified":"2025-10-18T23:24:15","modified_gmt":"2025-10-18T21:24:15","slug":"53-mm-swiftach-system-1000-pp","status":"publish","type":"product","link":"https:\/\/stularplus.com\/de\/53-mm-swiftach-system-1000-pp\/","title":{"rendered":"53-mm-Swiftach-System 1000 PP"},"content":{"rendered":"<div class=\"elementor-element elementor-element-219ff3a elementor-widget elementor-widget-woocommerce-product-content\" data-id=\"219ff3a\" data-element_type=\"widget\" data-widget_type=\"woocommerce-product-content.default\">\n<div class=\"elementor-widget-container\">\n<div class=\"elementor-element elementor-element-93a7a1e elementor-widget elementor-widget-woocommerce-product-content\" data-id=\"93a7a1e\" data-element_type=\"widget\" data-widget_type=\"woocommerce-product-content.default\">\n<div class=\"elementor-widget-container\">\n<p>Die Verwendung von Avery Dennison <strong>S1000-Auszeichner<\/strong> und <strong>-Nadeln<\/strong> ist fast zwanzigmal schneller als bei gew\u00f6hnlichen Befestigungswerkzeugen.<\/p>\n<p>Jeder Arbeitsgang, bei dem die Produktivit\u00e4t gemessen wird, profitiert von den Vorteilen des <strong>Swiftach Systems 1000<\/strong>. Gro\u00dfe <strong>Befestigungselemente<\/strong> im Paddelstil verhindern das Austauschen von Etiketten und es entsteht kein Abfallstreifen, der entsorgt werden muss, wenn der Bediener fertig ist. Steigern Sie Ihre Produktivit\u00e4t mit <strong>System 1000<\/strong> und der Verwendung von 1000 <strong>Nadeln<\/strong> an einem Clip.<\/p>\n<p>Eine Rolle enth\u00e4lt 1.000<strong> Stifte.<\/strong><\/p>\n<p>Eine Schachtel enth\u00e4lt 5 Rollen mit je 1000 Nadeln.<\/p>\n<p>Gewicht: 0,05 kg\/Tsd.<\/p>\n<\/div>\n<\/div>\n<\/div>\n<\/div>\n","protected":false},"excerpt":{"rendered":"<p><b>53-mm-PP-Stifte<\/b> f\u00fcr die Etikettierpistole S1000. Etikettieren Sie 1.000 Kleidungsst\u00fccke, ohne nachzuladen. Der Preis gilt pro Karton mit 5.000 St\u00fcck.<\/p>\n","protected":false},"featured_media":10567,"template":"","meta":[],"product_cat":[231],"product_tag":[],"_links":{"self":[{"href":"https:\/\/stularplus.com\/de\/wp-json\/wp\/v2\/product\/10564"}],"collection":[{"href":"https:\/\/stularplus.com\/de\/wp-json\/wp\/v2\/product"}],"about":[{"href":"https:\/\/stularplus.com\/de\/wp-json\/wp\/v2\/types\/product"}],"wp:featuredmedia":[{"embeddable":true,"href":"https:\/\/stularplus.com\/de\/wp-json\/wp\/v2\/media\/10567"}],"wp:attachment":[{"href":"https:\/\/stularplus.com\/de\/wp-json\/wp\/v2\/media?parent=10564"}],"wp:term":[{"taxonomy":"product_cat","embeddable":true,"href":"https:\/\/stularplus.com\/de\/wp-json\/wp\/v2\/product_cat?post=10564"},{"taxonomy":"product_tag","embeddable":true,"href":"https:\/\/stularplus.com\/de\/wp-json\/wp\/v2\/product_tag?post=10564"}],"curies":[{"name":"wp","href":"https:\/\/api.w.org\/{rel}","templated":true}]}}