{"id":10580,"date":"2021-12-05T02:29:15","date_gmt":"2021-12-05T01:29:15","guid":{"rendered":"https:\/\/stularplus.com\/klebeetiketten-einzeilig-weiss-21x12mm-50-000-etiketten\/"},"modified":"2025-10-17T15:35:04","modified_gmt":"2025-10-17T13:35:04","slug":"klebeetiketten-einzeilig-weiss-21x12mm-50-000-etiketten","status":"publish","type":"product","link":"https:\/\/stularplus.com\/de\/klebeetiketten-einzeilig-weiss-21x12mm-50-000-etiketten\/","title":{"rendered":"KLEBEETIKETTEN, einzeilig, wei\u00df, 21x12mm, 50.000 Etiketten"},"content":{"rendered":"<p><strong>Mengenrabatte. Paket mit 50 Rollen zum Sonderpreis. <\/strong><\/p>\n<p>Hochwertige <strong>Etiketten<\/strong> werden in Italien hergestellt. <strong>Etiketten<\/strong> f\u00fcr <strong>einzeilige Preisauszeichner<\/strong> wie den LC1\/8 von Avery Dennison. Etiketten werden h\u00e4ufig f\u00fcr die <strong>Preisauszeichnung<\/strong>, Preisreduzierung, Neuauszeichnung, Datumsstempelung und Qualit\u00e4tskontrolle verwendet. <\/p>\n<p>Rolle enth\u00e4lt: 1.000 Etiketten<br \/>\nAbmessung: 21\u00d712 mm<br \/>\nFarbe: wei\u00df<\/p>\n","protected":false},"excerpt":{"rendered":"<p>Packung mit 50 Rollen Etiketten 21x12mm wei\u00df, einzeilig und nicht abl\u00f6sbar. F\u00fcr einzeiliges Preisauszeichnungsger\u00e4t LC1\/8. <\/p>\n","protected":false},"featured_media":10582,"template":"","meta":[],"product_cat":[233],"product_tag":[],"_links":{"self":[{"href":"https:\/\/stularplus.com\/de\/wp-json\/wp\/v2\/product\/10580"}],"collection":[{"href":"https:\/\/stularplus.com\/de\/wp-json\/wp\/v2\/product"}],"about":[{"href":"https:\/\/stularplus.com\/de\/wp-json\/wp\/v2\/types\/product"}],"wp:featuredmedia":[{"embeddable":true,"href":"https:\/\/stularplus.com\/de\/wp-json\/wp\/v2\/media\/10582"}],"wp:attachment":[{"href":"https:\/\/stularplus.com\/de\/wp-json\/wp\/v2\/media?parent=10580"}],"wp:term":[{"taxonomy":"product_cat","embeddable":true,"href":"https:\/\/stularplus.com\/de\/wp-json\/wp\/v2\/product_cat?post=10580"},{"taxonomy":"product_tag","embeddable":true,"href":"https:\/\/stularplus.com\/de\/wp-json\/wp\/v2\/product_tag?post=10580"}],"curies":[{"name":"wp","href":"https:\/\/api.w.org\/{rel}","templated":true}]}}