{"id":10589,"date":"2021-12-05T02:29:15","date_gmt":"2021-12-05T01:29:15","guid":{"rendered":"https:\/\/stularplus.com\/klebeetiketten-einzeilig-orange-26x12mm\/"},"modified":"2025-10-17T15:34:58","modified_gmt":"2025-10-17T13:34:58","slug":"klebeetiketten-einzeilig-orange-26x12mm","status":"publish","type":"product","link":"https:\/\/stularplus.com\/de\/klebeetiketten-einzeilig-orange-26x12mm\/","title":{"rendered":"KLEBEETIKETTEN, einzeilig orange 26x12mm"},"content":{"rendered":"<p>Hochwertige <strong>Etiketten<\/strong> werden in Italien hergestellt. <strong>Etiketten<\/strong> f\u00fcr <strong>einzeilige Preisauszeichner CAS1\/8<\/strong>. Etiketten werden h\u00e4ufig f\u00fcr Preisauszeichnung, Preisreduzierung, Umzeichnung, Datumskodierung und Qualit\u00e4tskontrolle verwendet. <\/p>\n<p>Rolle enth\u00e4lt: 1.000 Stk. Etiketten<br \/>\nAbmessung: 26&#215;12 mm<br \/>\nFarbe: orange<\/p>\n<p><strong>Profitieren Sie von Mengenrabatten!<\/strong><\/p>\n","protected":false},"excerpt":{"rendered":"<p><b>Orangefarbene Etiketten<\/b> 26x12mm, permanent, f\u00fcr einzeilige Preisauszeichner. Hochwertige Etiketten, hergestellt in Italien. <g id=\"gid_1\">Etiketten<\/g> sind f\u00fcr einzeilige Preisauszeichner geeignet. Preis f\u00fcr eine Rolle (1.000 Stk. Etiketten).  <\/p>\n","protected":false},"featured_media":10592,"template":"","meta":[],"product_cat":[233],"product_tag":[],"_links":{"self":[{"href":"https:\/\/stularplus.com\/de\/wp-json\/wp\/v2\/product\/10589"}],"collection":[{"href":"https:\/\/stularplus.com\/de\/wp-json\/wp\/v2\/product"}],"about":[{"href":"https:\/\/stularplus.com\/de\/wp-json\/wp\/v2\/types\/product"}],"wp:featuredmedia":[{"embeddable":true,"href":"https:\/\/stularplus.com\/de\/wp-json\/wp\/v2\/media\/10592"}],"wp:attachment":[{"href":"https:\/\/stularplus.com\/de\/wp-json\/wp\/v2\/media?parent=10589"}],"wp:term":[{"taxonomy":"product_cat","embeddable":true,"href":"https:\/\/stularplus.com\/de\/wp-json\/wp\/v2\/product_cat?post=10589"},{"taxonomy":"product_tag","embeddable":true,"href":"https:\/\/stularplus.com\/de\/wp-json\/wp\/v2\/product_tag?post=10589"}],"curies":[{"name":"wp","href":"https:\/\/api.w.org\/{rel}","templated":true}]}}