{"id":10591,"date":"2021-12-05T02:29:15","date_gmt":"2021-12-05T01:29:15","guid":{"rendered":"https:\/\/stularplus.com\/klebeetiketten-einzeilig-weiss-26x12mm-36-000-etiketten\/"},"modified":"2025-10-17T15:36:00","modified_gmt":"2025-10-17T13:36:00","slug":"klebeetiketten-einzeilig-weiss-26x12mm-36-000-etiketten","status":"publish","type":"product","link":"https:\/\/stularplus.com\/de\/klebeetiketten-einzeilig-weiss-26x12mm-36-000-etiketten\/","title":{"rendered":"KLEBEETIKETTEN, einzeilig, wei\u00df, 26x12mm, 36.000 Etiketten"},"content":{"rendered":"<p><strong>Mengenrabatte. Paket mit 36 Rollen zum reduzierten Preis. <\/strong><\/p>\n<p>Hochwertige <strong>Etiketten<\/strong> werden in Italien hergestellt. <strong>Etiketten<\/strong> f\u00fcr <strong>einzeilige Preisauszeichner<\/strong> wie CAS1\/8 von Avery Dennison. Etiketten werden h\u00e4ufig f\u00fcr <strong>Preisauszeichnung<\/strong>, Reduzierung, Umzeichnung, Datumskodierung und Qualit\u00e4tskontrolle verwendet. <\/p>\n<p>Rolle enth\u00e4lt: 1.000 Etiketten<br \/>\nAbmessung: 26\u00d712 mm<br \/>\nFarbe: wei\u00df<\/p>\n","protected":false},"excerpt":{"rendered":"<p>Packung mit 36 Rollen Etiketten 26x12mm, wei\u00df, einzeilig und nicht abl\u00f6sbar. F\u00fcr einzeilige Preisauszeichner CAS1\/8. <\/p>\n","protected":false},"featured_media":10594,"template":"","meta":[],"product_cat":[233],"product_tag":[],"_links":{"self":[{"href":"https:\/\/stularplus.com\/de\/wp-json\/wp\/v2\/product\/10591"}],"collection":[{"href":"https:\/\/stularplus.com\/de\/wp-json\/wp\/v2\/product"}],"about":[{"href":"https:\/\/stularplus.com\/de\/wp-json\/wp\/v2\/types\/product"}],"wp:featuredmedia":[{"embeddable":true,"href":"https:\/\/stularplus.com\/de\/wp-json\/wp\/v2\/media\/10594"}],"wp:attachment":[{"href":"https:\/\/stularplus.com\/de\/wp-json\/wp\/v2\/media?parent=10591"}],"wp:term":[{"taxonomy":"product_cat","embeddable":true,"href":"https:\/\/stularplus.com\/de\/wp-json\/wp\/v2\/product_cat?post=10591"},{"taxonomy":"product_tag","embeddable":true,"href":"https:\/\/stularplus.com\/de\/wp-json\/wp\/v2\/product_tag?post=10591"}],"curies":[{"name":"wp","href":"https:\/\/api.w.org\/{rel}","templated":true}]}}