{"id":10599,"date":"2021-12-05T02:29:16","date_gmt":"2021-12-05T01:29:16","guid":{"rendered":"https:\/\/stularplus.com\/haftetiketten-zweizeilig-orange-26x16mm\/"},"modified":"2025-10-17T15:36:35","modified_gmt":"2025-10-17T13:36:35","slug":"haftetiketten-zweizeilig-orange-26x16mm","status":"publish","type":"product","link":"https:\/\/stularplus.com\/de\/haftetiketten-zweizeilig-orange-26x16mm\/","title":{"rendered":"HAFTETIKETTEN, zweizeilig orange 26x16mm"},"content":{"rendered":"<p><strong>Hochwertige Etiketten<\/strong> werden in Italien hergestellt. Etiketten f\u00fcr zweizeilige <strong>Preisauszeichner<\/strong> wie <strong>Avery Dennison`s CAS2\/18 ALPHA, CAS2\/18 und HL BIG 6<\/strong> und andere. <strong>Etiketten<\/strong> werden h\u00e4ufig f\u00fcr Preisauszeichnung, Preisreduzierung, Umzeichnung, Datumskodierung und Qualit\u00e4tskontrolle verwendet. <\/p>\n<p>Rolle enth\u00e4lt: 1.000 Stk. Etiketten<br \/>\nAbmessung: 26&#215;16 mm<br \/>\nFarbe: orange<\/p>\n<p><strong>Profitieren Sie von Mengenrabatten!<\/strong><\/p>\n","protected":false},"excerpt":{"rendered":"<p><b>Orangefarbene Etiketten<\/b> 26x16mm, permanent, f\u00fcr zweizeilige Preisauszeichner. Hochwertige Etiketten hergestellt in Italien. <g id=\"gid_1\">Etiketten<\/g> sind f\u00fcr zweizeilige Preisauszeichner geeignet. Preis f\u00fcr eine Rolle (1.000 Stk. Etiketten).  <\/p>\n","protected":false},"featured_media":10601,"template":"","meta":[],"product_cat":[235],"product_tag":[],"_links":{"self":[{"href":"https:\/\/stularplus.com\/de\/wp-json\/wp\/v2\/product\/10599"}],"collection":[{"href":"https:\/\/stularplus.com\/de\/wp-json\/wp\/v2\/product"}],"about":[{"href":"https:\/\/stularplus.com\/de\/wp-json\/wp\/v2\/types\/product"}],"wp:featuredmedia":[{"embeddable":true,"href":"https:\/\/stularplus.com\/de\/wp-json\/wp\/v2\/media\/10601"}],"wp:attachment":[{"href":"https:\/\/stularplus.com\/de\/wp-json\/wp\/v2\/media?parent=10599"}],"wp:term":[{"taxonomy":"product_cat","embeddable":true,"href":"https:\/\/stularplus.com\/de\/wp-json\/wp\/v2\/product_cat?post=10599"},{"taxonomy":"product_tag","embeddable":true,"href":"https:\/\/stularplus.com\/de\/wp-json\/wp\/v2\/product_tag?post=10599"}],"curies":[{"name":"wp","href":"https:\/\/api.w.org\/{rel}","templated":true}]}}