{"id":10640,"date":"2021-12-05T02:29:16","date_gmt":"2021-12-05T01:29:16","guid":{"rendered":"https:\/\/stularplus.com\/klebeetiketten-einzeilig-gelb-21x12mm\/"},"modified":"2025-10-17T15:36:23","modified_gmt":"2025-10-17T13:36:23","slug":"klebeetiketten-einzeilig-gelb-21x12mm","status":"publish","type":"product","link":"https:\/\/stularplus.com\/de\/klebeetiketten-einzeilig-gelb-21x12mm\/","title":{"rendered":"KLEBEETIKETTEN, einzeilig gelb 21x12mm"},"content":{"rendered":"<p>Hochwertige <strong>Etiketten<\/strong> werden in Italien hergestellt. <strong>Etiketten<\/strong> f\u00fcr <strong>einzeilige Preisauszeichner<\/strong> wie den LC1\/8 von Avery Dennison. <strong>Etiketten<\/strong> werden h\u00e4ufig f\u00fcr Preisauszeichnung, Preisreduzierung, Umzeichnung, Datumskodierung und Qualit\u00e4tskontrolle verwendet.<\/p>\n<p>Rolle enth\u00e4lt: 1.000 Etiketten<br \/>\nAbmessung: 21&#215;12 mm<br \/>\nFarbe: gelb<\/p>\n<p><strong>Profitieren Sie von Mengenrabatten!<\/strong><\/p>\n","protected":false},"excerpt":{"rendered":"<p><b>Gelbe Etiketten<\/b> 21x12mm, permanent, f\u00fcr einzeilige Preisauszeichner. Hochwertige Etiketten, hergestellt in Italien. <g id=\"gid_1\">Etiketten<\/g> sind f\u00fcr einzeilige Preisauszeichner. Preis f\u00fcr eine Rolle (1.000 Etiketten).  <\/p>\n","protected":false},"featured_media":10642,"template":"","meta":[],"product_cat":[233],"product_tag":[],"_links":{"self":[{"href":"https:\/\/stularplus.com\/de\/wp-json\/wp\/v2\/product\/10640"}],"collection":[{"href":"https:\/\/stularplus.com\/de\/wp-json\/wp\/v2\/product"}],"about":[{"href":"https:\/\/stularplus.com\/de\/wp-json\/wp\/v2\/types\/product"}],"wp:featuredmedia":[{"embeddable":true,"href":"https:\/\/stularplus.com\/de\/wp-json\/wp\/v2\/media\/10642"}],"wp:attachment":[{"href":"https:\/\/stularplus.com\/de\/wp-json\/wp\/v2\/media?parent=10640"}],"wp:term":[{"taxonomy":"product_cat","embeddable":true,"href":"https:\/\/stularplus.com\/de\/wp-json\/wp\/v2\/product_cat?post=10640"},{"taxonomy":"product_tag","embeddable":true,"href":"https:\/\/stularplus.com\/de\/wp-json\/wp\/v2\/product_tag?post=10640"}],"curies":[{"name":"wp","href":"https:\/\/api.w.org\/{rel}","templated":true}]}}