{"id":10668,"date":"2021-12-05T02:29:19","date_gmt":"2021-12-05T01:29:19","guid":{"rendered":"https:\/\/stularplus.com\/mkii-langnadel-kimble-pg-werkzeug-avery-dennison-pistolengriff\/"},"modified":"2025-10-17T15:34:05","modified_gmt":"2025-10-17T13:34:05","slug":"mkii-langnadel-kimble-pg-werkzeug-avery-dennison-pistolengriff","status":"publish","type":"product","link":"https:\/\/stularplus.com\/de\/mkii-langnadel-kimble-pg-werkzeug-avery-dennison-pistolengriff\/","title":{"rendered":"MKII LANGNADEL-KIMBLE-PG-WERKZEUG &#8211; Avery Dennison Pistolengriff"},"content":{"rendered":"<p>Der Avery Dennison <strong>Mark II Langnadel-Pistolengriff<\/strong> ist eine der besten <strong>KIMBLE-Etikettierpistolen<\/strong> f\u00fcr dicke Materialien. Diese Etikettierpistole wird von den meisten Industrieherstellern empfohlen. Ziehen Sie einfach den Abzug, und die Etiketten werden schnell und einfach angebracht.  <\/p>\n<p>Avery Dennison <strong>Kimble-Etikettierpistolen<\/strong> sind mit den meisten Kunststoffbefestigungen (<strong>Stiften<\/strong>) anderer Hersteller kompatibel.<\/p>\n<p>Befestigungsl\u00f6sungen mit der <strong>Avery Dennison Kimble-Etikettierpistole<\/strong> bieten Herstellern und Einzelh\u00e4ndlern eine hochwertige und kosteng\u00fcnstige M\u00f6glichkeit, mit ihren Kunden in Kontakt zu treten. Ein benutzerfreundliches Werkzeug liefert ein Kunststoffbefestigungselement, mit dem sie Produktvorteile, Preise, detaillierte Anweisungen und sogar die Markenidentit\u00e4t kommunizieren k\u00f6nnen. <\/p>\n<p>Zur Verwendung mit Standard-, mittelschweren Stoffen und besonders dicken Materialien. Etikettierheftf\u00e4den und Ersatznadeln sind separat erh\u00e4ltlich. <\/p>\n<p>-Verwendet Standard- und SWIFTACH PLUS-Befestigungselemente.<br \/>\n-Hergestellt aus hochwertigen Materialien f\u00fcr Haltbarkeit und langen, zuverl\u00e4ssigen Betrieb.<br \/>\n-Lanyard-Clips werden sicher am Griff befestigt, sodass der Nadelschutz immer griffbereit ist.<br \/>\n-Die modifizierte Pistolengriff-Form bietet ein verbessertes Gef\u00fchl und ein einfacheres Zusammendr\u00fccken.<\/p>\n<p><strong>Inhalt:<\/strong><br \/>\n1 Avery Dennison Mark III Pistolengriff-Etikettierpistole mit Sicherheitskappe<br \/>\n1 Avery Dennison <strong>Ganzstahlnadel<\/strong><\/p>\n<p>Gewicht:<br \/>\n0,12 kg\/St\u00fcck<\/p>\n","protected":false},"excerpt":{"rendered":"<p><b>Langnadel-Etikettierpistole<\/b> &#8211; Hochleistungs-Etikettierpistole &#8211; entwickelt zum <b>Etikettieren<\/b> sperriger Waren. Die <b>Extra lange Ganzstahl-Nadel<\/b> kann alle Arten von dicken Materialien durchdringen.<\/p>\n","protected":false},"featured_media":10693,"template":"","meta":[],"product_cat":[234],"product_tag":[],"_links":{"self":[{"href":"https:\/\/stularplus.com\/de\/wp-json\/wp\/v2\/product\/10668"}],"collection":[{"href":"https:\/\/stularplus.com\/de\/wp-json\/wp\/v2\/product"}],"about":[{"href":"https:\/\/stularplus.com\/de\/wp-json\/wp\/v2\/types\/product"}],"wp:featuredmedia":[{"embeddable":true,"href":"https:\/\/stularplus.com\/de\/wp-json\/wp\/v2\/media\/10693"}],"wp:attachment":[{"href":"https:\/\/stularplus.com\/de\/wp-json\/wp\/v2\/media?parent=10668"}],"wp:term":[{"taxonomy":"product_cat","embeddable":true,"href":"https:\/\/stularplus.com\/de\/wp-json\/wp\/v2\/product_cat?post=10668"},{"taxonomy":"product_tag","embeddable":true,"href":"https:\/\/stularplus.com\/de\/wp-json\/wp\/v2\/product_tag?post=10668"}],"curies":[{"name":"wp","href":"https:\/\/api.w.org\/{rel}","templated":true}]}}