{"id":10700,"date":"2021-12-05T02:29:19","date_gmt":"2021-12-05T01:29:19","guid":{"rendered":"https:\/\/stularplus.com\/wirtschaftliches-gp-etikettiergeraet\/"},"modified":"2025-10-17T15:34:16","modified_gmt":"2025-10-17T13:34:16","slug":"wirtschaftliches-gp-etikettiergeraet","status":"publish","type":"product","link":"https:\/\/stularplus.com\/de\/wirtschaftliches-gp-etikettiergeraet\/","title":{"rendered":"WIRTSCHAFTLICHES GP-ETIKETTIERGER\u00c4T"},"content":{"rendered":"<p><strong>Wirtschaftliches Pistolengriff-Etikettierger\u00e4t<\/strong> eignet sich hervorragend zum <strong>Auszeichnen<\/strong> aller Arten von <strong>Standardstoffen<\/strong> wie Hemden, Hosen, Jeans, M\u00fctzen, Handschuhe, Socken, T-Shirts, Leder und anderen Produkten.<\/p>\n<p><strong>Avery Dennison Kimble-Etikettierpistolen<\/strong> sind mit den meisten Kunststoff-Befestigungselementen anderer Hersteller kompatibel.<\/p>\n<p>Wirtschaftliche <strong>Etikettierpistole<\/strong> zum Anbringen von <strong>Swiftach-Befestigungselementen<\/strong> an allen Arten von Textilprodukten.<\/p>\n<p>Diese <strong>Kimble-Etikettierpistole<\/strong> wurde f\u00fcr alle Arten von kleinen Gesch\u00e4ften, Boutiquen, Werkst\u00e4tten usw. entwickelt. Beim Kauf einer <strong>wirtschaftlichen Etikettierpistole<\/strong> erhalten Sie au\u00dferdem <strong>eine Nadel mit Kunststoffsockel<\/strong> gratis dazu.<\/p>\n<p>Gewicht<br \/>\n0,12 kg\/St\u00fcck<\/p>\n","protected":false},"excerpt":{"rendered":"<p>Wirtschaftliches Pistolengriff-Etikettierger\u00e4t zum <b>Auszeichnen<\/b> von Textilprodukten: Hemden, Jeans, Socken,.. <strong>Niedriger Preis \u2013 hohe Qualit\u00e4t!<\/strong><\/p>\n","protected":false},"featured_media":10701,"template":"","meta":[],"product_cat":[234],"product_tag":[],"_links":{"self":[{"href":"https:\/\/stularplus.com\/de\/wp-json\/wp\/v2\/product\/10700"}],"collection":[{"href":"https:\/\/stularplus.com\/de\/wp-json\/wp\/v2\/product"}],"about":[{"href":"https:\/\/stularplus.com\/de\/wp-json\/wp\/v2\/types\/product"}],"wp:featuredmedia":[{"embeddable":true,"href":"https:\/\/stularplus.com\/de\/wp-json\/wp\/v2\/media\/10701"}],"wp:attachment":[{"href":"https:\/\/stularplus.com\/de\/wp-json\/wp\/v2\/media?parent=10700"}],"wp:term":[{"taxonomy":"product_cat","embeddable":true,"href":"https:\/\/stularplus.com\/de\/wp-json\/wp\/v2\/product_cat?post=10700"},{"taxonomy":"product_tag","embeddable":true,"href":"https:\/\/stularplus.com\/de\/wp-json\/wp\/v2\/product_tag?post=10700"}],"curies":[{"name":"wp","href":"https:\/\/api.w.org\/{rel}","templated":true}]}}