{"id":10714,"date":"2021-12-05T02:29:20","date_gmt":"2021-12-05T01:29:20","guid":{"rendered":"https:\/\/stularplus.com\/40-mm-swiftach-standard-pp-befestiger\/"},"modified":"2025-10-17T15:38:56","modified_gmt":"2025-10-17T13:38:56","slug":"40-mm-swiftach-standard-pp-befestiger","status":"publish","type":"product","link":"https:\/\/stularplus.com\/de\/40-mm-swiftach-standard-pp-befestiger\/","title":{"rendered":"40 mm Swiftach Standard PP-Befestiger"},"content":{"rendered":"<div class=\"elementor-element elementor-element-219ff3a elementor-widget elementor-widget-woocommerce-product-content\" data-id=\"219ff3a\" data-element_type=\"widget\" data-widget_type=\"woocommerce-product-content.default\">\n<div class=\"elementor-widget-container\">\n<div class=\"elementor-element elementor-element-93a7a1e elementor-widget elementor-widget-woocommerce-product-content\" data-id=\"93a7a1e\" data-element_type=\"widget\" data-widget_type=\"woocommerce-product-content.default\">\n<div class=\"elementor-widget-container\">\n<p><strong>40 mm (PP) Standard Paddle Swifach Blue Box ORIGINAL<\/strong> Stifte bestehen aus <strong>100 % Polypropylen.<\/strong><br \/>\nBlue Box bietet Qualit\u00e4t, Konsistenz, hohe Produktivit\u00e4t und Widerstandsf\u00e4higkeit.<\/p>\n<p>In den fr\u00fchen 1960er Jahren von Dennison erfunden, ist es immer noch die bevorzugte Methode der Branche zum Anbringen von Etiketten.<\/p>\n<p>Sie werden sehr pr\u00e4zise und mit gleichbleibender Qualit\u00e4t, Charge f\u00fcr Charge, hergestellt. Swiftach-Heftf\u00e4den werden aus feinstem, hochwertigem Polypropylen (PP) hergestellt. Ideal zum <strong>Etikettieren<\/strong> aller Standardmaterialien. <strong>Avery Dennison Swiftach<\/strong> Etikettier-<strong>Stifte<\/strong> bieten die gr\u00f6\u00dfte Auswahl an Gr\u00f6\u00dfen und Farben f\u00fcr jede allgemeine <strong>Etikettieranwendung<\/strong>.  <\/p>\n<p>Der <strong>gro\u00dfe Paddel<\/strong>-Kopf bietet einen zus\u00e4tzlichen Vorteil: Er verhindert den Austausch von Etiketten.<br \/>\nDer Preis gilt pro 1 Karton und enth\u00e4lt 5.000 Heftf\u00e4den.<\/p>\n<p>Tag Easy-Befestiger sind mit allen Standard-Etikettierpistolen kompatibel.<br \/>\n<strong>Profitieren Sie von Mengenrabatten!<\/strong><\/p>\n<\/div>\n<\/div>\n<\/div>\n<\/div>\n<p>&nbsp;<\/p>\n","protected":false},"excerpt":{"rendered":"<p><b>40 mm (PP) Swiftach Blue Box Premium-Befestiger<\/b> zum Etikettieren aller Arten von Produkten. <b>Swiftach Premium-Stifte sind von hoher Qualit\u00e4t<\/b>. Der Preis gilt pro Karton mit 5.000 St\u00fcck. <\/p>\n","protected":false},"featured_media":10715,"template":"","meta":[],"product_cat":[244],"product_tag":[],"_links":{"self":[{"href":"https:\/\/stularplus.com\/de\/wp-json\/wp\/v2\/product\/10714"}],"collection":[{"href":"https:\/\/stularplus.com\/de\/wp-json\/wp\/v2\/product"}],"about":[{"href":"https:\/\/stularplus.com\/de\/wp-json\/wp\/v2\/types\/product"}],"wp:featuredmedia":[{"embeddable":true,"href":"https:\/\/stularplus.com\/de\/wp-json\/wp\/v2\/media\/10715"}],"wp:attachment":[{"href":"https:\/\/stularplus.com\/de\/wp-json\/wp\/v2\/media?parent=10714"}],"wp:term":[{"taxonomy":"product_cat","embeddable":true,"href":"https:\/\/stularplus.com\/de\/wp-json\/wp\/v2\/product_cat?post=10714"},{"taxonomy":"product_tag","embeddable":true,"href":"https:\/\/stularplus.com\/de\/wp-json\/wp\/v2\/product_tag?post=10714"}],"curies":[{"name":"wp","href":"https:\/\/api.w.org\/{rel}","templated":true}]}}