{"id":10720,"date":"2021-12-05T02:29:20","date_gmt":"2021-12-05T01:29:20","guid":{"rendered":"https:\/\/stularplus.com\/45-mm-fleischbefestiger-gelb\/"},"modified":"2025-10-17T15:39:03","modified_gmt":"2025-10-17T13:39:03","slug":"45-mm-fleischbefestiger-gelb","status":"publish","type":"product","link":"https:\/\/stularplus.com\/de\/45-mm-fleischbefestiger-gelb\/","title":{"rendered":"45 mm Fleischbefestiger gelb"},"content":{"rendered":"<p>Entwickelt f\u00fcr den robusten Einsatz, wie z.B. bei <strong>Anwendungen zur Fleischkennzeichnung<\/strong>. Extrastarke <strong>Doppelpaddel-Befestiger<\/strong> bieten einen festen Halt f\u00fcr eine einfache und vollst\u00e4ndige Entfernung. <strong>FDA-zugelassen<\/strong> und aus lebensmittelechten Materialien hergestellt. <\/p>\n<p>Diese einzigartigen <strong>Fleischbefestiger<\/strong> wurden neu entwickelt, um sie besser als je zuvor zu machen.<br \/>\n<strong>Hauptmerkmale und Vorteile:<\/strong><\/p>\n<p>&#8211; <strong>Doppelpaddel<\/strong> erleichtert das Greifen bei der Entfernung von einteiligen Befestigern<br \/>\n&#8211; Verdoppelung der Menge an <strong>Fleischbefestigern<\/strong> pro Clip auf 50 erm\u00f6glicht eine h\u00f6here Produktivit\u00e4t<br \/>\n&#8211; Nylon 6\/6 Material enth\u00e4lt kein Caprolactam (ein toxisches Reizmittel).<br \/>\n&#8211; <strong>Fleischbefestiger<\/strong> haben 25 % mehr Zugfestigkeit.<\/p>\n<p>Zur Anbringung von <strong>TagFast<\/strong> Befestigern verwenden Sie ausschlie\u00dflich das <strong>Avery Dennison Meat Tagging Tool<\/strong>.<br \/>\nGewicht: 0,24 kg\/Tsd.<br \/>\n<strong>F\u00fcr weitere Informationen und kostenlose Muster kontaktieren Sie uns bitte.<\/strong><\/p>\n","protected":false},"excerpt":{"rendered":"<p>45 mm Gelbe Fleischbefestiger f\u00fcr die <b>Fleischkennzeichnung<\/b>. AVERY DENNISON ORIGINAL. <g id=\"gid_1\">FDA-zugelassen<\/g> und aus lebensmittelechten zertifizierten Materialien hergestellt. Der Preis gilt pro Packung mit 1.000 Befestigern.  <\/p>\n","protected":false},"featured_media":10722,"template":"","meta":[],"product_cat":[232],"product_tag":[],"_links":{"self":[{"href":"https:\/\/stularplus.com\/de\/wp-json\/wp\/v2\/product\/10720"}],"collection":[{"href":"https:\/\/stularplus.com\/de\/wp-json\/wp\/v2\/product"}],"about":[{"href":"https:\/\/stularplus.com\/de\/wp-json\/wp\/v2\/types\/product"}],"wp:featuredmedia":[{"embeddable":true,"href":"https:\/\/stularplus.com\/de\/wp-json\/wp\/v2\/media\/10722"}],"wp:attachment":[{"href":"https:\/\/stularplus.com\/de\/wp-json\/wp\/v2\/media?parent=10720"}],"wp:term":[{"taxonomy":"product_cat","embeddable":true,"href":"https:\/\/stularplus.com\/de\/wp-json\/wp\/v2\/product_cat?post=10720"},{"taxonomy":"product_tag","embeddable":true,"href":"https:\/\/stularplus.com\/de\/wp-json\/wp\/v2\/product_tag?post=10720"}],"curies":[{"name":"wp","href":"https:\/\/api.w.org\/{rel}","templated":true}]}}