{"id":10721,"date":"2021-12-05T02:29:20","date_gmt":"2021-12-05T01:29:20","guid":{"rendered":"https:\/\/stularplus.com\/65mm-tageasy-standard-pp-etikettierfaeden\/"},"modified":"2025-10-17T15:38:52","modified_gmt":"2025-10-17T13:38:52","slug":"65mm-tageasy-standard-pp-etikettierfaeden","status":"publish","type":"product","link":"https:\/\/stularplus.com\/de\/65mm-tageasy-standard-pp-etikettierfaeden\/","title":{"rendered":"65mm TagEasy Standard-PP-Etikettierf\u00e4den"},"content":{"rendered":"<div class=\"elementor-element elementor-element-93a7a1e elementor-widget elementor-widget-woocommerce-product-content\" data-id=\"93a7a1e\" data-element_type=\"widget\" data-widget_type=\"woocommerce-product-content.default\">\n<div class=\"elementor-widget-container\">\n<p><strong>Tag Easy Etikettierf\u00e4den<\/strong> werden aus feinstem Polypropylen (PP) im g\u00fcnstigen Preissegment hergestellt. <strong>Tag Easy<\/strong> ist eine Marke des Herstellers Avery Dennison.<br \/>\nBei der Wahl zwischen Preis und Qualit\u00e4t ist <strong>Tag Easy<\/strong> definitiv die beste Wahl.<\/p>\n<p>Ideal zum <strong>Etikettieren<\/strong> aller Standardmaterialien. Avery Dennison Swiftach <g id=\"gid_1\">Etikettierf\u00e4den<\/g> bieten die gr\u00f6\u00dfte Auswahl an Gr\u00f6\u00dfen und Farben f\u00fcr jede allgemeine Etikettieranwendung. Der gro\u00dfe Paddelkopf bietet einen zus\u00e4tzlichen Vorteil: Er verhindert das Vertauschen von Etiketten.  <\/p>\n<p><strong>Ein Karton enth\u00e4lt 5000 Befestiger (der Preis gilt pro Karton mit 5.000 St\u00fcck).<\/strong><\/p>\n<p>Tag Easy-Befestiger sind mit allen Standard-Etikettierpistolen kompatibel.<\/p>\n<p><strong>Profitieren Sie von Mengenrabatten!<\/strong><br \/>\nGewicht: 0,07 kg\/Tsd.<\/p>\n<\/div>\n<\/div>\n","protected":false},"excerpt":{"rendered":"<div class=\"elementor-element elementor-element-93a7a1e elementor-widget elementor-widget-woocommerce-product-content\" data-id=\"93a7a1e\" data-element_type=\"widget\" data-widget_type=\"woocommerce-product-content.default\">\n<div class=\"elementor-widget-container\">\n<p><b>65mm (PP) Standard-Paddel-Etikettierf\u00e4den<\/b> zum Etikettieren (Economy-Reihe). <b>Etikettierf\u00e4den<\/b> sind ideal zum <b>Etikettieren<\/b> von Standardmaterialien und Stoffen. Der Preis gilt pro Karton mit 5.000 St\u00fcck. <\/p>\n<\/div>\n<\/div>\n","protected":false},"featured_media":10724,"template":"","meta":[],"product_cat":[],"product_tag":[],"_links":{"self":[{"href":"https:\/\/stularplus.com\/de\/wp-json\/wp\/v2\/product\/10721"}],"collection":[{"href":"https:\/\/stularplus.com\/de\/wp-json\/wp\/v2\/product"}],"about":[{"href":"https:\/\/stularplus.com\/de\/wp-json\/wp\/v2\/types\/product"}],"wp:featuredmedia":[{"embeddable":true,"href":"https:\/\/stularplus.com\/de\/wp-json\/wp\/v2\/media\/10724"}],"wp:attachment":[{"href":"https:\/\/stularplus.com\/de\/wp-json\/wp\/v2\/media?parent=10721"}],"wp:term":[{"taxonomy":"product_cat","embeddable":true,"href":"https:\/\/stularplus.com\/de\/wp-json\/wp\/v2\/product_cat?post=10721"},{"taxonomy":"product_tag","embeddable":true,"href":"https:\/\/stularplus.com\/de\/wp-json\/wp\/v2\/product_tag?post=10721"}],"curies":[{"name":"wp","href":"https:\/\/api.w.org\/{rel}","templated":true}]}}