{"id":10730,"date":"2021-12-05T02:29:20","date_gmt":"2021-12-05T01:29:20","guid":{"rendered":"https:\/\/stularplus.com\/tag-fast-robuste-edelstahlnadel\/"},"modified":"2025-10-17T15:37:01","modified_gmt":"2025-10-17T13:37:01","slug":"tag-fast-robuste-edelstahlnadel","status":"publish","type":"product","link":"https:\/\/stularplus.com\/de\/tag-fast-robuste-edelstahlnadel\/","title":{"rendered":"TAG FAST ROBUSTE EDELSTAHLNADEL"},"content":{"rendered":"<p><strong>Avery Dennison<\/strong> bietet eine der <strong>besten L\u00f6sungen<\/strong> f\u00fcr die <strong>Fleischetikettierung.<\/strong><br \/>\nW\u00e4hlen Sie die spezielle <strong>Edelstahlnadel<\/strong> von Avery Dennison f\u00fcr die <strong>Fleischetikettierung.<\/strong><\/p>\n<p>Entwickelt f\u00fcr den robusten Einsatz, wie z. B. Fleischetikettierungsanwendungen.<br \/>\nExtra starke Doppelstegbefestigungen sorgen f\u00fcr einen festen Halt und eine einfache und vollst\u00e4ndige Entfernung.<\/p>\n<p><strong>FDA-gepr\u00fcft und hergestellt aus lebensmittelechten, zertifizierten Materialien.<\/strong><\/p>\n","protected":false},"excerpt":{"rendered":"<p><b>Edelstahlnadeln, die mit dem Fleischetikettierwerkzeug verwendet werden, sind korrosionsbest\u00e4ndig.<\/b> Die beste L\u00f6sung f\u00fcr die Etikettierung von Fleisch und Fisch. Der Preis gilt f\u00fcr ein SET mit 5 Nadeln. <\/p>\n","protected":false},"featured_media":10688,"template":"","meta":[],"product_cat":[247],"product_tag":[],"_links":{"self":[{"href":"https:\/\/stularplus.com\/de\/wp-json\/wp\/v2\/product\/10730"}],"collection":[{"href":"https:\/\/stularplus.com\/de\/wp-json\/wp\/v2\/product"}],"about":[{"href":"https:\/\/stularplus.com\/de\/wp-json\/wp\/v2\/types\/product"}],"wp:featuredmedia":[{"embeddable":true,"href":"https:\/\/stularplus.com\/de\/wp-json\/wp\/v2\/media\/10688"}],"wp:attachment":[{"href":"https:\/\/stularplus.com\/de\/wp-json\/wp\/v2\/media?parent=10730"}],"wp:term":[{"taxonomy":"product_cat","embeddable":true,"href":"https:\/\/stularplus.com\/de\/wp-json\/wp\/v2\/product_cat?post=10730"},{"taxonomy":"product_tag","embeddable":true,"href":"https:\/\/stularplus.com\/de\/wp-json\/wp\/v2\/product_tag?post=10730"}],"curies":[{"name":"wp","href":"https:\/\/api.w.org\/{rel}","templated":true}]}}