{"id":10731,"date":"2021-12-05T02:29:20","date_gmt":"2021-12-05T01:29:20","guid":{"rendered":"https:\/\/stularplus.com\/40-mm-tageasy-standard-pp-befestigungselemente\/"},"modified":"2025-10-17T15:38:55","modified_gmt":"2025-10-17T13:38:55","slug":"40-mm-tageasy-standard-pp-befestigungselemente","status":"publish","type":"product","link":"https:\/\/stularplus.com\/de\/40-mm-tageasy-standard-pp-befestigungselemente\/","title":{"rendered":"40 mm TagEasy Standard-PP-Befestigungselemente"},"content":{"rendered":"<div class=\"elementor-element elementor-element-219ff3a elementor-widget elementor-widget-woocommerce-product-content\" data-id=\"219ff3a\" data-element_type=\"widget\" data-widget_type=\"woocommerce-product-content.default\">\n<div class=\"elementor-widget-container\">\n<div class=\"elementor-element elementor-element-93a7a1e elementor-widget elementor-widget-woocommerce-product-content\" data-id=\"93a7a1e\" data-element_type=\"widget\" data-widget_type=\"woocommerce-product-content.default\">\n<div class=\"elementor-widget-container\">\n<p><strong>Tag Easy Befestigungselemente<\/strong> werden aus feinstem Polypropylen (PP) in der Economy-Reihe hergestellt. <strong>Tag Easy<\/strong> ist eine Marke des Herstellers Avery Dennison. Bei der Wahl zwischen Preis und Qualit\u00e4t ist <strong>Tag Easy<\/strong> definitiv die beste Wahl. <\/p>\n<p>Ideal zum <strong>Etikettieren<\/strong> aller Standardmaterialien. Avery Dennison Swiftach <g id=\"gid_1\">Etikettiernadeln<\/g> bieten die gr\u00f6\u00dfte Auswahl an Gr\u00f6\u00dfen und Farben f\u00fcr jede allgemeine Etikettieranwendung. Der gro\u00dfe Paddelkopf bietet einen zus\u00e4tzlichen Vorteil: Er verhindert den Ticketwechsel.  <\/p>\n<p><strong>Ein Karton enth\u00e4lt 5000 Befestiger (der Preis gilt pro Karton mit 5.000 St\u00fcck).<\/strong><\/p>\n<p>Tag Easy-Befestiger sind mit allen Standard-Etikettierpistolen kompatibel.<\/p>\n<p><strong>Profitieren Sie von Mengenrabatten!<\/strong><br \/>\nGewicht: 0,07 kg\/Tsd.<\/p>\n<\/div>\n<\/div>\n<\/div>\n<\/div>\n","protected":false},"excerpt":{"rendered":"<p><b>40 mm (PP) Standard-Paddelbefestigungselemente<\/b> zum Etikettieren (Economy-Reihe). <b>Etikettiernadeln<\/b> sind ideal zum <b>Etikettieren<\/b> von Standardmaterialien und Stoffen. Der Preis gilt pro Schachtel mit 5.000 St\u00fcck. <\/p>\n","protected":false},"featured_media":10732,"template":"","meta":[],"product_cat":[],"product_tag":[],"_links":{"self":[{"href":"https:\/\/stularplus.com\/de\/wp-json\/wp\/v2\/product\/10731"}],"collection":[{"href":"https:\/\/stularplus.com\/de\/wp-json\/wp\/v2\/product"}],"about":[{"href":"https:\/\/stularplus.com\/de\/wp-json\/wp\/v2\/types\/product"}],"wp:featuredmedia":[{"embeddable":true,"href":"https:\/\/stularplus.com\/de\/wp-json\/wp\/v2\/media\/10732"}],"wp:attachment":[{"href":"https:\/\/stularplus.com\/de\/wp-json\/wp\/v2\/media?parent=10731"}],"wp:term":[{"taxonomy":"product_cat","embeddable":true,"href":"https:\/\/stularplus.com\/de\/wp-json\/wp\/v2\/product_cat?post=10731"},{"taxonomy":"product_tag","embeddable":true,"href":"https:\/\/stularplus.com\/de\/wp-json\/wp\/v2\/product_tag?post=10731"}],"curies":[{"name":"wp","href":"https:\/\/api.w.org\/{rel}","templated":true}]}}