{"id":10768,"date":"2021-12-05T02:29:23","date_gmt":"2021-12-05T01:29:23","guid":{"rendered":"https:\/\/stularplus.com\/25-mm-tageasy-haken-aus-pp\/"},"modified":"2025-10-17T15:33:14","modified_gmt":"2025-10-17T13:33:14","slug":"25-mm-tageasy-haken-aus-pp","status":"publish","type":"product","link":"https:\/\/stularplus.com\/de\/25-mm-tageasy-haken-aus-pp\/","title":{"rendered":"25-mm-TagEasy-Haken aus PP"},"content":{"rendered":"<div class=\"elementor-element elementor-element-93a7a1e elementor-widget elementor-widget-woocommerce-product-content\" data-id=\"93a7a1e\" data-element_type=\"widget\" data-widget_type=\"woocommerce-product-content.default\">\n<div class=\"elementor-widget-container\">\n<div class=\"elementor-element elementor-element-219ff3a elementor-widget elementor-widget-woocommerce-product-content\" data-id=\"219ff3a\" data-element_type=\"widget\" data-widget_type=\"woocommerce-product-content.default\">\n<div class=\"elementor-widget-container\">\n<div class=\"elementor-element elementor-element-93a7a1e elementor-widget elementor-widget-woocommerce-product-content\" data-id=\"93a7a1e\" data-element_type=\"widget\" data-widget_type=\"woocommerce-product-content.default\">\n<div class=\"elementor-widget-container\">\n<p><strong>25-MM-Economy-Haken aus PP<\/strong> eignen sich perfekt zum Auszeichnen von H\u00fcten, Socken usw.<\/p>\n<p>Die einfache und produktive L\u00f6sung von Avery Dennison f\u00fcr Verpackungs-, Befestigungs- und Displayanwendungen. Strumpfwaren und Kopfbedeckungen sind ideal f\u00fcr diese Art von Verschluss geeignet. Sie k\u00f6nnen mit jedem Standardwerkzeug und jeder Standardnadel angebracht werden.  <\/p>\n<p>Gewicht: 0,16 kg\/Tsd.<\/p>\n<p><strong>Profitieren Sie von Mengenrabatten!<\/strong><\/p>\n<\/div>\n<\/div>\n<\/div>\n<\/div>\n<\/div>\n<\/div>\n","protected":false},"excerpt":{"rendered":"<p><b>25 mm Economy-HAKEN PP \u2013 zum Auszeichnen von H\u00fcten, M\u00fctzen, Socken, Handschuhen<\/b> \u2013 Der Preis gilt pro Karton mit 5.000 Haken. Vom f\u00fchrenden Hersteller Avery Dennison. <\/p>\n","protected":false},"featured_media":10771,"template":"","meta":[],"product_cat":[249],"product_tag":[],"_links":{"self":[{"href":"https:\/\/stularplus.com\/de\/wp-json\/wp\/v2\/product\/10768"}],"collection":[{"href":"https:\/\/stularplus.com\/de\/wp-json\/wp\/v2\/product"}],"about":[{"href":"https:\/\/stularplus.com\/de\/wp-json\/wp\/v2\/types\/product"}],"wp:featuredmedia":[{"embeddable":true,"href":"https:\/\/stularplus.com\/de\/wp-json\/wp\/v2\/media\/10771"}],"wp:attachment":[{"href":"https:\/\/stularplus.com\/de\/wp-json\/wp\/v2\/media?parent=10768"}],"wp:term":[{"taxonomy":"product_cat","embeddable":true,"href":"https:\/\/stularplus.com\/de\/wp-json\/wp\/v2\/product_cat?post=10768"},{"taxonomy":"product_tag","embeddable":true,"href":"https:\/\/stularplus.com\/de\/wp-json\/wp\/v2\/product_tag?post=10768"}],"curies":[{"name":"wp","href":"https:\/\/api.w.org\/{rel}","templated":true}]}}