{"id":10775,"date":"2021-12-05T02:29:24","date_gmt":"2021-12-05T01:29:24","guid":{"rendered":"https:\/\/stularplus.com\/25-mm-tageasy-pp-heftfaeden-fuer-feine-stoffe\/"},"modified":"2025-10-21T21:29:28","modified_gmt":"2025-10-21T19:29:28","slug":"25-mm-tageasy-pp-heftfaeden-fuer-feine-stoffe","status":"publish","type":"product","link":"https:\/\/stularplus.com\/de\/25-mm-tageasy-pp-heftfaeden-fuer-feine-stoffe\/","title":{"rendered":"25 mm TagEasy PP-Heftf\u00e4den f\u00fcr feine Stoffe"},"content":{"rendered":"<div class=\"elementor-element elementor-element-219ff3a elementor-widget elementor-widget-woocommerce-product-content\" data-id=\"219ff3a\" data-element_type=\"widget\" data-widget_type=\"woocommerce-product-content.default\">\n<div class=\"elementor-widget-container\">\n<div class=\"elementor-element elementor-element-93a7a1e elementor-widget elementor-widget-woocommerce-product-content\" data-id=\"93a7a1e\" data-element_type=\"widget\" data-widget_type=\"woocommerce-product-content.default\">\n<div class=\"elementor-widget-container\">\n<p>Jeder <strong>Heftfaden<\/strong> ist so geformt, dass er ein kleineres Profil hat, um <strong>das Risiko von L\u00f6chern und Laufmaschen zu reduzieren<\/strong>. Paddel-Stil-<strong>Heftf\u00e4den<\/strong> eignen sich zum Einf\u00fchren in dicht gewebte und empfindliche Vliesstoffe. <\/p>\n<p><strong>Tag Easy Befestigungselemente<\/strong> werden aus feinstem Polypropylen (PP) im preisg\u00fcnstigen Segment hergestellt. Tag Easy <strong>Pins<\/strong> stammen vom Markenhersteller <strong>Avery Dennison<\/strong>.  When choosing between price and quality, <strong>Tag Easy<\/strong> is definitely the best choice.<\/p>\n<p>Ideal zum <strong>Etikettieren aller feinen Materialien<\/strong>. Avery Dennison Swiftach <g id=\"gid_1\">Etikettierf\u00e4den<\/g> bieten die gr\u00f6\u00dfte Auswahl an Gr\u00f6\u00dfen und Farben f\u00fcr jede allgemeine Etikettieranwendung. Der gro\u00dfe Paddel-KOPF bietet einen zus\u00e4tzlichen Vorteil: Er verhindert das Vertauschen von Etiketten.  <\/p>\n<p><strong>Tag Easy Heftf\u00e4den<\/strong> sind kompatibel mit allen <strong>Fein-Etikettierpistolen<\/strong>. Fine Fabric ist das richtige System, um das Risiko von L\u00f6chern und Laufmaschen zu reduzieren, wenn Etiketten an dicht gewebten Stoffen wie Seide, feiner Leinen und Babykleidung angebracht werden. <\/p>\n<p><strong>Profitieren Sie von Mengenrabatten!<\/strong><\/p>\n<p>Gewicht: 0,07 kg\/Tsd.<\/p>\n<p>Ein Karton enth\u00e4lt 5.000 Heftf\u00e4den.<\/p>\n<\/div>\n<\/div>\n<\/div>\n<\/div>\n","protected":false},"excerpt":{"rendered":"<p><b>25 mm (PP) feine Paddel-Heftf\u00e4den zum Etikettieren (Economy-Serie).<\/b> Etikettierf\u00e4den sind ideal <strong>zum Etikettieren von FEINEN Materialien<\/strong> und Stoffen. Der Preis gilt pro Karton mit 5.000 St\u00fcck. <\/p>\n","protected":false},"featured_media":10777,"template":"","meta":[],"product_cat":[223],"product_tag":[],"_links":{"self":[{"href":"https:\/\/stularplus.com\/de\/wp-json\/wp\/v2\/product\/10775"}],"collection":[{"href":"https:\/\/stularplus.com\/de\/wp-json\/wp\/v2\/product"}],"about":[{"href":"https:\/\/stularplus.com\/de\/wp-json\/wp\/v2\/types\/product"}],"wp:featuredmedia":[{"embeddable":true,"href":"https:\/\/stularplus.com\/de\/wp-json\/wp\/v2\/media\/10777"}],"wp:attachment":[{"href":"https:\/\/stularplus.com\/de\/wp-json\/wp\/v2\/media?parent=10775"}],"wp:term":[{"taxonomy":"product_cat","embeddable":true,"href":"https:\/\/stularplus.com\/de\/wp-json\/wp\/v2\/product_cat?post=10775"},{"taxonomy":"product_tag","embeddable":true,"href":"https:\/\/stularplus.com\/de\/wp-json\/wp\/v2\/product_tag?post=10775"}],"curies":[{"name":"wp","href":"https:\/\/api.w.org\/{rel}","templated":true}]}}