{"id":10790,"date":"2021-12-05T02:29:24","date_gmt":"2021-12-05T01:29:24","guid":{"rendered":"https:\/\/stularplus.com\/20mm-swiftach-standard-ny-blau-fleischbefestiger\/"},"modified":"2025-10-17T15:35:27","modified_gmt":"2025-10-17T13:35:27","slug":"20mm-swiftach-standard-ny-blau-fleischbefestiger","status":"publish","type":"product","link":"https:\/\/stularplus.com\/de\/20mm-swiftach-standard-ny-blau-fleischbefestiger\/","title":{"rendered":"20mm Swiftach Standard NY Blau &#8211; Fleischbefestiger"},"content":{"rendered":"<p>Entwickelt f\u00fcr den robusten Einsatz, wie zum Beispiel f\u00fcr <strong>Fleischkennzeichnungsanwendungen<\/strong>. <strong>Spezielle Nylon6-Befestiger<\/strong> bieten einen festen Halt f\u00fcr eine einfache und vollst\u00e4ndige Entfernung. <strong>FDA-zugelassen<\/strong> und aus lebensmittelechten Materialien hergestellt.<\/p>\n<p>Diese einzigartigen <strong>Fleischbefestiger<\/strong> wurden neu entwickelt, um sie besser als je zuvor zu machen.<\/p>\n<p>Hauptmerkmale und Vorteile:<br \/>\n&#8211; Die Verdoppelung der Befestiger pro Clip auf 50 erm\u00f6glicht eine h\u00f6here Produktivit\u00e4t<br \/>\n&#8211; Nylon 6\/6 Material enth\u00e4lt kein Caprolactam (ein toxisches Reizmittel).<br \/>\n&#8211; Befestiger haben eine um 25 % h\u00f6here Zugfestigkeit.<\/p>\n<p>Zum Anbringen von <strong>TagFast Befestigern<\/strong> verwenden Sie ausschlie\u00dflich das Avery Dennison <strong>Fleischkennzeichnungsger\u00e4t<\/strong>.<\/p>\n<p><strong>F\u00fcr weitere Informationen und kostenlose Muster kontaktieren Sie uns bitte.<\/strong><\/p>\n<p>Gewicht: 0,07 kg\/Tsd.<\/p>\n<p><strong>PREIS pro Karton mit 5.000 Stk.<\/strong><\/p>\n","protected":false},"excerpt":{"rendered":"<p><b>20mm (PP) Blue Box Fleischbefestiger<\/b> zur Kennzeichnung von Fleisch und Fisch. Der Preis gilt pro Karton mit 5.000 Stk. <\/p>\n","protected":false},"featured_media":10792,"template":"","meta":[],"product_cat":[232],"product_tag":[],"_links":{"self":[{"href":"https:\/\/stularplus.com\/de\/wp-json\/wp\/v2\/product\/10790"}],"collection":[{"href":"https:\/\/stularplus.com\/de\/wp-json\/wp\/v2\/product"}],"about":[{"href":"https:\/\/stularplus.com\/de\/wp-json\/wp\/v2\/types\/product"}],"wp:featuredmedia":[{"embeddable":true,"href":"https:\/\/stularplus.com\/de\/wp-json\/wp\/v2\/media\/10792"}],"wp:attachment":[{"href":"https:\/\/stularplus.com\/de\/wp-json\/wp\/v2\/media?parent=10790"}],"wp:term":[{"taxonomy":"product_cat","embeddable":true,"href":"https:\/\/stularplus.com\/de\/wp-json\/wp\/v2\/product_cat?post=10790"},{"taxonomy":"product_tag","embeddable":true,"href":"https:\/\/stularplus.com\/de\/wp-json\/wp\/v2\/product_tag?post=10790"}],"curies":[{"name":"wp","href":"https:\/\/api.w.org\/{rel}","templated":true}]}}